{"id":43594,"date":"2022-05-29T10:41:22","date_gmt":"2022-05-29T08:41:22","guid":{"rendered":"https:\/\/bojungle.eu\/shop\/product\/b-bathcape-slon-zimbe\/"},"modified":"2022-05-29T10:41:22","modified_gmt":"2022-05-29T10:41:22","slug":"b-bathcape-zimbe-the-elephant","status":"publish","type":"product","link":"https:\/\/www.bojungle.eu\/pl\/produkt\/b-bathcape-zimbe-the-elephant\/","title":{"rendered":"B-Bathcape S\u0142o\u0144 Zimbe"},"content":{"rendered":"<ul>\n<li>Te pi\u0119kne pelerynki k\u0105pielowe o tematyce d\u017cungli sprawi\u0105, \u017ce czas k\u0105pieli Twojego dziecka b\u0119dzie o wiele przyjemniejszy.<\/li>\n<li>Pelerynki k\u0105pielowe maj\u0105 jedn\u0105 stron\u0119 wykonan\u0105 z mi\u0119kkiej tkaniny frotte, kt\u00f3ra mo\u017ce by\u0107 u\u017cywana jako r\u0119cznik, a drug\u0105 z polaru, kt\u00f3ry mo\u017ce by\u0107 r\u00f3wnie\u017c u\u017cywany jako koc.<\/li>\n<li>Zwierz\u0119ta z d\u017cungli zapewni\u0105 g\u0142\u00f3wce dziecka przyjemne i ciep\u0142e ciep\u0142o<\/li>\n<li>Wymiary: +- 75 x 75 cm<\/li>\n<\/ul>\n","protected":false},"excerpt":{"rendered":"<p>Te pi\u0119kne pelerynki k\u0105pielowe o tematyce d\u017cungli sprawi\u0105, \u017ce czas k\u0105pieli Twojego dziecka b\u0119dzie o wiele przyjemniejszy.<\/p>\n","protected":false},"featured_media":68642,"comment_status":"closed","ping_status":"closed","template":"","meta":{"_lmt_disableupdate":"","_lmt_disable":""},"product_brand":[],"product_cat":[822,522],"product_tag":[],"woo-feed-brand":[],"class_list":{"0":"post-43594","1":"product","2":"type-product","3":"status-publish","4":"has-post-thumbnail","6":"product_cat-bathcapes-pl","7":"product_cat-pielegnacja-skory","9":"first","10":"instock","11":"taxable","12":"shipping-taxable","13":"purchasable","14":"product-type-simple"},"_links":{"self":[{"href":"https:\/\/www.bojungle.eu\/pl\/wp-json\/wp\/v2\/product\/43594","targetHints":{"allow":["GET"]}}],"collection":[{"href":"https:\/\/www.bojungle.eu\/pl\/wp-json\/wp\/v2\/product"}],"about":[{"href":"https:\/\/www.bojungle.eu\/pl\/wp-json\/wp\/v2\/types\/product"}],"replies":[{"embeddable":true,"href":"https:\/\/www.bojungle.eu\/pl\/wp-json\/wp\/v2\/comments?post=43594"}],"version-history":[{"count":0,"href":"https:\/\/www.bojungle.eu\/pl\/wp-json\/wp\/v2\/product\/43594\/revisions"}],"wp:featuredmedia":[{"embeddable":true,"href":"https:\/\/www.bojungle.eu\/pl\/wp-json\/wp\/v2\/media\/68642"}],"wp:attachment":[{"href":"https:\/\/www.bojungle.eu\/pl\/wp-json\/wp\/v2\/media?parent=43594"}],"wp:term":[{"taxonomy":"product_brand","embeddable":true,"href":"https:\/\/www.bojungle.eu\/pl\/wp-json\/wp\/v2\/product_brand?post=43594"},{"taxonomy":"product_cat","embeddable":true,"href":"https:\/\/www.bojungle.eu\/pl\/wp-json\/wp\/v2\/product_cat?post=43594"},{"taxonomy":"product_tag","embeddable":true,"href":"https:\/\/www.bojungle.eu\/pl\/wp-json\/wp\/v2\/product_tag?post=43594"},{"taxonomy":"woo-feed-brand","embeddable":true,"href":"https:\/\/www.bojungle.eu\/pl\/wp-json\/wp\/v2\/woo-feed-brand?post=43594"}],"curies":[{"name":"wp","href":"https:\/\/api.w.org\/{rel}","templated":true}]}}