{"id":43660,"date":"2022-05-29T10:35:47","date_gmt":"2022-05-29T08:35:47","guid":{"rendered":"https:\/\/bojungle.eu\/shop\/product\/b-bathcape-ecological-sponge-bear-blue-green\/"},"modified":"2022-05-29T10:35:47","modified_gmt":"2022-05-29T10:35:47","slug":"b-bathcape-ekologiczna-gabka-niedzwiedz-niebiesko-zielona","status":"publish","type":"product","link":"https:\/\/www.bojungle.eu\/pl\/produkt\/b-bathcape-ekologiczna-gabka-niedzwiedz-niebiesko-zielona\/","title":{"rendered":"B-Bathcape Ecological Sponge Bear Blue\/Green"},"content":{"rendered":"<ul>\n<li>Czynnik dotykalno\u015bci staje si\u0119 coraz wi\u0119kszy! Peleryny z wyj\u0105tkowymi wzorami zawsze maj\u0105 kaptur, dzi\u0119ki czemu g\u0142\u00f3wka dziecka pozostanie mi\u0142a i ciep\u0142a zaraz po wyj\u015bciu z k\u0105pieli. Peleryny k\u0105pielowe wykonane s\u0105 w 100% z bawe\u0142ny organicznej. S\u0105 mi\u0119kkie, dobrze wch\u0142aniaj\u0105 i s\u0105 niezwykle urocze.<\/li>\n<li>Wymiary: 90 x 90 cm<\/li>\n<li>Biocotton: 450 GSM<\/li>\n<\/ul>\n","protected":false},"excerpt":{"rendered":"<p>Czynnik dotykalno\u015bci staje si\u0119 coraz wi\u0119kszy! Peleryny z wyj\u0105tkowymi wzorami zawsze maj\u0105 kaptur, dzi\u0119ki czemu g\u0142\u00f3wka dziecka pozostanie mi\u0142a i ciep\u0142a zaraz po wyj\u015bciu z k\u0105pieli. Peleryny k\u0105pielowe wykonane s\u0105 w 100% z bawe\u0142ny organicznej. S\u0105 mi\u0119kkie, dobrze wch\u0142aniaj\u0105 i s\u0105 niezwykle urocze.<\/p>\n","protected":false},"featured_media":51953,"comment_status":"closed","ping_status":"closed","template":"","meta":{"_lmt_disableupdate":"","_lmt_disable":""},"product_brand":[],"product_cat":[822,522],"product_tag":[],"woo-feed-brand":[],"class_list":{"0":"post-43660","1":"product","2":"type-product","3":"status-publish","4":"has-post-thumbnail","6":"product_cat-bathcapes-pl","7":"product_cat-pielegnacja-skory","9":"first","10":"instock","11":"taxable","12":"shipping-taxable","13":"purchasable","14":"product-type-simple"},"_links":{"self":[{"href":"https:\/\/www.bojungle.eu\/pl\/wp-json\/wp\/v2\/product\/43660","targetHints":{"allow":["GET"]}}],"collection":[{"href":"https:\/\/www.bojungle.eu\/pl\/wp-json\/wp\/v2\/product"}],"about":[{"href":"https:\/\/www.bojungle.eu\/pl\/wp-json\/wp\/v2\/types\/product"}],"replies":[{"embeddable":true,"href":"https:\/\/www.bojungle.eu\/pl\/wp-json\/wp\/v2\/comments?post=43660"}],"version-history":[{"count":0,"href":"https:\/\/www.bojungle.eu\/pl\/wp-json\/wp\/v2\/product\/43660\/revisions"}],"wp:featuredmedia":[{"embeddable":true,"href":"https:\/\/www.bojungle.eu\/pl\/wp-json\/wp\/v2\/media\/51953"}],"wp:attachment":[{"href":"https:\/\/www.bojungle.eu\/pl\/wp-json\/wp\/v2\/media?parent=43660"}],"wp:term":[{"taxonomy":"product_brand","embeddable":true,"href":"https:\/\/www.bojungle.eu\/pl\/wp-json\/wp\/v2\/product_brand?post=43660"},{"taxonomy":"product_cat","embeddable":true,"href":"https:\/\/www.bojungle.eu\/pl\/wp-json\/wp\/v2\/product_cat?post=43660"},{"taxonomy":"product_tag","embeddable":true,"href":"https:\/\/www.bojungle.eu\/pl\/wp-json\/wp\/v2\/product_tag?post=43660"},{"taxonomy":"woo-feed-brand","embeddable":true,"href":"https:\/\/www.bojungle.eu\/pl\/wp-json\/wp\/v2\/woo-feed-brand?post=43660"}],"curies":[{"name":"wp","href":"https:\/\/api.w.org\/{rel}","templated":true}]}}