{"id":43667,"date":"2022-05-29T10:34:56","date_gmt":"2022-05-29T08:34:56","guid":{"rendered":"https:\/\/bojungle.eu\/shop\/product\/b-bath-seat-grey-white\/"},"modified":"2025-05-27T09:23:06","modified_gmt":"2025-05-27T07:23:06","slug":"b-bath-seat-grey-white","status":"publish","type":"product","link":"https:\/\/www.bojungle.eu\/pl\/produkt\/b-bath-seat-grey-white\/","title":{"rendered":"B-Bath Seat Grey\/White"},"content":{"rendered":"<p>Odkryj nasz fotelik do k\u0105pieli Grey\/White &#8211; najlepsze rozwi\u0105zanie dla bezpiecznej i przyjemnej k\u0105pieli Twojego malucha! Wykonany z dba\u0142o\u015bci\u0105 o szczeg\u00f3\u0142y, ten fotelik k\u0105pielowy obiecuje wznie\u015b\u0107 zabaw\u0119 w wodzie na nowy poziom. <\/p>\n<p>Zaprojektowane z my\u015bl\u0105 o stabilno\u015bci i bezpiecze\u0144stwie, nasze siedzisko do k\u0105pieli posiada cztery mocne przyssawki, kt\u00f3re mocno przylegaj\u0105 do powierzchni wanny, zapewniaj\u0105c dziecku stabiln\u0105 podstaw\u0119. Mo\u017cesz mie\u0107 pewno\u015b\u0107, \u017ce Tw\u00f3j ma\u0142y pluskacz pozostanie bezpiecznie na swoim miejscu podczas k\u0105pieli. <\/p>\n<p>Rozumiemy, jak wa\u017cny jest komfort podczas k\u0105pieli, dlatego nasz fotelik do k\u0105pieli ma wysokie oparcie i podparcie ramion. Ta ergonomiczna konstrukcja zapewnia dziecku optymalne wsparcie, pozwalaj\u0105c mu si\u0119 zrelaksowa\u0107 i w pe\u0142ni cieszy\u0107 k\u0105piel\u0105. Ale to nie wszystko &#8211; nasz fotelik do k\u0105pieli jest wyposa\u017cony w trzy zintegrowane zabawki, dodaj\u0105c dodatkowy element rozrywki do k\u0105pieli. Obserwuj, jak Tw\u00f3j maluch chichocze i bawi si\u0119 tymi wspania\u0142ymi zabawkami, dzi\u0119ki czemu czas k\u0105pieli b\u0119dzie jeszcze przyjemniejszy.   <\/p>\n<p>Bezpiecze\u0144stwo jest najwa\u017cniejsze, dlatego nasz fotelik do k\u0105pieli zosta\u0142 zaprojektowany z wygodnym przednim otworem. Ta funkcja umo\u017cliwia dziecku \u0142atwe wchodzenie i wychodzenie z fotelika bez ryzyka obra\u017ce\u0144, zapewniaj\u0105c rodzicom spok\u00f3j ducha. <\/p>\n<p>Po\u017cegnaj si\u0119 ze zmaganiami podczas k\u0105pieli i przywitaj si\u0119 z bezproblemow\u0105 zabaw\u0105 z naszym fotelikiem k\u0105pielowym Grey\/White. Przekszta\u0142\u0107 rutyn\u0119 k\u0105pieli swojego dziecka w przygod\u0119, kt\u00f3rej nie b\u0119dzie mog\u0142o si\u0119 doczeka\u0107 ka\u017cdego dnia. Zam\u00f3w sw\u00f3j fotelik ju\u017c dzi\u015b i rozkoszuj si\u0119 k\u0105piel\u0105!  <\/p>\n<p>&nbsp;<\/p>\n<table border=\"1\">\n<tbody>\n<tr>\n<td>Podr\u0119cznik<\/td>\n<td><a href=\"https:\/\/www.bojungle.eu\/wp-content\/uploads\/2025\/05\/Manual-B400700.pdf\">Kliknij tutaj<\/a><\/td>\n<\/tr>\n<\/tbody>\n<\/table>\n","protected":false},"excerpt":{"rendered":"<p>Odkryj nasz fotelik do k\u0105pieli Grey\/White &#8211; najlepsze po\u0142\u0105czenie bezpiecze\u0144stwa i zabawy podczas k\u0105pieli Twojego malucha. Dzi\u0119ki czterem mocnym przyssawkom zapewniaj\u0105cym stabilno\u015b\u0107, wysokiemu podparciu plec\u00f3w i ramion dla wygody, trzem zintegrowanym zabawkom dla rozrywki i wygodnemu otwarciu z przodu dla \u0142atwego dost\u0119pu, czas k\u0105pieli nigdy nie by\u0142 tak przyjemny i beztroski. Przygotuj si\u0119 na plusk wody z naszym fotelikiem k\u0105pielowym Grey\/White!  <\/p>\n","protected":false},"featured_media":69302,"comment_status":"closed","ping_status":"closed","template":"","meta":{"_lmt_disableupdate":"","_lmt_disable":""},"product_brand":[],"product_cat":[590,522],"product_tag":[],"woo-feed-brand":[],"class_list":{"0":"post-43667","1":"product","2":"type-product","3":"status-publish","4":"has-post-thumbnail","6":"product_cat-dziecko-w-kapieli","7":"product_cat-pielegnacja-skory","9":"first","10":"outofstock","11":"taxable","12":"shipping-taxable","13":"purchasable","14":"product-type-simple"},"_links":{"self":[{"href":"https:\/\/www.bojungle.eu\/pl\/wp-json\/wp\/v2\/product\/43667","targetHints":{"allow":["GET"]}}],"collection":[{"href":"https:\/\/www.bojungle.eu\/pl\/wp-json\/wp\/v2\/product"}],"about":[{"href":"https:\/\/www.bojungle.eu\/pl\/wp-json\/wp\/v2\/types\/product"}],"replies":[{"embeddable":true,"href":"https:\/\/www.bojungle.eu\/pl\/wp-json\/wp\/v2\/comments?post=43667"}],"version-history":[{"count":2,"href":"https:\/\/www.bojungle.eu\/pl\/wp-json\/wp\/v2\/product\/43667\/revisions"}],"predecessor-version":[{"id":79966,"href":"https:\/\/www.bojungle.eu\/pl\/wp-json\/wp\/v2\/product\/43667\/revisions\/79966"}],"wp:featuredmedia":[{"embeddable":true,"href":"https:\/\/www.bojungle.eu\/pl\/wp-json\/wp\/v2\/media\/69302"}],"wp:attachment":[{"href":"https:\/\/www.bojungle.eu\/pl\/wp-json\/wp\/v2\/media?parent=43667"}],"wp:term":[{"taxonomy":"product_brand","embeddable":true,"href":"https:\/\/www.bojungle.eu\/pl\/wp-json\/wp\/v2\/product_brand?post=43667"},{"taxonomy":"product_cat","embeddable":true,"href":"https:\/\/www.bojungle.eu\/pl\/wp-json\/wp\/v2\/product_cat?post=43667"},{"taxonomy":"product_tag","embeddable":true,"href":"https:\/\/www.bojungle.eu\/pl\/wp-json\/wp\/v2\/product_tag?post=43667"},{"taxonomy":"woo-feed-brand","embeddable":true,"href":"https:\/\/www.bojungle.eu\/pl\/wp-json\/wp\/v2\/woo-feed-brand?post=43667"}],"curies":[{"name":"wp","href":"https:\/\/api.w.org\/{rel}","templated":true}]}}