{"id":43680,"date":"2022-05-29T10:34:57","date_gmt":"2022-05-29T08:34:57","guid":{"rendered":"https:\/\/bojungle.eu\/shop\/product\/ksztalty-z-pianki-b-bath-36-szt\/"},"modified":"2024-04-15T16:51:12","modified_gmt":"2024-04-15T14:51:12","slug":"b-bath-foam-shapes-36-pcs","status":"publish","type":"product","link":"https:\/\/www.bojungle.eu\/pl\/produkt\/b-bath-foam-shapes-36-pcs\/","title":{"rendered":"Kszta\u0142ty z pianki B-Bath (36 szt.)"},"content":{"rendered":"<p>Przygotuj si\u0119 na \u015bwietn\u0105 zabaw\u0119 z naszymi piankowymi kszta\u0142tami do k\u0105pieli! Dzi\u0119ki a\u017c 36 r\u00f3\u017cnym kszta\u0142tom i kolorom czas k\u0105pieli sta\u0142 si\u0119 o wiele bardziej ekscytuj\u0105cy. Twoje dziecko mo\u017ce przyklei\u0107 je do p\u0142ytek lub wanny, aby uzyska\u0107 jeszcze wi\u0119cej opcji zabawy. Wyobra\u017a sobie, \u017ce budujesz \u015bcian\u0119 pe\u0142n\u0105 piankowych kszta\u0142t\u00f3w &#8211; mo\u017cliwo\u015bci s\u0105 nieograniczone! I nie martw si\u0119, te piankowe kszta\u0142ty s\u0105 super bezpieczne i spe\u0142niaj\u0105 europejskie standardy jako\u015bci. Po co wi\u0119c zadowala\u0107 si\u0119 nudn\u0105 chwil\u0105 w wannie, skoro mo\u017cna zrobi\u0107 plusk z naszymi piankowymi kszta\u0142tami do k\u0105pieli? Niech rozpocznie si\u0119 przygoda!  <\/p>\n","protected":false},"excerpt":{"rendered":"<div class=\"w-full text-token-text-primary\" dir=\"auto\" data-testid=\"conversation-turn-5\">\n<div class=\"px-4 py-2 justify-center text-base md:gap-6 m-auto\">\n<div class=\"flex flex-1 text-base mx-auto gap-3 juice:gap-4 juice:md:gap-6 md:px-5 lg:px-1 xl:px-5 md:max-w-3xl lg:max-w-[40rem] xl:max-w-[48rem] group\">\n<div class=\"relative flex w-full flex-col agent-turn\">\n<div class=\"flex-col gap-1 md:gap-3\">\n<div class=\"flex flex-grow flex-col max-w-full\">\n<div class=\"min-h-[20px] text-message flex flex-col items-start gap-3 whitespace-pre-wrap break-words [.text-message+&amp;]:mt-5 overflow-x-auto\" dir=\"auto\" data-message-author-role=\"assistant\" data-message-id=\"f0d0dcbb-d22c-4ec2-983d-4ad5d7971b3e\">\n<div class=\"markdown prose w-full break-words dark:prose-invert light\">\n<p>Sprawd\u017a nasze piankowe kszta\u0142ty do k\u0105pieli! 36 r\u00f3\u017cnych kszta\u0142t\u00f3w i kolor\u00f3w sprawi, \u017ce k\u0105piel b\u0119dzie \u015bwietn\u0105 zabaw\u0105. Twoje dziecko mo\u017ce przyklei\u0107 je do p\u0142ytek lub wanny, aby uzyska\u0107 jeszcze wi\u0119cej opcji zabawy. Ponadto s\u0105 bardzo bezpieczne i spe\u0142niaj\u0105 europejskie standardy. Pu\u015b\u0107 wodze fantazji i ciesz si\u0119 k\u0105piel\u0105 jak nigdy dot\u0105d!    <\/p>\n<\/div>\n<\/div>\n<\/div>\n<\/div>\n<\/div>\n<\/div>\n<\/div>\n<\/div>\n","protected":false},"featured_media":73694,"comment_status":"closed","ping_status":"closed","template":"","meta":{"_lmt_disableupdate":"","_lmt_disable":""},"product_brand":[],"product_cat":[522,474,523],"product_tag":[],"woo-feed-brand":[],"class_list":{"0":"post-43680","1":"product","2":"type-product","3":"status-publish","4":"has-post-thumbnail","6":"product_cat-pielegnacja-skory","7":"product_cat-playtime-pl","8":"product_cat-zabawki-do-kapieli","10":"first","11":"instock","12":"taxable","13":"shipping-taxable","14":"purchasable","15":"product-type-simple"},"_links":{"self":[{"href":"https:\/\/www.bojungle.eu\/pl\/wp-json\/wp\/v2\/product\/43680","targetHints":{"allow":["GET"]}}],"collection":[{"href":"https:\/\/www.bojungle.eu\/pl\/wp-json\/wp\/v2\/product"}],"about":[{"href":"https:\/\/www.bojungle.eu\/pl\/wp-json\/wp\/v2\/types\/product"}],"replies":[{"embeddable":true,"href":"https:\/\/www.bojungle.eu\/pl\/wp-json\/wp\/v2\/comments?post=43680"}],"version-history":[{"count":1,"href":"https:\/\/www.bojungle.eu\/pl\/wp-json\/wp\/v2\/product\/43680\/revisions"}],"predecessor-version":[{"id":73794,"href":"https:\/\/www.bojungle.eu\/pl\/wp-json\/wp\/v2\/product\/43680\/revisions\/73794"}],"wp:featuredmedia":[{"embeddable":true,"href":"https:\/\/www.bojungle.eu\/pl\/wp-json\/wp\/v2\/media\/73694"}],"wp:attachment":[{"href":"https:\/\/www.bojungle.eu\/pl\/wp-json\/wp\/v2\/media?parent=43680"}],"wp:term":[{"taxonomy":"product_brand","embeddable":true,"href":"https:\/\/www.bojungle.eu\/pl\/wp-json\/wp\/v2\/product_brand?post=43680"},{"taxonomy":"product_cat","embeddable":true,"href":"https:\/\/www.bojungle.eu\/pl\/wp-json\/wp\/v2\/product_cat?post=43680"},{"taxonomy":"product_tag","embeddable":true,"href":"https:\/\/www.bojungle.eu\/pl\/wp-json\/wp\/v2\/product_tag?post=43680"},{"taxonomy":"woo-feed-brand","embeddable":true,"href":"https:\/\/www.bojungle.eu\/pl\/wp-json\/wp\/v2\/woo-feed-brand?post=43680"}],"curies":[{"name":"wp","href":"https:\/\/api.w.org\/{rel}","templated":true}]}}