{"id":43721,"date":"2022-05-29T10:29:45","date_gmt":"2022-05-29T08:29:45","guid":{"rendered":"https:\/\/bojungle.eu\/shop\/product\/b-bath-bear-grey\/"},"modified":"2025-05-26T14:51:13","modified_gmt":"2025-05-26T12:51:13","slug":"b-bath-bear-grey","status":"publish","type":"product","link":"https:\/\/www.bojungle.eu\/pl\/produkt\/b-bath-bear-grey\/","title":{"rendered":"Nied\u017awied\u017a do k\u0105pieli szary"},"content":{"rendered":"<p>Odkryj Bath Bear Grey &#8211; nowego ulubionego towarzysza k\u0105pieli Twojego dziecka! Dzi\u0119ki uroczemu wzorowi ucha misia i wygodnemu kszta\u0142towi czas k\u0105pieli sta\u0142 si\u0119 o wiele przyjemniejszy.<\/p>\n<p>Ta wanienka dla niemowl\u0105t jest wyposa\u017cona w por\u0119czny reduktor, kt\u00f3ry jest idealny dla noworodk\u00f3w i zabezpiecza je za pomoc\u0105 przyssawek. A gdy nadejdzie czas na spuszczenie wody, wystarczy otworzy\u0107 korek spustowy, aby szybko i \u0142atwo posprz\u0105ta\u0107. <\/p>\n<p>Do zestawu do\u0142\u0105czyli\u015bmy r\u00f3wnie\u017c wyjmowan\u0105 mydelniczk\u0119 wykonan\u0105 z ekologicznego silikonu, dzi\u0119ki czemu wszystkie niezb\u0119dne przybory do k\u0105pieli mo\u017cna mie\u0107 zawsze pod r\u0119k\u0105. Ponadto mo\u017cesz by\u0107 spokojny, wiedz\u0105c, \u017ce Bath Bear Grey nie zawiera BPA, dzi\u0119ki czemu Tw\u00f3j maluch b\u0119dzie bezpieczny podczas przyg\u00f3d z chlapaniem.<\/p>\n<p>&nbsp;<\/p>\n<table border=\"1\">\n<tbody>\n<tr>\n<td>Podr\u0119cznik<\/td>\n<td><a href=\"https:\/\/www.bojungle.eu\/wp-content\/uploads\/2025\/05\/Manual-Bath-Bear.pdf\">Kliknij tutaj<\/a><\/td>\n<\/tr>\n<\/tbody>\n<\/table>\n<p>&nbsp;<\/p>\n","protected":false},"excerpt":{"rendered":"<p>Poznaj misia do k\u0105pieli Grey &#8211; najlepszego towarzysza k\u0105pieli Twojego dziecka! Dzi\u0119ki uroczym uszom nied\u017awiedzia i ergonomicznej konstrukcji czas k\u0105pieli sta\u0142 si\u0119 o wiele s\u0142odszy i wygodniejszy. W komplecie z reduktorem do k\u0105pieli dla noworodk\u00f3w, pokrywk\u0105 u\u0142atwiaj\u0105c\u0105 spuszczanie wody i przyjazn\u0105 dla \u015brodowiska mydelniczk\u0105, jest to idealne po\u0142\u0105czenie zabawy i funkcjonalno\u015bci. Ponadto jest wolny od BPA, co zapewnia spok\u00f3j ducha.   Przygotuj si\u0119 na czyste przygody z misiem k\u0105pielowym Grey!<\/p>\n<p>&nbsp;<\/p>\n","protected":false},"featured_media":68963,"comment_status":"closed","ping_status":"closed","template":"","meta":{"_lmt_disableupdate":"","_lmt_disable":""},"product_brand":[],"product_cat":[590,522],"product_tag":[],"woo-feed-brand":[],"class_list":{"0":"post-43721","1":"product","2":"type-product","3":"status-publish","4":"has-post-thumbnail","6":"product_cat-dziecko-w-kapieli","7":"product_cat-pielegnacja-skory","9":"first","10":"instock","11":"taxable","12":"shipping-taxable","13":"purchasable","14":"product-type-simple"},"_links":{"self":[{"href":"https:\/\/www.bojungle.eu\/pl\/wp-json\/wp\/v2\/product\/43721","targetHints":{"allow":["GET"]}}],"collection":[{"href":"https:\/\/www.bojungle.eu\/pl\/wp-json\/wp\/v2\/product"}],"about":[{"href":"https:\/\/www.bojungle.eu\/pl\/wp-json\/wp\/v2\/types\/product"}],"replies":[{"embeddable":true,"href":"https:\/\/www.bojungle.eu\/pl\/wp-json\/wp\/v2\/comments?post=43721"}],"version-history":[{"count":2,"href":"https:\/\/www.bojungle.eu\/pl\/wp-json\/wp\/v2\/product\/43721\/revisions"}],"predecessor-version":[{"id":79891,"href":"https:\/\/www.bojungle.eu\/pl\/wp-json\/wp\/v2\/product\/43721\/revisions\/79891"}],"wp:featuredmedia":[{"embeddable":true,"href":"https:\/\/www.bojungle.eu\/pl\/wp-json\/wp\/v2\/media\/68963"}],"wp:attachment":[{"href":"https:\/\/www.bojungle.eu\/pl\/wp-json\/wp\/v2\/media?parent=43721"}],"wp:term":[{"taxonomy":"product_brand","embeddable":true,"href":"https:\/\/www.bojungle.eu\/pl\/wp-json\/wp\/v2\/product_brand?post=43721"},{"taxonomy":"product_cat","embeddable":true,"href":"https:\/\/www.bojungle.eu\/pl\/wp-json\/wp\/v2\/product_cat?post=43721"},{"taxonomy":"product_tag","embeddable":true,"href":"https:\/\/www.bojungle.eu\/pl\/wp-json\/wp\/v2\/product_tag?post=43721"},{"taxonomy":"woo-feed-brand","embeddable":true,"href":"https:\/\/www.bojungle.eu\/pl\/wp-json\/wp\/v2\/woo-feed-brand?post=43721"}],"curies":[{"name":"wp","href":"https:\/\/api.w.org\/{rel}","templated":true}]}}