{"id":43743,"date":"2022-05-29T10:26:53","date_gmt":"2022-05-29T08:26:53","guid":{"rendered":"https:\/\/bojungle.eu\/shop\/product\/b-bamboo-base-shape-heart-pink\/"},"modified":"2022-05-29T10:26:53","modified_gmt":"2022-05-29T10:26:53","slug":"b-bambus-baza-ksztalt-serca-rozowy","status":"publish","type":"product","link":"https:\/\/www.bojungle.eu\/pl\/produkt\/b-bambus-baza-ksztalt-serca-rozowy\/","title":{"rendered":"B-Bamboo Base Shape Heart Pink"},"content":{"rendered":"<ul>\n<li>Klasyka odkryta na nowo: sorter kszta\u0142t\u00f3w wykonany z silikonu i dla zr\u00f3wnowa\u017conego i zdrowego produktu!<\/li>\n<li>Umie\u015b\u0107 kszta\u0142ty silikonowe w odpowiednich pude\u0142kach<\/li>\n<li>Ta zabawka pomo\u017ce Twojemu dziecku rozwija\u0107 r\u00f3\u017cne zmys\u0142y: dotyk, wzrok, ale tak\u017ce jego logik\u0119 podczas zabawy!<\/li>\n<li>Design gry i modne kolory, kt\u00f3re spodobaj\u0105 si\u0119 zar\u00f3wno dziecku, jak i rodzicom!<\/li>\n<li>Dla zapewnienia idealnej higieny, silikonowe kszta\u0142ty s\u0105 bezpieczne dla zmywarki i nadaj\u0105 si\u0119 do sterylizacji.<\/li>\n<li>Wysokiej jako\u015bci silikonowe kszta\u0142ty i naturalna bambusowa podstawa<\/li>\n<li>Rozmiar podstawy: 12 x 12 cm<\/li>\n<\/ul>\n","protected":false},"excerpt":{"rendered":"<p>Klasyka odkryta na nowo: sorter kszta\u0142t\u00f3w wykonany z silikonu i dla zr\u00f3wnowa\u017conego i zdrowego produktu!<\/p>\n","protected":false},"featured_media":67578,"comment_status":"closed","ping_status":"closed","template":"","meta":{"_lmt_disableupdate":"","_lmt_disable":""},"product_brand":[],"product_cat":[474,494],"product_tag":[],"woo-feed-brand":[],"class_list":{"0":"post-43743","1":"product","2":"type-product","3":"status-publish","4":"has-post-thumbnail","6":"product_cat-playtime-pl","7":"product_cat-zabawki-silikonowe","9":"first","10":"instock","11":"taxable","12":"shipping-taxable","13":"purchasable","14":"product-type-simple"},"_links":{"self":[{"href":"https:\/\/www.bojungle.eu\/pl\/wp-json\/wp\/v2\/product\/43743","targetHints":{"allow":["GET"]}}],"collection":[{"href":"https:\/\/www.bojungle.eu\/pl\/wp-json\/wp\/v2\/product"}],"about":[{"href":"https:\/\/www.bojungle.eu\/pl\/wp-json\/wp\/v2\/types\/product"}],"replies":[{"embeddable":true,"href":"https:\/\/www.bojungle.eu\/pl\/wp-json\/wp\/v2\/comments?post=43743"}],"version-history":[{"count":0,"href":"https:\/\/www.bojungle.eu\/pl\/wp-json\/wp\/v2\/product\/43743\/revisions"}],"wp:featuredmedia":[{"embeddable":true,"href":"https:\/\/www.bojungle.eu\/pl\/wp-json\/wp\/v2\/media\/67578"}],"wp:attachment":[{"href":"https:\/\/www.bojungle.eu\/pl\/wp-json\/wp\/v2\/media?parent=43743"}],"wp:term":[{"taxonomy":"product_brand","embeddable":true,"href":"https:\/\/www.bojungle.eu\/pl\/wp-json\/wp\/v2\/product_brand?post=43743"},{"taxonomy":"product_cat","embeddable":true,"href":"https:\/\/www.bojungle.eu\/pl\/wp-json\/wp\/v2\/product_cat?post=43743"},{"taxonomy":"product_tag","embeddable":true,"href":"https:\/\/www.bojungle.eu\/pl\/wp-json\/wp\/v2\/product_tag?post=43743"},{"taxonomy":"woo-feed-brand","embeddable":true,"href":"https:\/\/www.bojungle.eu\/pl\/wp-json\/wp\/v2\/woo-feed-brand?post=43743"}],"curies":[{"name":"wp","href":"https:\/\/api.w.org\/{rel}","templated":true}]}}