{"id":43777,"date":"2022-05-29T10:25:06","date_gmt":"2022-05-29T08:25:06","guid":{"rendered":"https:\/\/bojungle.eu\/shop\/product\/b-ball-silicone-pastel-blue\/"},"modified":"2024-05-16T10:49:49","modified_gmt":"2024-05-16T08:49:49","slug":"b-ball-silikon-pastelowy-niebieski","status":"publish","type":"product","link":"https:\/\/www.bojungle.eu\/pl\/produkt\/b-ball-silikon-pastelowy-niebieski\/","title":{"rendered":"B-Ball Silicone Pastel Blue"},"content":{"rendered":"<p>Przedstawiamy nasz\u0105 B-Ball Silicone Pastel Blue &#8211; najlepszego towarzysza dla z\u0105bkuj\u0105cego dziecka! Wykonana z mi\u0119kkiego, trwa\u0142ego silikonu pi\u0142ka zosta\u0142a zaprojektowana tak, aby stymulowa\u0107 zar\u00f3wno gryzienie, jak i chwytanie. Gdy maluch bada teksturowane powierzchnie, jego dzi\u0105s\u0142a s\u0105 delikatnie masowane, zapewniaj\u0105c ulg\u0119 podczas z\u0105bkowania. Zr\u00f3\u017cnicowane powierzchnie do gryzienia stymuluj\u0105 r\u00f3wnie\u017c wargi i j\u0119zyk, promuj\u0105c rozw\u00f3j sensoryczny. Idealnie dopasowana do ma\u0142ych r\u0105czek, ta pi\u0142ka jest idealna dla dzieci, kt\u00f3re zaczynaj\u0105 z\u0105bkowa\u0107. Ponadto jest \u0142atwa w czyszczeniu &#8211; wystarczy wrzuci\u0107 j\u0105 do pralki, aby bezproblemowo utrzyma\u0107 j\u0105 w czysto\u015bci.<\/p>\n<p>Wykonana z dba\u0142o\u015bci\u0105 o jako\u015b\u0107, nasza silikonowa pi\u0142ka B-Ball Pastel Blue jest niezb\u0119dna dla z\u0105bkuj\u0105cych dzieci.<\/p>\n","protected":false},"excerpt":{"rendered":"<p>Our B-Ball Silicone Pastel Blue is the perfect teething companion for your little one. Wykonany z mi\u0119kkiego silikonu, stymuluje gryzienie i chwytanie, zapewniaj\u0105c ulg\u0119 podczas z\u0105bkowania. \u0141atwy w czyszczeniu i zaprojektowany dla ma\u0142ych r\u0105czek, jest idealny dla z\u0105bkuj\u0105cych dzieci. <\/p>\n<p>&nbsp;<\/p>\n<p>&nbsp;<\/p>\n","protected":false},"featured_media":73108,"comment_status":"closed","ping_status":"closed","template":"","meta":{"_lmt_disableupdate":"","_lmt_disable":""},"product_brand":[],"product_cat":[474,494,598],"product_tag":[],"woo-feed-brand":[],"class_list":{"0":"post-43777","1":"product","2":"type-product","3":"status-publish","4":"has-post-thumbnail","6":"product_cat-playtime-pl","7":"product_cat-zabawki-silikonowe","8":"product_cat-zabawki-z-gryzakiem","10":"first","11":"instock","12":"taxable","13":"shipping-taxable","14":"purchasable","15":"product-type-simple"},"_links":{"self":[{"href":"https:\/\/www.bojungle.eu\/pl\/wp-json\/wp\/v2\/product\/43777","targetHints":{"allow":["GET"]}}],"collection":[{"href":"https:\/\/www.bojungle.eu\/pl\/wp-json\/wp\/v2\/product"}],"about":[{"href":"https:\/\/www.bojungle.eu\/pl\/wp-json\/wp\/v2\/types\/product"}],"replies":[{"embeddable":true,"href":"https:\/\/www.bojungle.eu\/pl\/wp-json\/wp\/v2\/comments?post=43777"}],"version-history":[{"count":1,"href":"https:\/\/www.bojungle.eu\/pl\/wp-json\/wp\/v2\/product\/43777\/revisions"}],"predecessor-version":[{"id":75704,"href":"https:\/\/www.bojungle.eu\/pl\/wp-json\/wp\/v2\/product\/43777\/revisions\/75704"}],"wp:featuredmedia":[{"embeddable":true,"href":"https:\/\/www.bojungle.eu\/pl\/wp-json\/wp\/v2\/media\/73108"}],"wp:attachment":[{"href":"https:\/\/www.bojungle.eu\/pl\/wp-json\/wp\/v2\/media?parent=43777"}],"wp:term":[{"taxonomy":"product_brand","embeddable":true,"href":"https:\/\/www.bojungle.eu\/pl\/wp-json\/wp\/v2\/product_brand?post=43777"},{"taxonomy":"product_cat","embeddable":true,"href":"https:\/\/www.bojungle.eu\/pl\/wp-json\/wp\/v2\/product_cat?post=43777"},{"taxonomy":"product_tag","embeddable":true,"href":"https:\/\/www.bojungle.eu\/pl\/wp-json\/wp\/v2\/product_tag?post=43777"},{"taxonomy":"woo-feed-brand","embeddable":true,"href":"https:\/\/www.bojungle.eu\/pl\/wp-json\/wp\/v2\/woo-feed-brand?post=43777"}],"curies":[{"name":"wp","href":"https:\/\/api.w.org\/{rel}","templated":true}]}}