{"id":43808,"date":"2022-05-29T10:24:19","date_gmt":"2022-05-29T08:24:19","guid":{"rendered":"https:\/\/bojungle.eu\/shop\/product\/b-ball-pit-play-gym-grey\/"},"modified":"2025-06-25T13:43:48","modified_gmt":"2025-06-25T11:43:48","slug":"b-ball-pit-play-gym-grey","status":"publish","type":"product","link":"https:\/\/www.bojungle.eu\/pl\/produkt\/b-ball-pit-play-gym-grey\/","title":{"rendered":"Si\u0142ownia z pi\u0142eczkami w kolorze szarym"},"content":{"rendered":"<div id=\"description\" class=\"tab-pane fade in active\" role=\"tabpanel\">\n<div class=\"product-description\">\n<div class=\"flex-1 overflow-hidden\">\n<div class=\"react-scroll-to-bottom--css-fuibk-79elbk h-full\">\n<div class=\"react-scroll-to-bottom--css-fuibk-1n7m0yu\">\n<div class=\"flex flex-col pb-9 text-sm\">\n<div class=\"w-full text-token-text-primary\" data-testid=\"conversation-turn-5\">\n<div class=\"px-4 py-2 justify-center text-base md:gap-6 m-auto\">\n<div class=\"flex flex-1 text-base mx-auto gap-3 md:px-5 lg:px-1 xl:px-5 md:max-w-3xl lg:max-w-[40rem] xl:max-w-[48rem] group final-completion\">\n<div class=\"relative flex w-full flex-col lg:w-[calc(100%-115px)] agent-turn\">\n<div class=\"flex-col gap-1 md:gap-3\">\n<div class=\"flex flex-grow flex-col max-w-full\">\n<div class=\"min-h-[20px] text-message flex flex-col items-start gap-3 whitespace-pre-wrap break-words [.text-message+&amp;]:mt-5 overflow-x-auto\" data-message-author-role=\"assistant\" data-message-id=\"56127af4-1f04-405d-b559-028a9786080b\">\n<div class=\"markdown prose w-full break-words dark:prose-invert light\">\n<p>Nasza szara si\u0142ownia z pi\u0142eczkami to idealne po\u0142\u0105czenie rozrywki i estetyki, idealnie pasuj\u0105ce do ka\u017cdego wn\u0119trza i gwarantuj\u0105ce godziny nieko\u0144cz\u0105cej si\u0119 zabawy! Starannie wykonana z pianki, posiada zdejmowany mi\u0119kki welurowy pokrowiec, kt\u00f3ry mo\u017cna pra\u0107, co zapewnia trwa\u0142o\u015b\u0107 i wygod\u0119. Zaokr\u0105glone kraw\u0119dzie i nietoksyczne kulki z certyfikatem CE zapewniaj\u0105 bezpiecze\u0144stwo. To co\u015b wi\u0119cej ni\u017c tylko zabawka, ten basen z pi\u0142eczkami stymuluje rozw\u00f3j fizyczny i manualny Twojego malucha. Wraz ze 120 \u017cywymi pi\u0142eczkami jest wszechstronnym i wci\u0105gaj\u0105cym dodatkiem do repertuaru zabaw Twojego dziecka.  <\/p>\n<div class=\"group\/conversation-turn relative flex w-full min-w-0 flex-col agent-turn\">\n<div class=\"flex-col gap-1 md:gap-3\">\n<div class=\"flex max-w-full flex-col flex-grow\">\n<div class=\"min-h-[20px] text-message flex w-full flex-col items-end gap-2 break-words [.text-message+&amp;]:mt-5 overflow-x-auto whitespace-pre-wrap\" dir=\"auto\" data-message-author-role=\"assistant\" data-message-id=\"fedb9589-ff2d-4632-9e0d-009a6d3232ab\">\n<div class=\"flex w-full flex-col gap-1 empty:hidden first:pt-[3px]\">\n<div class=\"markdown prose w-full break-words dark:prose-invert light\">\n<table border=\"1\">\n<tbody>\n<tr>\n<td>Podr\u0119cznik<\/td>\n<td><a href=\"https:\/\/www.bojungle.eu\/wp-content\/uploads\/2025\/06\/B910620-B910630-Handleiding.pdf\">Kliknij tutaj<\/a><\/td>\n<\/tr>\n<\/tbody>\n<\/table>\n<\/div>\n<\/div>\n<\/div>\n<\/div>\n<\/div>\n<\/div>\n<p class=\"cvGsUA direction-ltr align-start para-style-body\">\n<\/div>\n<\/div>\n<\/div>\n<\/div>\n<\/div>\n<\/div>\n<\/div>\n<\/div>\n<\/div>\n<\/div>\n<\/div>\n<\/div>\n<\/div>\n<\/div>\n","protected":false},"excerpt":{"rendered":"<div id=\"description\" class=\"tab-pane fade in active\" role=\"tabpanel\">\n<div class=\"product-description\">\n<p>Szary basen z pi\u0142eczkami pasuje do ka\u017cdego wn\u0119trza i zapewnia wiele godzin zabawy! Wanna wykonana jest z pianki i pokryta zmywalnym i zdejmowanym mi\u0119kkim pokrowcem velboa.<\/p>\n<\/div>\n<\/div>\n","protected":false},"featured_media":65275,"comment_status":"closed","ping_status":"closed","template":"","meta":{"_lmt_disableupdate":"","_lmt_disable":""},"product_brand":[],"product_cat":[474,613],"product_tag":[],"woo-feed-brand":[],"class_list":{"0":"post-43808","1":"product","2":"type-product","3":"status-publish","4":"has-post-thumbnail","6":"product_cat-playtime-pl","7":"product_cat-zabawki-ruchowe","9":"first","10":"instock","11":"taxable","12":"shipping-taxable","13":"purchasable","14":"product-type-simple"},"_links":{"self":[{"href":"https:\/\/www.bojungle.eu\/pl\/wp-json\/wp\/v2\/product\/43808","targetHints":{"allow":["GET"]}}],"collection":[{"href":"https:\/\/www.bojungle.eu\/pl\/wp-json\/wp\/v2\/product"}],"about":[{"href":"https:\/\/www.bojungle.eu\/pl\/wp-json\/wp\/v2\/types\/product"}],"replies":[{"embeddable":true,"href":"https:\/\/www.bojungle.eu\/pl\/wp-json\/wp\/v2\/comments?post=43808"}],"version-history":[{"count":2,"href":"https:\/\/www.bojungle.eu\/pl\/wp-json\/wp\/v2\/product\/43808\/revisions"}],"predecessor-version":[{"id":80591,"href":"https:\/\/www.bojungle.eu\/pl\/wp-json\/wp\/v2\/product\/43808\/revisions\/80591"}],"wp:featuredmedia":[{"embeddable":true,"href":"https:\/\/www.bojungle.eu\/pl\/wp-json\/wp\/v2\/media\/65275"}],"wp:attachment":[{"href":"https:\/\/www.bojungle.eu\/pl\/wp-json\/wp\/v2\/media?parent=43808"}],"wp:term":[{"taxonomy":"product_brand","embeddable":true,"href":"https:\/\/www.bojungle.eu\/pl\/wp-json\/wp\/v2\/product_brand?post=43808"},{"taxonomy":"product_cat","embeddable":true,"href":"https:\/\/www.bojungle.eu\/pl\/wp-json\/wp\/v2\/product_cat?post=43808"},{"taxonomy":"product_tag","embeddable":true,"href":"https:\/\/www.bojungle.eu\/pl\/wp-json\/wp\/v2\/product_tag?post=43808"},{"taxonomy":"woo-feed-brand","embeddable":true,"href":"https:\/\/www.bojungle.eu\/pl\/wp-json\/wp\/v2\/woo-feed-brand?post=43808"}],"curies":[{"name":"wp","href":"https:\/\/api.w.org\/{rel}","templated":true}]}}