{"id":43831,"date":"2022-05-29T10:22:18","date_gmt":"2022-05-29T08:22:18","guid":{"rendered":"https:\/\/bojungle.eu\/shop\/product\/b-animal-puzzle-3-szt-panda-slon-lew\/"},"modified":"2024-02-12T10:25:40","modified_gmt":"2024-02-12T09:25:40","slug":"b-animal-puzzle-3-pcs-panda-olifant-leeuw","status":"publish","type":"product","link":"https:\/\/www.bojungle.eu\/pl\/produkt\/b-animal-puzzle-3-pcs-panda-olifant-leeuw\/","title":{"rendered":"B-Animal Puzzle (3 szt.) Panda &#8211; S\u0142o\u0144 &#8211; Lew"},"content":{"rendered":"<p>Kreatywne i wielobarwne kszta\u0142ty tych zabawek do k\u0105pieli pobudz\u0105 wyobra\u017ani\u0119 Twojego dziecka i sprawi\u0105, \u017ce czas k\u0105pieli b\u0119dzie przyjemniejszy<\/p>\n<ul>\n<li>Weso\u0142e puzzle o zwierz\u0119tach dla najm\u0142odszych<\/li>\n<li>Mo\u017cna przyklei\u0107 do p\u0142ytek lub do wanny<\/li>\n<li>Ka\u017cde zwierz\u0119 ma 4 du\u017ce cz\u0119\u015bci do z\u0142o\u017cenia<\/li>\n<li>3 zwierz\u0119ta w ka\u017cdym opakowaniu<\/li>\n<li>Wykonane z pianki<\/li>\n<li>Spe\u0142nia najsurowsze europejskie normy bezpiecze\u0144stwa i jako\u015bci<\/li>\n<li>Wiek: 36m+<\/li>\n<\/ul>\n","protected":false},"excerpt":{"rendered":"<p>Odkryj nasze fantazyjne piankowe zabawki do k\u0105pieli w kszta\u0142cie zwierz\u0105t! Te urocze kszta\u0142ty rozpal\u0105 wyobra\u017ani\u0119 Twojego dziecka i zmieni\u0105 czas k\u0105pieli w ekscytuj\u0105c\u0105 przygod\u0119. Zaprojektowane z zabawnymi puzzlami ze zwierz\u0119tami, zabawki te s\u0105 idealne dla maluch\u00f3w, kt\u00f3re uwielbiaj\u0105 odkrywa\u0107 i uczy\u0107 si\u0119 podczas zabawy. Wykonane z my\u015bl\u0105 o bezpiecze\u0144stwie i przyjemno\u015bci, ka\u017cdy element uk\u0142adanki jest wykonany z mi\u0119kkiej pianki, zapewniaj\u0105c delikatn\u0105 i wygodn\u0105 zabaw\u0119. Puzzle te s\u0105 nie tylko zabawne, ale tak\u017ce edukacyjne, zach\u0119caj\u0105c dzieci do rozwoju poznawczego i umiej\u0119tno\u015bci motorycznych podczas uk\u0142adania element\u00f3w. Mo\u017cna je r\u00f3wnie\u017c przyklei\u0107 do \u015bcian \u0142azienki. Ka\u017cde zwierz\u0119 ma cztery du\u017ce cz\u0119\u015bci do z\u0142o\u017cenia, dzi\u0119ki czemu ma\u0142e r\u0105czki mog\u0105 nimi \u0142atwo manipulowa\u0107 i sk\u0142ada\u0107. Ponadto, dzi\u0119ki trzem r\u00f3\u017cnym zwierz\u0119tom zawartym w ka\u017cdym opakowaniu, istnieje wiele r\u00f3\u017cnorodno\u015bci, aby utrzyma\u0107 zaanga\u017cowanie dziecka. Zapewniamy, \u017ce nasze piankowe zabawki do k\u0105pieli ze zwierz\u0119tami spe\u0142niaj\u0105 najsurowsze europejskie normy bezpiecze\u0144stwa i jako\u015bci, zapewniaj\u0105c rodzicom spok\u00f3j ducha. Odpowiednie dla dzieci w wieku 36 miesi\u0119cy i starszych, te zabawki do k\u0105pieli z pewno\u015bci\u0105 sprawi\u0105, \u017ce czas pluskania b\u0119dzie przyjemnym i wzbogacaj\u0105cym do\u015bwiadczeniem dla Twojego malucha.  <\/p>\n","protected":false},"featured_media":65514,"comment_status":"closed","ping_status":"closed","template":"","meta":{"_lmt_disableupdate":"","_lmt_disable":""},"product_brand":[],"product_cat":[522,474,523],"product_tag":[],"woo-feed-brand":[],"class_list":{"0":"post-43831","1":"product","2":"type-product","3":"status-publish","4":"has-post-thumbnail","6":"product_cat-pielegnacja-skory","7":"product_cat-playtime-pl","8":"product_cat-zabawki-do-kapieli","10":"first","11":"instock","12":"taxable","13":"shipping-taxable","14":"purchasable","15":"product-type-simple"},"_links":{"self":[{"href":"https:\/\/www.bojungle.eu\/pl\/wp-json\/wp\/v2\/product\/43831","targetHints":{"allow":["GET"]}}],"collection":[{"href":"https:\/\/www.bojungle.eu\/pl\/wp-json\/wp\/v2\/product"}],"about":[{"href":"https:\/\/www.bojungle.eu\/pl\/wp-json\/wp\/v2\/types\/product"}],"replies":[{"embeddable":true,"href":"https:\/\/www.bojungle.eu\/pl\/wp-json\/wp\/v2\/comments?post=43831"}],"version-history":[{"count":1,"href":"https:\/\/www.bojungle.eu\/pl\/wp-json\/wp\/v2\/product\/43831\/revisions"}],"predecessor-version":[{"id":65606,"href":"https:\/\/www.bojungle.eu\/pl\/wp-json\/wp\/v2\/product\/43831\/revisions\/65606"}],"wp:featuredmedia":[{"embeddable":true,"href":"https:\/\/www.bojungle.eu\/pl\/wp-json\/wp\/v2\/media\/65514"}],"wp:attachment":[{"href":"https:\/\/www.bojungle.eu\/pl\/wp-json\/wp\/v2\/media?parent=43831"}],"wp:term":[{"taxonomy":"product_brand","embeddable":true,"href":"https:\/\/www.bojungle.eu\/pl\/wp-json\/wp\/v2\/product_brand?post=43831"},{"taxonomy":"product_cat","embeddable":true,"href":"https:\/\/www.bojungle.eu\/pl\/wp-json\/wp\/v2\/product_cat?post=43831"},{"taxonomy":"product_tag","embeddable":true,"href":"https:\/\/www.bojungle.eu\/pl\/wp-json\/wp\/v2\/product_tag?post=43831"},{"taxonomy":"woo-feed-brand","embeddable":true,"href":"https:\/\/www.bojungle.eu\/pl\/wp-json\/wp\/v2\/woo-feed-brand?post=43831"}],"curies":[{"name":"wp","href":"https:\/\/api.w.org\/{rel}","templated":true}]}}