{"id":43860,"date":"2022-05-29T10:22:18","date_gmt":"2022-05-29T08:22:18","guid":{"rendered":"https:\/\/bojungle.eu\/shop\/product\/pilot-b-babyego\/"},"modified":"2022-05-29T10:22:18","modified_gmt":"2022-05-29T10:22:18","slug":"b-babys-remote-control","status":"publish","type":"product","link":"https:\/\/www.bojungle.eu\/pl\/produkt\/b-babys-remote-control\/","title":{"rendered":"Pilot B-Baby&#8217;ego"},"content":{"rendered":"<ul>\n<li>Odtwarza muzyk\u0119, efekty d\u017awi\u0119kowe, a nawet ma zabawne migaj\u0105ce \u015bwiat\u0142a!<\/li>\n<li>Zmieniaj kana\u0142y i ucz si\u0119 angielskich s\u0142\u00f3wek.<\/li>\n<li>Ucz si\u0119 liczb, kszta\u0142t\u00f3w, a nawet podstawowych zwrot\u00f3w w j\u0119zyku angielskim. Efekty d\u017awi\u0119kowe i \u015bwietlne pobudzaj\u0105 zmys\u0142y i zatrzymuj\u0105 uwag\u0119 dziecka.<\/li>\n<\/ul>\n","protected":false},"excerpt":{"rendered":"<p>Odtwarza muzyk\u0119, efekty d\u017awi\u0119kowe, a nawet ma zabawne migaj\u0105ce \u015bwiat\u0142a!<\/p>\n","protected":false},"featured_media":71487,"comment_status":"closed","ping_status":"closed","template":"","meta":{"_lmt_disableupdate":"","_lmt_disable":""},"product_brand":[],"product_cat":[491,474,614,613],"product_tag":[],"woo-feed-brand":[],"class_list":{"0":"post-43860","1":"product","2":"type-product","3":"status-publish","4":"has-post-thumbnail","6":"product_cat-kolorowe-zabawki","7":"product_cat-playtime-pl","8":"product_cat-zabawki-muzyczne","9":"product_cat-zabawki-ruchowe","11":"first","12":"instock","13":"taxable","14":"shipping-taxable","15":"purchasable","16":"product-type-simple"},"_links":{"self":[{"href":"https:\/\/www.bojungle.eu\/pl\/wp-json\/wp\/v2\/product\/43860","targetHints":{"allow":["GET"]}}],"collection":[{"href":"https:\/\/www.bojungle.eu\/pl\/wp-json\/wp\/v2\/product"}],"about":[{"href":"https:\/\/www.bojungle.eu\/pl\/wp-json\/wp\/v2\/types\/product"}],"replies":[{"embeddable":true,"href":"https:\/\/www.bojungle.eu\/pl\/wp-json\/wp\/v2\/comments?post=43860"}],"version-history":[{"count":0,"href":"https:\/\/www.bojungle.eu\/pl\/wp-json\/wp\/v2\/product\/43860\/revisions"}],"wp:featuredmedia":[{"embeddable":true,"href":"https:\/\/www.bojungle.eu\/pl\/wp-json\/wp\/v2\/media\/71487"}],"wp:attachment":[{"href":"https:\/\/www.bojungle.eu\/pl\/wp-json\/wp\/v2\/media?parent=43860"}],"wp:term":[{"taxonomy":"product_brand","embeddable":true,"href":"https:\/\/www.bojungle.eu\/pl\/wp-json\/wp\/v2\/product_brand?post=43860"},{"taxonomy":"product_cat","embeddable":true,"href":"https:\/\/www.bojungle.eu\/pl\/wp-json\/wp\/v2\/product_cat?post=43860"},{"taxonomy":"product_tag","embeddable":true,"href":"https:\/\/www.bojungle.eu\/pl\/wp-json\/wp\/v2\/product_tag?post=43860"},{"taxonomy":"woo-feed-brand","embeddable":true,"href":"https:\/\/www.bojungle.eu\/pl\/wp-json\/wp\/v2\/woo-feed-brand?post=43860"}],"curies":[{"name":"wp","href":"https:\/\/api.w.org\/{rel}","templated":true}]}}