{"id":44316,"date":"2023-05-02T12:54:21","date_gmt":"2023-05-02T10:54:21","guid":{"rendered":"https:\/\/bojungle.eu\/shop\/product\/b-zestaw-lyzek-b-2-sztuki-terakota\/"},"modified":"2023-05-02T13:11:45","modified_gmt":"2023-05-02T13:11:45","slug":"b-spoon-shape-set-2-pcs-terracotta","status":"publish","type":"product","link":"https:\/\/www.bojungle.eu\/pl\/produkt\/b-spoon-shape-set-2-pcs-terracotta\/","title":{"rendered":"B-Zestaw \u0142y\u017cek 2 sztuki Terakota"},"content":{"rendered":"<p style=\"font-weight: 400;\">Kszta\u0142t B-Spoon jest specjalnie zaprojektowany dla przej\u015bcia dziecka ze smoczka na \u0142y\u017ceczk\u0119.<\/p>\n<ul style=\"font-weight: 400;\">\n<li>\u0141atwy uchwyt do trzymania<\/li>\n<li>Wykonane w silikonie<\/li>\n<li>\u0141atwy do czyszczenia<\/li>\n<li>Mi\u0119kka \u0142y\u017cka: bezpieczna do gryzienia<\/li>\n<li>My\u0107 r\u0119cznie lub w zmywarce<\/li>\n<\/ul>\n","protected":false},"excerpt":{"rendered":"<p style=\"font-weight: 400;\">Kszta\u0142t B-Spoon jest specjalnie zaprojektowany dla przej\u015bcia dziecka ze smoczka na \u0142y\u017ceczk\u0119.<\/p>\n","protected":false},"featured_media":73660,"comment_status":"closed","ping_status":"closed","template":"","meta":{"_lmt_disableupdate":"","_lmt_disable":""},"product_brand":[],"product_cat":[567,443,441],"product_tag":[],"woo-feed-brand":[],"class_list":{"0":"post-44316","1":"product","2":"type-product","3":"status-publish","4":"has-post-thumbnail","6":"product_cat-czas-na-kolacje","7":"product_cat-gama-silikonow","8":"product_cat-zywnosc-i-napoje","10":"first","11":"instock","12":"taxable","13":"shipping-taxable","14":"purchasable","15":"product-type-simple"},"_links":{"self":[{"href":"https:\/\/www.bojungle.eu\/pl\/wp-json\/wp\/v2\/product\/44316","targetHints":{"allow":["GET"]}}],"collection":[{"href":"https:\/\/www.bojungle.eu\/pl\/wp-json\/wp\/v2\/product"}],"about":[{"href":"https:\/\/www.bojungle.eu\/pl\/wp-json\/wp\/v2\/types\/product"}],"replies":[{"embeddable":true,"href":"https:\/\/www.bojungle.eu\/pl\/wp-json\/wp\/v2\/comments?post=44316"}],"version-history":[{"count":0,"href":"https:\/\/www.bojungle.eu\/pl\/wp-json\/wp\/v2\/product\/44316\/revisions"}],"wp:featuredmedia":[{"embeddable":true,"href":"https:\/\/www.bojungle.eu\/pl\/wp-json\/wp\/v2\/media\/73660"}],"wp:attachment":[{"href":"https:\/\/www.bojungle.eu\/pl\/wp-json\/wp\/v2\/media?parent=44316"}],"wp:term":[{"taxonomy":"product_brand","embeddable":true,"href":"https:\/\/www.bojungle.eu\/pl\/wp-json\/wp\/v2\/product_brand?post=44316"},{"taxonomy":"product_cat","embeddable":true,"href":"https:\/\/www.bojungle.eu\/pl\/wp-json\/wp\/v2\/product_cat?post=44316"},{"taxonomy":"product_tag","embeddable":true,"href":"https:\/\/www.bojungle.eu\/pl\/wp-json\/wp\/v2\/product_tag?post=44316"},{"taxonomy":"woo-feed-brand","embeddable":true,"href":"https:\/\/www.bojungle.eu\/pl\/wp-json\/wp\/v2\/woo-feed-brand?post=44316"}],"curies":[{"name":"wp","href":"https:\/\/api.w.org\/{rel}","templated":true}]}}