{"id":44337,"date":"2023-05-02T13:27:52","date_gmt":"2023-05-02T11:27:52","guid":{"rendered":"https:\/\/bojungle.eu\/shop\/product\/b-miska-przyssawkowa-silikon-lyzka-terracotta\/"},"modified":"2024-12-03T13:52:33","modified_gmt":"2024-12-03T12:52:33","slug":"b-suction-bowl-silicone-spoon-terracotta","status":"publish","type":"product","link":"https:\/\/www.bojungle.eu\/pl\/produkt\/b-suction-bowl-silicone-spoon-terracotta\/","title":{"rendered":"B-Miska przyssawkowa Silikon &amp; \u0141y\u017cka Terracotta"},"content":{"rendered":"<p>Spo\u017cywanie posi\u0142k\u00f3w sta\u0142o si\u0119 \u0142atwiejsze i przyjemniejsze dzi\u0119ki zestawowi silikonowej miski i \u0142y\u017ceczki z przyssawk\u0105! Zaprojektowany, aby pom\u00f3c dziecku w nauce samodzielnego jedzenia, ten inteligentny zestaw pozwala skupi\u0107 si\u0119 na jedzeniu, a nie na ba\u0142aganie. Mocna podstawa z przyssawk\u0105 zapewnia, \u017ce miska pozostaje bezpiecznie na miejscu, zapobiegaj\u0105c rozlaniu i okazjonalnemu incydentowi \u201elataj\u0105cej miski\u201d.<\/p>\n<p>Wykonany z wysokiej jako\u015bci, trwa\u0142ego silikonu, ten zestaw jest zbudowany tak, aby przetrwa\u0107 niezliczone przygody podczas posi\u0142k\u00f3w. Jest odporny na p\u0119kanie, poch\u0142anianie zapach\u00f3w i przenoszenie smak\u00f3w, dzi\u0119ki czemu jest bezpiecznym i higienicznym wyborem dla Twojego malucha. Dopasowana ergonomiczna \u0142y\u017ceczka jest idealnie dopasowana do ma\u0142ych r\u0105czek, zach\u0119caj\u0105c do samodzielnego karmienia.<\/p>\n<p>Dzi\u0119ki zabawnemu, ale eleganckiemu wzornictwu, zestaw B-Suction Bowl &amp; Spoon Set jest r\u00f3wnie przyjemny dla oka, jak i praktyczny w u\u017cyciu, co czyni go niezb\u0119dnym dla ka\u017cdej rodziny. Odpowiedni dla niemowl\u0105t i ma\u0142ych dzieci, to idealny spos\u00f3b na przekszta\u0142cenie posi\u0142k\u00f3w w bezstresow\u0105 nauk\u0119.<\/p>\n<p>Kluczowe cechy:<\/p>\n<p>Mocna podstawa ss\u0105ca: Utrzymuje misk\u0119 na miejscu, zapewniaj\u0105c posi\u0142ki bez ba\u0142aganu.<br \/>\nTrwa\u0142y silikon: Odporny na p\u0119kni\u0119cia i \u0142atwy do czyszczenia, bez zapach\u00f3w i wch\u0142aniania smaku.<br \/>\nKonstrukcja przyjazna dzieciom: Zawiera \u0142y\u017ceczk\u0119 dostosowan\u0105 do ma\u0142ych r\u0105czek i samodzielnego jedzenia.<br \/>\nAtrakcyjny wygl\u0105d: Jasny i nowoczesny design, kt\u00f3ry spodoba si\u0119 zar\u00f3wno dzieciom, jak i rodzicom.<br \/>\nSpraw, by posi\u0142ki by\u0142y p\u0142ynne, stylowe i przyjemne dzi\u0119ki zestawowi silikonowej miski i \u0142y\u017ceczki B-Suction!<\/p>\n<p>&nbsp;<\/p>\n","protected":false},"excerpt":{"rendered":"<div class=\"elementor-element elementor-element-80cf67d elementor-widget elementor-widget-jet-single-excerpt\" data-id=\"80cf67d\" data-element_type=\"widget\" data-widget_type=\"jet-single-excerpt.default\">\n<div class=\"elementor-widget-container\">\n<div class=\"elementor-jet-single-excerpt jet-woo-builder\">\n<div class=\"woocommerce-product-details__short-description\">\n<p>Ta miseczka z przyssawk\u0105 i dopasowan\u0105 \u0142y\u017ceczk\u0105 sprawia, \u017ce dziecko mo\u017ce nauczy\u0107 si\u0119 samodzielnego jedzenia, bez konieczno\u015bci trzymania talerzyka przez mam\u0119 lub tat\u0119. Dzi\u0119ki przyssawce miseczka nie mo\u017ce si\u0119 porusza\u0107, a ju\u017c na pewno nie mo\u017ce lata\u0107 po pokoju. Zestaw ten wykonany jest z wysokiej jako\u015bci i trwa\u0142ego materia\u0142u. Nie da si\u0119 go z\u0142ama\u0107, nie poch\u0142ania zapach\u00f3w ani smak\u00f3w, a przede wszystkim jest uczt\u0105 dla oczu!<\/p>\n<\/div>\n<\/div>\n<\/div>\n<\/div>\n<div class=\"elementor-element elementor-element-c5d7d93 elementor-widget elementor-widget-spacer\" data-id=\"c5d7d93\" data-element_type=\"widget\" data-widget_type=\"spacer.default\">\n<div class=\"elementor-widget-container\">\n<div class=\"elementor-spacer\"><\/div>\n<\/div>\n<\/div>\n","protected":false},"featured_media":70005,"comment_status":"closed","ping_status":"closed","template":"","meta":{"_lmt_disableupdate":"no","_lmt_disable":""},"product_brand":[],"product_cat":[567,443,441],"product_tag":[],"woo-feed-brand":[],"class_list":{"0":"post-44337","1":"product","2":"type-product","3":"status-publish","4":"has-post-thumbnail","6":"product_cat-czas-na-kolacje","7":"product_cat-gama-silikonow","8":"product_cat-zywnosc-i-napoje","10":"first","11":"instock","12":"taxable","13":"shipping-taxable","14":"purchasable","15":"product-type-simple"},"_links":{"self":[{"href":"https:\/\/www.bojungle.eu\/pl\/wp-json\/wp\/v2\/product\/44337","targetHints":{"allow":["GET"]}}],"collection":[{"href":"https:\/\/www.bojungle.eu\/pl\/wp-json\/wp\/v2\/product"}],"about":[{"href":"https:\/\/www.bojungle.eu\/pl\/wp-json\/wp\/v2\/types\/product"}],"replies":[{"embeddable":true,"href":"https:\/\/www.bojungle.eu\/pl\/wp-json\/wp\/v2\/comments?post=44337"}],"version-history":[{"count":2,"href":"https:\/\/www.bojungle.eu\/pl\/wp-json\/wp\/v2\/product\/44337\/revisions"}],"predecessor-version":[{"id":78512,"href":"https:\/\/www.bojungle.eu\/pl\/wp-json\/wp\/v2\/product\/44337\/revisions\/78512"}],"wp:featuredmedia":[{"embeddable":true,"href":"https:\/\/www.bojungle.eu\/pl\/wp-json\/wp\/v2\/media\/70005"}],"wp:attachment":[{"href":"https:\/\/www.bojungle.eu\/pl\/wp-json\/wp\/v2\/media?parent=44337"}],"wp:term":[{"taxonomy":"product_brand","embeddable":true,"href":"https:\/\/www.bojungle.eu\/pl\/wp-json\/wp\/v2\/product_brand?post=44337"},{"taxonomy":"product_cat","embeddable":true,"href":"https:\/\/www.bojungle.eu\/pl\/wp-json\/wp\/v2\/product_cat?post=44337"},{"taxonomy":"product_tag","embeddable":true,"href":"https:\/\/www.bojungle.eu\/pl\/wp-json\/wp\/v2\/product_tag?post=44337"},{"taxonomy":"woo-feed-brand","embeddable":true,"href":"https:\/\/www.bojungle.eu\/pl\/wp-json\/wp\/v2\/woo-feed-brand?post=44337"}],"curies":[{"name":"wp","href":"https:\/\/api.w.org\/{rel}","templated":true}]}}