{"id":44642,"date":"2023-05-03T12:40:37","date_gmt":"2023-05-03T10:40:37","guid":{"rendered":"https:\/\/bojungle.eu\/shop\/product\/b-cyfrowa-waga-dla-niemowlat\/"},"modified":"2025-05-27T16:40:19","modified_gmt":"2025-05-27T14:40:19","slug":"b-digital-baby-scale-pl","status":"publish","type":"product","link":"https:\/\/www.bojungle.eu\/pl\/produkt\/b-digital-baby-scale-pl\/","title":{"rendered":"B-Cyfrowa waga dla niemowl\u0105t"},"content":{"rendered":"<p>Poznaj nasz\u0105 cyfrow\u0105 wag\u0119 dla niemowl\u0105t, idealne narz\u0119dzie dla rodzic\u00f3w, kt\u00f3rzy chc\u0105 precyzyjnie i \u0142atwo monitorowa\u0107 rozw\u00f3j swojego dziecka. Specjalnie zaprojektowana do wa\u017cenia noworodk\u00f3w i wcze\u015bniak\u00f3w, ta elektroniczna waga jest niezb\u0119dnym narz\u0119dziem do \u015bledzenia rozwoju malucha. <\/p>\n<p>Dzi\u0119ki maksymalnemu ud\u017awigowi wynosz\u0105cemu 20 kg i dok\u0142adno\u015bci d=0,005 kg mo\u017cna mie\u0107 pewno\u015b\u0107, \u017ce odczyty b\u0119d\u0105 wiarygodne i precyzyjne. Koniec ze zgadywaniem lub szacowaniem &#8211; dok\u0142adne dane s\u0105 na wyci\u0105gni\u0119cie r\u0119ki. <\/p>\n<p>To, co wyr\u00f3\u017cnia nasz\u0105 cyfrow\u0105 wag\u0119 dla niemowl\u0105t, to wygodna \u0142\u0105czno\u015b\u0107. Wystarczy pobra\u0107 nasz\u0105 przyjazn\u0105 dla u\u017cytkownika aplikacj\u0119 i po\u0142\u0105czy\u0107 si\u0119 przez Bluetooth, aby p\u0142ynnie \u015bledzi\u0107 post\u0119py dziecka. Niezale\u017cnie od tego, czy chodzi o monitorowanie przyrostu masy cia\u0142a, czy te\u017c upewnienie si\u0119, \u017ce maluch osi\u0105ga kamienie milowe, aplikacja u\u0142atwia \u015bledzenie jego rozwoju.  <\/p>\n<p>Rozumiemy, \u017ce wa\u017cenie dziecka, zw\u0142aszcza takiego, kt\u00f3re nie potrafi usiedzie\u0107 w miejscu, mo\u017ce by\u0107 wyzwaniem. Dlatego nasza waga posiada funkcj\u0119 automatycznego blokowania\/utrzymywania. Oznacza to, \u017ce nawet je\u015bli dziecko wierci si\u0119 lub porusza, waga automatycznie zablokuje wag\u0119, dzi\u0119ki czemu proces b\u0119dzie p\u0142ynniejszy i bezproblemowy.  <\/p>\n<p>Zasilana 3 bateriami AAA 1,5 V (brak w zestawie) cyfrowa waga dla niemowl\u0105t zosta\u0142a zaprojektowana z my\u015bl\u0105 o wygodzie. Niezale\u017cnie od tego, czy jeste\u015b w domu, czy w podr\u00f3\u017cy, mo\u017cesz \u0142atwo \u015bledzi\u0107 wag\u0119 swojego dziecka. <\/p>\n<p>Zasilana 3 bateriami AAA 1,5 V (brak w zestawie) cyfrowa waga dla niemowl\u0105t zosta\u0142a zaprojektowana z my\u015bl\u0105 o wygodzie. Niezale\u017cnie od tego, czy jeste\u015b w domu, czy w podr\u00f3\u017cy, mo\u017cesz \u0142atwo \u015bledzi\u0107 wag\u0119 swojego dziecka. <\/p>\n<table border=\"1\">\n<tbody>\n<tr>\n<td>Podr\u0119cznik<\/td>\n<td><a href=\"https:\/\/www.bojungle.eu\/wp-content\/uploads\/2025\/05\/B400800-Handleiding.pdf\" target=\"_blank\" rel=\"noopener\">Kliknij tutaj<\/a><\/td>\n<\/tr>\n<\/tbody>\n<\/table>\n","protected":false},"excerpt":{"rendered":"<div class=\"flex-1 overflow-hidden\">\n<div class=\"react-scroll-to-bottom--css-rdley-79elbk h-full\">\n<div class=\"react-scroll-to-bottom--css-rdley-1n7m0yu\">\n<div>\n<div class=\"flex flex-col text-sm pb-9\">\n<div class=\"w-full text-token-text-primary\" dir=\"auto\" data-testid=\"conversation-turn-7\" data-scroll-anchor=\"true\">\n<div class=\"px-4 py-2 justify-center text-base md:gap-6 m-auto\">\n<div class=\"flex flex-1 text-base mx-auto gap-3 juice:gap-4 juice:md:gap-6 md:px-5 lg:px-1 xl:px-5 md:max-w-3xl lg:max-w-[40rem] xl:max-w-[48rem]\">\n<div class=\"relative flex w-full min-w-0 flex-col agent-turn\">\n<div class=\"flex-col gap-1 md:gap-3\">\n<div class=\"flex flex-grow flex-col max-w-full\">\n<div class=\"min-h-[20px] text-message flex flex-col items-start gap-3 whitespace-pre-wrap break-words [.text-message+&amp;]:mt-5 overflow-x-auto\" dir=\"auto\" data-message-author-role=\"assistant\" data-message-id=\"01dae6c7-1aee-415b-b1ec-4492d1b64f46\">\n<div class=\"markdown prose w-full break-words dark:prose-invert light\">\n<p>Przedstawiamy nasz\u0105 cyfrow\u0105 wag\u0119 niemowl\u0119c\u0105 \u2013 doskona\u0142y spos\u00f3b na sprawdzenie wagi dziecka! Jest \u015bwietny dla noworodk\u00f3w i ma\u0142ych dzieci, zw\u0142aszcza je\u015bli rodz\u0105 si\u0119 wcze\u015bnie. Po\u0142\u0105cz je z telefonem za pomoc\u0105 Bluetooth i \u0142atwo \u015bled\u017a wag\u0119 dziecka za pomoc\u0105 naszej aplikacji. Wytrzymuje obci\u0105\u017cenie do 20 kg i jest niezwykle dok\u0142adny. Nawet je\u015bli Twoje dziecko si\u0119 porusza, automatycznie blokuje ci\u0119\u017car. Wystarczy w\u0142o\u017cy\u0107 trzy baterie AAA (brak w zestawie) i gotowe! Obserwuj rozw\u00f3j swojego malucha dzi\u0119ki naszej cyfrowej wadze dzieci\u0119cej.      <\/p>\n<\/div>\n<\/div>\n<\/div>\n<\/div>\n<div class=\"absolute\">\n<div class=\"flex w-full gap-2 items-center justify-center\"><\/div>\n<\/div>\n<\/div>\n<\/div>\n<\/div>\n<\/div>\n<\/div>\n<\/div>\n<\/div>\n<\/div>\n<\/div>\n<div class=\"w-full pt-2 md:pt-0 dark:border-white\/20 md:border-transparent md:dark:border-transparent md:w-[calc(100%-.5rem)] juice:w-full\">\n<form class=\"stretch flex flex-row gap-3 last:mb-2 md:last:mb-6 mx-2 md:mx-4 lg:mx-auto lg:max-w-2xl xl:max-w-3xl\">\n<div class=\"relative flex h-full max-w-full flex-1 flex-col\">\n<div class=\"absolute bottom-full left-0 right-0\"><\/div>\n<div class=\"flex w-full items-center\"><\/div>\n<\/div>\n<\/form>\n<\/div>\n","protected":false},"featured_media":69374,"comment_status":"closed","ping_status":"closed","template":"","meta":{"_lmt_disableupdate":"","_lmt_disable":""},"product_brand":[],"product_cat":[522,591],"product_tag":[],"woo-feed-brand":[],"class_list":{"0":"post-44642","1":"product","2":"type-product","3":"status-publish","4":"has-post-thumbnail","6":"product_cat-pielegnacja-skory","7":"product_cat-uroda-i-zdrowie-dziecka","9":"first","10":"instock","11":"taxable","12":"shipping-taxable","13":"purchasable","14":"product-type-simple"},"_links":{"self":[{"href":"https:\/\/www.bojungle.eu\/pl\/wp-json\/wp\/v2\/product\/44642","targetHints":{"allow":["GET"]}}],"collection":[{"href":"https:\/\/www.bojungle.eu\/pl\/wp-json\/wp\/v2\/product"}],"about":[{"href":"https:\/\/www.bojungle.eu\/pl\/wp-json\/wp\/v2\/types\/product"}],"replies":[{"embeddable":true,"href":"https:\/\/www.bojungle.eu\/pl\/wp-json\/wp\/v2\/comments?post=44642"}],"version-history":[{"count":2,"href":"https:\/\/www.bojungle.eu\/pl\/wp-json\/wp\/v2\/product\/44642\/revisions"}],"predecessor-version":[{"id":79988,"href":"https:\/\/www.bojungle.eu\/pl\/wp-json\/wp\/v2\/product\/44642\/revisions\/79988"}],"wp:featuredmedia":[{"embeddable":true,"href":"https:\/\/www.bojungle.eu\/pl\/wp-json\/wp\/v2\/media\/69374"}],"wp:attachment":[{"href":"https:\/\/www.bojungle.eu\/pl\/wp-json\/wp\/v2\/media?parent=44642"}],"wp:term":[{"taxonomy":"product_brand","embeddable":true,"href":"https:\/\/www.bojungle.eu\/pl\/wp-json\/wp\/v2\/product_brand?post=44642"},{"taxonomy":"product_cat","embeddable":true,"href":"https:\/\/www.bojungle.eu\/pl\/wp-json\/wp\/v2\/product_cat?post=44642"},{"taxonomy":"product_tag","embeddable":true,"href":"https:\/\/www.bojungle.eu\/pl\/wp-json\/wp\/v2\/product_tag?post=44642"},{"taxonomy":"woo-feed-brand","embeddable":true,"href":"https:\/\/www.bojungle.eu\/pl\/wp-json\/wp\/v2\/woo-feed-brand?post=44642"}],"curies":[{"name":"wp","href":"https:\/\/api.w.org\/{rel}","templated":true}]}}