{"id":46466,"date":"2022-05-29T10:19:47","date_gmt":"2022-05-29T10:19:47","guid":{"rendered":"https:\/\/www.bojungle.eu\/product\/b-play-nest-pop-up-bed-grey-stars\/"},"modified":"2024-03-01T12:45:02","modified_gmt":"2024-03-01T11:45:02","slug":"b-play-nest-pop-up-bed-grey-stars","status":"publish","type":"product","link":"https:\/\/www.bojungle.eu\/pl\/produkt\/b-play-nest-pop-up-bed-grey-stars\/","title":{"rendered":"B-Play Nest Pop up Bed Grey Stars"},"content":{"rendered":"<p>Odkryj komfort i wygod\u0119 \u0142\u00f3\u017cka rozk\u0142adanego B-Play Nest Grey Stars! \u0141\u00f3\u017cko to jest przeznaczone zar\u00f3wno do u\u017cytku wewn\u0105trz, jak i na zewn\u0105trz, dzi\u0119ki czemu idealnie nadaje si\u0119 do domu i podr\u00f3\u017cy. Do \u0142\u00f3\u017cka do\u0142\u0105czony jest wygodny, wyjmowany materac, dzi\u0119ki czemu Tw\u00f3j maluch zawsze b\u0119dzie m\u00f3g\u0142 wygodnie spa\u0107 lub bawi\u0107 si\u0119. G\u00f3rn\u0105 cz\u0119\u015b\u0107 \u0142\u00f3\u017cka mo\u017cna z\u0142o\u017cy\u0107 i pokryto pow\u0142ok\u0105 anty-UV 50+, chroni\u0105c\u0105 dziecko przed s\u0142o\u0144cem podczas przyg\u00f3d na \u015bwie\u017cym powietrzu. Dodatkowo dodano dodatkowe p\u0119tle do zawieszenia zabawek, dzi\u0119ki czemu zabawa staje si\u0119 jeszcze przyjemniejsza. Dzi\u0119ki por\u0119cznemu systemowi pop-up \u0142\u00f3\u017cko mo\u017cna \u0142atwo roz\u0142o\u017cy\u0107 i ponownie z\u0142o\u017cy\u0107. Koniec z k\u0142opotami ze skomplikowanymi konstrukcjami! Dodatkowo w zestawie znajduj\u0105 si\u0119 3 wyjmowane zabawki, kt\u00f3re zapewni\u0105 zabaw\u0119 Twojemu maluchowi. Dzi\u0119ki wyjmowanej moskitierze nie musisz martwi\u0107 si\u0119 irytuj\u0105cymi owadami podczas zabawy na \u015bwie\u017cym powietrzu. A kiedy nadejdzie czas od\u0142o\u017cenia \u0142\u00f3\u017cka, z \u0142atwo\u015bci\u0105 przechowasz je w do\u0142\u0105czonej torbie do przechowywania. Kr\u00f3tko m\u00f3wi\u0105c, \u0142\u00f3\u017cko rozk\u0142adane B-Play Nest Grey Stars oferuje najwy\u017csz\u0105 wygod\u0119 i komfort zar\u00f3wno wewn\u0105trz, jak i na zewn\u0105trz. Pozw\u00f3l swojemu maluchowi cieszy\u0107 si\u0119 relaksuj\u0105cymi drzemkami i zabaw\u0105, gdziekolwiek jeste\u015b! <\/p>\n<ul>\n<li>Wygodny zdejmowany materac<\/li>\n<li>Top mo\u017cna z\u0142o\u017cy\u0107 i zosta\u0142 poddany obr\u00f3bce anty-UV 50+, z dodatkowymi p\u0119tlami na zabawki<\/li>\n<li>\u0141atwy w monta\u017cu i demonta\u017cu: system pop-up<\/li>\n<li>W zestawie 3 odpinane zabawki<\/li>\n<li>Ze zdejmowan\u0105 moskitier\u0105<\/li>\n<li>W komplecie torba do przechowywania<\/li>\n<\/ul>\n","protected":false},"excerpt":{"rendered":"<p>Odkryj wygod\u0119 \u0142\u00f3\u017cka rozk\u0142adanego B-Play Nest Grey Stars! W zestawie wygodny materac, ochrona UV, zabawki i moskitiera. \u0141atwy w konfiguracji i przechowywaniu. Idealny do wn\u0119trz i na zewn\u0105trz!   <\/p>\n","protected":false},"featured_media":67373,"comment_status":"closed","ping_status":"closed","template":"","meta":{"_lmt_disableupdate":"","_lmt_disable":""},"product_brand":[],"product_cat":[809],"product_tag":[],"woo-feed-brand":[],"class_list":{"0":"post-46466","1":"product","2":"type-product","3":"status-publish","4":"has-post-thumbnail","6":"product_cat-w-ogrodzie","8":"first","9":"instock","10":"taxable","11":"shipping-taxable","12":"purchasable","13":"product-type-simple"},"_links":{"self":[{"href":"https:\/\/www.bojungle.eu\/pl\/wp-json\/wp\/v2\/product\/46466","targetHints":{"allow":["GET"]}}],"collection":[{"href":"https:\/\/www.bojungle.eu\/pl\/wp-json\/wp\/v2\/product"}],"about":[{"href":"https:\/\/www.bojungle.eu\/pl\/wp-json\/wp\/v2\/types\/product"}],"replies":[{"embeddable":true,"href":"https:\/\/www.bojungle.eu\/pl\/wp-json\/wp\/v2\/comments?post=46466"}],"version-history":[{"count":1,"href":"https:\/\/www.bojungle.eu\/pl\/wp-json\/wp\/v2\/product\/46466\/revisions"}],"predecessor-version":[{"id":67424,"href":"https:\/\/www.bojungle.eu\/pl\/wp-json\/wp\/v2\/product\/46466\/revisions\/67424"}],"wp:featuredmedia":[{"embeddable":true,"href":"https:\/\/www.bojungle.eu\/pl\/wp-json\/wp\/v2\/media\/67373"}],"wp:attachment":[{"href":"https:\/\/www.bojungle.eu\/pl\/wp-json\/wp\/v2\/media?parent=46466"}],"wp:term":[{"taxonomy":"product_brand","embeddable":true,"href":"https:\/\/www.bojungle.eu\/pl\/wp-json\/wp\/v2\/product_brand?post=46466"},{"taxonomy":"product_cat","embeddable":true,"href":"https:\/\/www.bojungle.eu\/pl\/wp-json\/wp\/v2\/product_cat?post=46466"},{"taxonomy":"product_tag","embeddable":true,"href":"https:\/\/www.bojungle.eu\/pl\/wp-json\/wp\/v2\/product_tag?post=46466"},{"taxonomy":"woo-feed-brand","embeddable":true,"href":"https:\/\/www.bojungle.eu\/pl\/wp-json\/wp\/v2\/woo-feed-brand?post=46466"}],"curies":[{"name":"wp","href":"https:\/\/api.w.org\/{rel}","templated":true}]}}