{"id":46803,"date":"2023-08-17T09:17:37","date_gmt":"2023-08-17T07:17:37","guid":{"rendered":"https:\/\/www.bojungle.eu\/?post_type=product&#038;p=46803"},"modified":"2025-06-17T16:37:22","modified_gmt":"2025-06-17T14:37:22","slug":"pure-white-swinging-rocker-2-en-1","status":"publish","type":"product","link":"https:\/\/www.bojungle.eu\/pl\/produkt\/pure-white-swinging-rocker-2-en-1\/","title":{"rendered":"Bujak 2 w 1 Pure White"},"content":{"rendered":"<p>Przedstawiamy Pure White Swinging Rocker 2 w 1: najlepsze rozwi\u0105zanie uspokajaj\u0105ce dla niemowl\u0105t<\/p>\n<p>Uspok\u00f3j swoje dziecko dzi\u0119ki naszemu Pure White Swinging Rocker 2 w 1, zaprojektowanemu w celu zapewnienia niezr\u00f3wnanego komfortu, bezpiecze\u0144stwa i wygody zar\u00f3wno dla Ciebie, jak i Twojego malucha.<\/p>\n<p><strong>Podw\u00f3jna funkcjonalno\u015b\u0107:<\/strong> Ten innowacyjny produkt p\u0142ynnie przechodzi mi\u0119dzy koj\u0105c\u0105 hu\u015btawk\u0105 a przytulnym le\u017caczkiem, oferuj\u0105c wszechstronno\u015b\u0107 dostosowan\u0105 do potrzeb dziecka w dowolnym momencie. Niezale\u017cnie od tego, czy jest to czas drzemki, czy zabawy, to rozwi\u0105zanie 2 w 1 zapewni Ci ochron\u0119.<\/p>\n<p><strong>Bezpiecze\u0144stwo przede wszystkim:<\/strong> Dzi\u0119ki wbudowanemu 5-punktowemu systemowi uprz\u0119\u017cy mo\u017cesz mie\u0107 pewno\u015b\u0107, \u017ce Twoje dziecko jest bezpiecznie przypi\u0119te pasami, aby zapewni\u0107 bezproblemowe wra\u017cenia. Tw\u00f3j spok\u00f3j ducha jest naszym najwy\u017cszym priorytetem. <\/p>\n<p><strong>Interaktywna zabawa:<\/strong> Regulowany \u0142uk do zabawy nad nim zapewnia wci\u0105gaj\u0105c\u0105 rozrywk\u0119 Twojemu maluchowi, stymuluj\u0105c jego zmys\u0142y i zach\u0119caj\u0105c do eksploracji. Obserwuj, jak Twoje dziecko z rado\u015bci\u0105 si\u0119ga, chwyta i odkrywa nowe widoki i d\u017awi\u0119ki. <\/p>\n<p><strong>Muzyczna rozkosz:<\/strong> Potrzebujesz dodatkowej pomocy w uko\u0142ysaniu dziecka do snu? Wystarczy nacisn\u0105\u0107 przycisk, aby aktywowa\u0107 koj\u0105ce melodie, tworz\u0105c uspokajaj\u0105c\u0105 atmosfer\u0119, kt\u00f3ra pomaga w relaksie i sprzyja spokojnemu snu Twojemu ma\u0142emu pakietowi rado\u015bci. <\/p>\n<p><strong>Wygodne funkcje:<\/strong><\/p>\n<ul>\n<li>Removable bouncer for standalone use.<\/li>\n<li>Wybierz mi\u0119dzy funkcjami ko\u0142ysz\u0105cymi i sta\u0142ymi, aby zwi\u0119kszy\u0107 elastyczno\u015b\u0107.<\/li>\n<li>Obracane o 360\u00b0 siedzisko u\u0142atwia interakcj\u0119 z dzieckiem pod ka\u017cdym k\u0105tem.<\/li>\n<li>Regulowane oparcie z trzema ustawieniami wysoko\u015bci dla optymalnego komfortu.<\/li>\n<li>Steruj hu\u015btawk\u0105 bez wysi\u0142ku za pomoc\u0105 panelu lub do\u0142\u0105czonego pilota zdalnego sterowania.<\/li>\n<li>Do\u0142\u0105czony adapter zapewnia wygod\u0119 pod\u0142\u0105czania lub mo\u017cliwo\u015b\u0107 przenoszenia przy u\u017cyciu 4 baterii typu C.<\/li>\n<li>Wybieraj spo\u015br\u00f3d 7 r\u00f3\u017cnych opcji ruchu i 5 pr\u0119dko\u015bci hu\u015btania, aby dostosowa\u0107 doznania do preferencji dziecka.<\/li>\n<\/ul>\n<p>Poznaj Pure White Swinging Rocker 2 w 1 i odkryj idealne po\u0142\u0105czenie komfortu, wygody i bezpiecze\u0144stwa dla Ciebie i Twojego male\u0144stwa. Po\u017cegnaj si\u0119 z k\u0142opotliwymi chwilami i przywitaj si\u0119 ze spokojn\u0105 b\u0142ogo\u015bci\u0105 przy ka\u017cdym u\u017cyciu.<\/p>\n<table border=\"1\">\n<tbody>\n<tr>\n<td>Podr\u0119cznik<\/td>\n<td><a href=\"https:\/\/www.bojungle.eu\/wp-content\/uploads\/2025\/06\/B-Swinging-Rocker-Manual.pdf\" target=\"_blank\" rel=\"noopener\">Kliknij tutaj<\/a><\/td>\n<\/tr>\n<\/tbody>\n<\/table>\n","protected":false},"excerpt":{"rendered":"<p>Przedstawiamy bujaczek 2 w 1 Pure White: najbardziej komfortowy towarzysz Twojego dziecka! P\u0142ynnie prze\u0142\u0105czaj si\u0119 mi\u0119dzy koj\u0105c\u0105 hu\u015btawk\u0105 a przytulnym le\u017caczkiem z \u0142atwo\u015bci\u0105. Wyposa\u017cony w 5-punktow\u0105 uprz\u0105\u017c dla bezpiecze\u0144stwa, regulowany \u0142uk do zabawy do interaktywnej zabawy i koj\u0105c\u0105 muzyk\u0119 za naci\u015bni\u0119ciem jednego przycisku. Dzi\u0119ki obrotowi siedziska o 360\u00b0, 7 opcjom ruchu i 5 pr\u0119dko\u015bciom hu\u015btania jest to idealne rozwi\u0105zanie zar\u00f3wno dla zapracowanych rodzic\u00f3w, jak i zadowolonych dzieci.   <\/p>\n","protected":false},"featured_media":67072,"comment_status":"closed","ping_status":"closed","template":"","meta":{"_lmt_disableupdate":"","_lmt_disable":""},"product_brand":[],"product_cat":[539],"product_tag":[1125,1126,1128,1131],"woo-feed-brand":[],"class_list":{"0":"post-46803","1":"product","2":"type-product","3":"status-publish","4":"has-post-thumbnail","6":"product_cat-hustawki-i-bujaki","7":"product_tag-automat","8":"product_tag-czysta-biel","9":"product_tag-hustawka","10":"product_tag-relaksujacy","12":"first","13":"instock","14":"featured","15":"taxable","16":"shipping-taxable","17":"purchasable","18":"product-type-simple"},"_links":{"self":[{"href":"https:\/\/www.bojungle.eu\/pl\/wp-json\/wp\/v2\/product\/46803","targetHints":{"allow":["GET"]}}],"collection":[{"href":"https:\/\/www.bojungle.eu\/pl\/wp-json\/wp\/v2\/product"}],"about":[{"href":"https:\/\/www.bojungle.eu\/pl\/wp-json\/wp\/v2\/types\/product"}],"replies":[{"embeddable":true,"href":"https:\/\/www.bojungle.eu\/pl\/wp-json\/wp\/v2\/comments?post=46803"}],"version-history":[{"count":2,"href":"https:\/\/www.bojungle.eu\/pl\/wp-json\/wp\/v2\/product\/46803\/revisions"}],"predecessor-version":[{"id":80329,"href":"https:\/\/www.bojungle.eu\/pl\/wp-json\/wp\/v2\/product\/46803\/revisions\/80329"}],"wp:featuredmedia":[{"embeddable":true,"href":"https:\/\/www.bojungle.eu\/pl\/wp-json\/wp\/v2\/media\/67072"}],"wp:attachment":[{"href":"https:\/\/www.bojungle.eu\/pl\/wp-json\/wp\/v2\/media?parent=46803"}],"wp:term":[{"taxonomy":"product_brand","embeddable":true,"href":"https:\/\/www.bojungle.eu\/pl\/wp-json\/wp\/v2\/product_brand?post=46803"},{"taxonomy":"product_cat","embeddable":true,"href":"https:\/\/www.bojungle.eu\/pl\/wp-json\/wp\/v2\/product_cat?post=46803"},{"taxonomy":"product_tag","embeddable":true,"href":"https:\/\/www.bojungle.eu\/pl\/wp-json\/wp\/v2\/product_tag?post=46803"},{"taxonomy":"woo-feed-brand","embeddable":true,"href":"https:\/\/www.bojungle.eu\/pl\/wp-json\/wp\/v2\/woo-feed-brand?post=46803"}],"curies":[{"name":"wp","href":"https:\/\/api.w.org\/{rel}","templated":true}]}}