{"id":47146,"date":"2023-08-22T14:44:15","date_gmt":"2023-08-22T12:44:15","guid":{"rendered":"https:\/\/www.bojungle.eu\/product\/tropical-discovery-skladana-silownia-z-pileczkami\/"},"modified":"2024-02-14T09:34:44","modified_gmt":"2024-02-14T08:34:44","slug":"tropical-discovery-skladana-silownia-z-pileczkami","status":"publish","type":"product","link":"https:\/\/www.bojungle.eu\/pl\/produkt\/tropical-discovery-skladana-silownia-z-pileczkami\/","title":{"rendered":"Tropical Discovery sk\u0142adana si\u0142ownia z pi\u0142eczkami"},"content":{"rendered":"<ul>\n<li><span class=\"OYPEnA text-decoration-none text-strikethrough-none\">Kolorowy design<\/span><\/li>\n<li><span class=\"OYPEnA text-decoration-none text-strikethrough-none\">Karbowana ksi\u0105\u017ceczka z piszcza\u0142k\u0105<\/span><\/li>\n<li><span class=\"OYPEnA text-decoration-none text-strikethrough-none\">20 kolorowych pi\u0142eczek<\/span><\/li>\n<li><span class=\"OYPEnA text-decoration-none text-strikethrough-none\">R\u00f3\u017cne grzechotki<\/span><\/li>\n<li><span class=\"OYPEnA text-decoration-none text-strikethrough-none\">Lusterko<\/span><\/li>\n<li><span class=\"OYPEnA text-decoration-none text-strikethrough-none\">Poduszka na brzuch<\/span><\/li>\n<li><span class=\"OYPEnA text-decoration-none text-strikethrough-none\">Mo\u017cliwo\u015b\u0107 przekszta\u0142cenia w pi\u0142eczk\u0119<\/span><\/li>\n<li><span class=\"OYPEnA text-decoration-none text-strikethrough-none\">4 pozycje do zabawy (brzuszek, plecy, raczkowanie i siedzenie)<\/span><\/li>\n<li><span class=\"OYPEnA text-decoration-none text-strikethrough-none\">R\u00f3\u017cne melodie<\/span><\/li>\n<li><span class=\"OYPEnA text-decoration-none text-strikethrough-none\">Regulacja g\u0142o\u015bno\u015bci<\/span><\/li>\n<li><span class=\"OYPEnA text-decoration-none text-strikethrough-none\">\u015awiec\u0105cy \u0142uk do zabawy<\/span><\/li>\n<li><span class=\"OYPEnA text-decoration-none text-strikethrough-none\">3x baterie AAA (brak w zestawie)<\/span><\/li>\n<\/ul>\n","protected":false},"excerpt":{"rendered":"<div class=\"w-full text-token-text-primary\" data-testid=\"conversation-turn-3\">\n<div class=\"px-4 py-2 justify-center text-base md:gap-6 m-auto\">\n<div class=\"flex flex-1 text-base mx-auto gap-3 md:px-5 lg:px-1 xl:px-5 md:max-w-3xl lg:max-w-[40rem] xl:max-w-[48rem] group final-completion\">\n<div class=\"relative flex w-full flex-col agent-turn\">\n<div class=\"flex-col gap-1 md:gap-3\">\n<div class=\"flex flex-grow flex-col max-w-full\">\n<div class=\"min-h-[20px] text-message flex flex-col items-start gap-3 whitespace-pre-wrap break-words [.text-message+&amp;]:mt-5 overflow-x-auto\" data-message-author-role=\"assistant\" data-message-id=\"82db606c-0594-41f5-8ade-70aa18437775\">\n<div class=\"markdown prose w-full break-words dark:prose-invert light\">\n<p>Odkryj Tropical Discovery Foldable Ball Pit Play Gym, najlepsz\u0105 stref\u0119 przyg\u00f3d dla Twojego ma\u0142ego odkrywcy! Ta t\u0119tni\u0105ca \u017cyciem mata do zabawy mo\u017ce s\u0142u\u017cy\u0107 jako wspania\u0142y basen z pi\u0142eczkami, oferuj\u0105c nieko\u0144cz\u0105ce si\u0119 mo\u017cliwo\u015bci zabawy i rozwoju. Wyposa\u017cona we wci\u0105gaj\u0105ce funkcje, takie jak karbowana ksi\u0105\u017ceczka z piszcza\u0142k\u0105, grzechotki, lusterko i wygodna poduszka pod brzuszek, zach\u0119ca do eksploracji i stymulacji sensorycznej w czterech wszechstronnych pozycjach do zabawy. Zachwycaj\u0105ce melodie i migaj\u0105ce \u015bwiate\u0142ka pobudzaj\u0105 wyobra\u017ani\u0119 dziecka, a \u015bwiec\u0105cy \u0142uk do zabawy dodaje dodatkowej magii. Dzi\u0119ki kolorowemu wzornictwu, wygodnemu sk\u0142adaniu i regulacji g\u0142o\u015bno\u015bci dla spokoju rodzic\u00f3w, ta si\u0142ownia do zabawy jest niezb\u0119dna do radosnej zabawy.    <\/p>\n<\/div>\n<\/div>\n<\/div>\n<div class=\"mt-1 flex justify-start gap-3 empty:hidden\">\n<div class=\"text-gray-400 flex self-end lg:self-center justify-center lg:justify-start mt-0 -ml-1 visible\">\n<p>&nbsp;<\/p>\n<div class=\"flex\"><\/div>\n<\/div>\n<\/div>\n<\/div>\n<\/div>\n<\/div>\n<\/div>\n<\/div>\n<div class=\"mx-auto\">\n<div data-projection-id=\"43\">\n<div class=\"mx-auto mt-2 inline-flex rounded-xl border border-gray-100 dark:border-gray-700\"><\/div>\n<\/div>\n<\/div>\n","protected":false},"featured_media":66009,"comment_status":"closed","ping_status":"closed","template":"","meta":{"_lmt_disableupdate":"","_lmt_disable":""},"product_brand":[],"product_cat":[474],"product_tag":[1223],"woo-feed-brand":[],"class_list":{"0":"post-47146","1":"product","2":"type-product","3":"status-publish","4":"has-post-thumbnail","6":"product_cat-playtime-pl","7":"product_tag-sala-zabaw","9":"first","10":"outofstock","11":"featured","12":"taxable","13":"shipping-taxable","14":"purchasable","15":"product-type-simple"},"_links":{"self":[{"href":"https:\/\/www.bojungle.eu\/pl\/wp-json\/wp\/v2\/product\/47146","targetHints":{"allow":["GET"]}}],"collection":[{"href":"https:\/\/www.bojungle.eu\/pl\/wp-json\/wp\/v2\/product"}],"about":[{"href":"https:\/\/www.bojungle.eu\/pl\/wp-json\/wp\/v2\/types\/product"}],"replies":[{"embeddable":true,"href":"https:\/\/www.bojungle.eu\/pl\/wp-json\/wp\/v2\/comments?post=47146"}],"version-history":[{"count":1,"href":"https:\/\/www.bojungle.eu\/pl\/wp-json\/wp\/v2\/product\/47146\/revisions"}],"predecessor-version":[{"id":66068,"href":"https:\/\/www.bojungle.eu\/pl\/wp-json\/wp\/v2\/product\/47146\/revisions\/66068"}],"wp:featuredmedia":[{"embeddable":true,"href":"https:\/\/www.bojungle.eu\/pl\/wp-json\/wp\/v2\/media\/66009"}],"wp:attachment":[{"href":"https:\/\/www.bojungle.eu\/pl\/wp-json\/wp\/v2\/media?parent=47146"}],"wp:term":[{"taxonomy":"product_brand","embeddable":true,"href":"https:\/\/www.bojungle.eu\/pl\/wp-json\/wp\/v2\/product_brand?post=47146"},{"taxonomy":"product_cat","embeddable":true,"href":"https:\/\/www.bojungle.eu\/pl\/wp-json\/wp\/v2\/product_cat?post=47146"},{"taxonomy":"product_tag","embeddable":true,"href":"https:\/\/www.bojungle.eu\/pl\/wp-json\/wp\/v2\/product_tag?post=47146"},{"taxonomy":"woo-feed-brand","embeddable":true,"href":"https:\/\/www.bojungle.eu\/pl\/wp-json\/wp\/v2\/woo-feed-brand?post=47146"}],"curies":[{"name":"wp","href":"https:\/\/api.w.org\/{rel}","templated":true}]}}