{"id":47497,"date":"2023-08-28T14:37:49","date_gmt":"2023-08-28T12:37:49","guid":{"rendered":"https:\/\/www.bojungle.eu\/product\/toby-lodz-z-tryskajacym-strumieniem-wody\/"},"modified":"2023-08-28T15:00:49","modified_gmt":"2023-08-28T13:00:49","slug":"toby-lodz-z-tryskajacym-strumieniem-wody","status":"publish","type":"product","link":"https:\/\/www.bojungle.eu\/pl\/produkt\/toby-lodz-z-tryskajacym-strumieniem-wody\/","title":{"rendered":"Toby \u0142\u00f3d\u017a z tryskaj\u0105cym strumieniem wody"},"content":{"rendered":"<ul>\n<li><span class=\"OYPEnA text-decoration-none text-strikethrough-none\">Kreatywna, obracaj\u0105ca si\u0119 o 360\u00b0 funkcja rozpylania wody<\/span><\/li>\n<li><span class=\"OYPEnA text-decoration-none text-strikethrough-none\">P\u0142ynie automatycznie, gdy tylko uderzy w wod\u0119<\/span><\/li>\n<li><span class=\"OYPEnA text-decoration-none text-strikethrough-none\">Wodna zabawa dooko\u0142a<\/span><\/li>\n<li><span class=\"OYPEnA text-decoration-none text-strikethrough-none\">Stymuluje umiej\u0119tno\u015bci poznawcze<\/span><\/li>\n<li><span class=\"OYPEnA text-decoration-none text-strikethrough-none\">Stymuluje umiej\u0119tno\u015bci motoryczne<\/span><\/li>\n<li><span class=\"OYPEnA text-decoration-none text-strikethrough-none\">Wodoodporna konstrukcja<\/span><\/li>\n<li><span class=\"OYPEnA text-decoration-none text-strikethrough-none\">3x baterie AA (brak w zestawie)<\/span><\/li>\n<li>Kolory mog\u0105 si\u0119 r\u00f3\u017cni\u0107<\/li>\n<\/ul>\n<p>&nbsp;<\/p>\n","protected":false},"excerpt":{"rendered":"<p><span class=\"OYPEnA text-decoration-none text-strikethrough-none\">Wodna \u0142\u00f3d\u017a odrzutowa Toby jest gotowa do wyruszenia na misj\u0119! Umie\u015b\u0107 go w wodzie, a zabawa zacznie si\u0119 natychmiast. Mo\u017cesz skierowa\u0107 jego odrzutowiec na wszystko, a on wystartuje z du\u017c\u0105 pr\u0119dko\u015bci\u0105.  <\/span><\/p>\n","protected":false},"featured_media":74371,"comment_status":"closed","ping_status":"closed","template":"","meta":{"_lmt_disableupdate":"","_lmt_disable":""},"product_brand":[],"product_cat":[474,523],"product_tag":[],"woo-feed-brand":[],"class_list":{"0":"post-47497","1":"product","2":"type-product","3":"status-publish","4":"has-post-thumbnail","6":"product_cat-playtime-pl","7":"product_cat-zabawki-do-kapieli","9":"first","10":"instock","11":"taxable","12":"shipping-taxable","13":"purchasable","14":"product-type-simple"},"_links":{"self":[{"href":"https:\/\/www.bojungle.eu\/pl\/wp-json\/wp\/v2\/product\/47497","targetHints":{"allow":["GET"]}}],"collection":[{"href":"https:\/\/www.bojungle.eu\/pl\/wp-json\/wp\/v2\/product"}],"about":[{"href":"https:\/\/www.bojungle.eu\/pl\/wp-json\/wp\/v2\/types\/product"}],"replies":[{"embeddable":true,"href":"https:\/\/www.bojungle.eu\/pl\/wp-json\/wp\/v2\/comments?post=47497"}],"version-history":[{"count":0,"href":"https:\/\/www.bojungle.eu\/pl\/wp-json\/wp\/v2\/product\/47497\/revisions"}],"wp:featuredmedia":[{"embeddable":true,"href":"https:\/\/www.bojungle.eu\/pl\/wp-json\/wp\/v2\/media\/74371"}],"wp:attachment":[{"href":"https:\/\/www.bojungle.eu\/pl\/wp-json\/wp\/v2\/media?parent=47497"}],"wp:term":[{"taxonomy":"product_brand","embeddable":true,"href":"https:\/\/www.bojungle.eu\/pl\/wp-json\/wp\/v2\/product_brand?post=47497"},{"taxonomy":"product_cat","embeddable":true,"href":"https:\/\/www.bojungle.eu\/pl\/wp-json\/wp\/v2\/product_cat?post=47497"},{"taxonomy":"product_tag","embeddable":true,"href":"https:\/\/www.bojungle.eu\/pl\/wp-json\/wp\/v2\/product_tag?post=47497"},{"taxonomy":"woo-feed-brand","embeddable":true,"href":"https:\/\/www.bojungle.eu\/pl\/wp-json\/wp\/v2\/woo-feed-brand?post=47497"}],"curies":[{"name":"wp","href":"https:\/\/api.w.org\/{rel}","templated":true}]}}