{"id":47588,"date":"2023-08-29T10:45:20","date_gmt":"2023-08-29T08:45:20","guid":{"rendered":"https:\/\/www.bojungle.eu\/?post_type=product&#038;p=47588"},"modified":"2025-06-05T14:27:47","modified_gmt":"2025-06-05T12:27:47","slug":"podgrzewacz-do-butelek-superfast-digital-car-and-home-shady-grey","status":"publish","type":"product","link":"https:\/\/www.bojungle.eu\/pl\/produkt\/podgrzewacz-do-butelek-superfast-digital-car-and-home-shady-grey\/","title":{"rendered":"Podgrzewacz do butelek Superfast Digital Car and Home (Shady Grey)"},"content":{"rendered":"<ul>\n<li>Najwi\u0119kszy i najszybszy podgrzewacz do butelek na rynku<\/li>\n<li>Zawiera adapter umo\u017cliwiaj\u0105cy \u0142adowanie w samochodzie<\/li>\n<li>\u00b1 1 min 30 do podgrzania butelki 240 ml<\/li>\n<li>\u00b1 2 minuty na podgrzanie s\u0142oiczka z jedzeniem dla niemowl\u0105t<\/li>\n<li>\u015arednica wewn\u0119trzna 8,5 cm<\/li>\n<li>Czas ogrzewania konfigurowany z odst\u0119pem 10 sekund<\/li>\n<li>Wskazuje pozosta\u0142y czas ogrzewania<\/li>\n<li>Pier\u015bcie\u0144 adaptacyjny do ma\u0142ych butelek<\/li>\n<li>Zatrzymuje si\u0119 automatycznie, alarm wizualny i d\u017awi\u0119kowy<\/li>\n<li>Miarka do wody<\/li>\n<li>220V &#8211; 500 Watt<\/li>\n<\/ul>\n<table border=\"1\">\n<tbody>\n<tr>\n<td>Podr\u0119cznik<\/td>\n<td><a href=\"https:\/\/www.bojungle.eu\/wp-content\/uploads\/2025\/06\/B510220-B-Bottle-Warmer-CarHome-Shady-Grey.pdf\">Kliknij tutaj<\/a><\/td>\n<\/tr>\n<\/tbody>\n<\/table>\n<p>&nbsp;<\/p>\n","protected":false},"excerpt":{"rendered":"<p class=\"cvGsUA direction-ltr align-start para-style-body\"><span class=\"OYPEnA text-decoration-none text-strikethrough-none\">W podr\u00f3\u017cy lub w domu, ten podgrzewacz do butelek przyda si\u0119 wsz\u0119dzie! To najzdrowszy spos\u00f3b na b\u0142yskawiczne podgrzanie butelek dziecka. Dzi\u0119ki do\u0142\u0105czonemu dozownikowi mo\u017cna \u0142atwo doda\u0107 wod\u0119 do podgrzewacza do butelek. Nast\u0119pnie nale\u017cy umie\u015bci\u0107 butelk\u0119 w do\u0142\u0105czonym koszyku i w razie potrzeby zamkn\u0105\u0107 go za pomoc\u0105 pier\u015bcienia regulacyjnego. W ten spos\u00f3b gor\u0105ca para pozostanie wok\u00f3\u0142 butelki, a czas podgrzewania zostanie przyspieszony. Nast\u0119pnie wybierz \u017c\u0105dany czas; mo\u017ce on wynosi\u0107 od 1 do 12 minut. Gdy czas dobiegnie ko\u0144ca lub sko\u0144czy si\u0119 woda, rozlegnie si\u0119 alarm. Pami\u0119taj, aby dobrze wstrz\u0105sn\u0105\u0107 butelk\u0105, aby umo\u017cliwi\u0107 rozprzestrzenianie si\u0119 ciep\u0142a.     <\/span><\/p>\n<p class=\"cvGsUA direction-ltr align-start para-style-body\"><span class=\"OYPEnA text-decoration-none text-strikethrough-none\">UWAGA: Nadmierna ilo\u015b\u0107 wody w zbiorniku i\/lub butelce mo\u017ce spowolni\u0107 proces podgrzewania.<\/span><\/p>\n","protected":false},"featured_media":72593,"comment_status":"closed","ping_status":"closed","template":"","meta":{"_lmt_disableupdate":"","_lmt_disable":""},"product_brand":[],"product_cat":[444,441],"product_tag":[],"woo-feed-brand":[],"class_list":{"0":"post-47588","1":"product","2":"type-product","3":"status-publish","4":"has-post-thumbnail","6":"product_cat-przygotowanie-posilkow","7":"product_cat-zywnosc-i-napoje","9":"first","10":"instock","11":"featured","12":"taxable","13":"shipping-taxable","14":"purchasable","15":"product-type-simple"},"_links":{"self":[{"href":"https:\/\/www.bojungle.eu\/pl\/wp-json\/wp\/v2\/product\/47588","targetHints":{"allow":["GET"]}}],"collection":[{"href":"https:\/\/www.bojungle.eu\/pl\/wp-json\/wp\/v2\/product"}],"about":[{"href":"https:\/\/www.bojungle.eu\/pl\/wp-json\/wp\/v2\/types\/product"}],"replies":[{"embeddable":true,"href":"https:\/\/www.bojungle.eu\/pl\/wp-json\/wp\/v2\/comments?post=47588"}],"version-history":[{"count":2,"href":"https:\/\/www.bojungle.eu\/pl\/wp-json\/wp\/v2\/product\/47588\/revisions"}],"predecessor-version":[{"id":80101,"href":"https:\/\/www.bojungle.eu\/pl\/wp-json\/wp\/v2\/product\/47588\/revisions\/80101"}],"wp:featuredmedia":[{"embeddable":true,"href":"https:\/\/www.bojungle.eu\/pl\/wp-json\/wp\/v2\/media\/72593"}],"wp:attachment":[{"href":"https:\/\/www.bojungle.eu\/pl\/wp-json\/wp\/v2\/media?parent=47588"}],"wp:term":[{"taxonomy":"product_brand","embeddable":true,"href":"https:\/\/www.bojungle.eu\/pl\/wp-json\/wp\/v2\/product_brand?post=47588"},{"taxonomy":"product_cat","embeddable":true,"href":"https:\/\/www.bojungle.eu\/pl\/wp-json\/wp\/v2\/product_cat?post=47588"},{"taxonomy":"product_tag","embeddable":true,"href":"https:\/\/www.bojungle.eu\/pl\/wp-json\/wp\/v2\/product_tag?post=47588"},{"taxonomy":"woo-feed-brand","embeddable":true,"href":"https:\/\/www.bojungle.eu\/pl\/wp-json\/wp\/v2\/woo-feed-brand?post=47588"}],"curies":[{"name":"wp","href":"https:\/\/api.w.org\/{rel}","templated":true}]}}