{"id":47901,"date":"2023-09-06T13:21:36","date_gmt":"2023-09-06T11:21:36","guid":{"rendered":"https:\/\/www.bojungle.eu\/product\/3-w-1-walker-ruby-red\/"},"modified":"2025-06-19T16:14:55","modified_gmt":"2025-06-19T14:14:55","slug":"3-w-1-walker-ruby-red","status":"publish","type":"product","link":"https:\/\/www.bojungle.eu\/pl\/produkt\/3-w-1-walker-ruby-red\/","title":{"rendered":"3 w 1 Walker Ruby Red"},"content":{"rendered":"<div class=\"flex-shrink-0 flex flex-col relative items-end\">\n<div>\n<div class=\"pt-0\">\n<div class=\"gizmo-bot-avatar flex h-8 w-8 items-center justify-center overflow-hidden rounded-full\">\n<div class=\"relative p-1 rounded-sm flex items-center justify-center bg-token-main-surface-primary text-token-text-primary h-8 w-8\">Niech silnik wyskoczy dzi\u0119ki naszemu 3 w 1 Walker Ruby Red , Twojej ma\u0142ej gwie\u017adzie wy\u015bcig\u00f3w! Ten wszechstronny chodzik zosta\u0142 zaprojektowany, aby rosn\u0105\u0107 wraz z dzieckiem, przekszta\u0142caj\u0105c si\u0119 z fajnego fotelika samochodowego wy\u015bcigowego w chodzik, a nawet w\u00f3zek. <\/div>\n<\/div>\n<\/div>\n<\/div>\n<\/div>\n<div class=\"group\/conversation-turn relative flex w-full min-w-0 flex-col agent-turn\">\n<div class=\"flex-col gap-1 md:gap-3\">\n<div class=\"flex max-w-full flex-col flex-grow\">\n<div class=\"min-h-[20px] text-message flex w-full flex-col items-end gap-2 break-words [.text-message+&amp;]:mt-5 overflow-x-auto whitespace-pre-wrap\" dir=\"auto\" data-message-author-role=\"assistant\" data-message-id=\"fedb9589-ff2d-4632-9e0d-009a6d3232ab\">\n<div class=\"flex w-full flex-col gap-1 empty:hidden first:pt-[3px]\">\n<div class=\"markdown prose w-full break-words dark:prose-invert light\">\n<h3>Cechy:<\/h3>\n<ul>\n<li><strong>Ro\u015bnie wraz z dzieckiem:<\/strong> Dostosuj siedzisko do 3 r\u00f3\u017cnych wysoko\u015bci w miar\u0119 wzrostu dziecka, zapewniaj\u0105c wygodne dopasowanie na ka\u017cdym etapie.<\/li>\n<li><strong>Zabawna kierownica: <\/strong>Deska rozdzielcza jest wyposa\u017cona w kierownic\u0119, \u015bwiat\u0142a i r\u00f3\u017cne melodie, kt\u00f3re zapewni\u0105 maluchowi rozrywk\u0119.<\/li>\n<li><strong>\u0141atwe manewrowanie:<\/strong> Dzi\u0119ki 4 k\u00f3\u0142kom i przednim obrotom 360\u00b0 dziecko mo\u017ce porusza\u0107 si\u0119 p\u0142ynnie i \u0142atwo.<\/li>\n<li><strong>\u0141atwe przechowywanie: <\/strong>Chodzik szybko si\u0119 sk\u0142ada, dzi\u0119ki czemu mo\u017cna go \u0142atwo przechowywa\u0107 lub zabra\u0107 w podr\u00f3\u017c.<\/li>\n<li><strong>Konstrukcja 3 w 1:<\/strong> \u0141atwo prze\u0142\u0105czaj si\u0119 z chodzika na w\u00f3zek spacerowy, zapewniaj\u0105c elastyczno\u015b\u0107 podczas ka\u017cdej przygody.<\/li>\n<li><strong>\u0141atwo\u015b\u0107 czyszczenia:<\/strong> Pokrowiec mo\u017cna zdj\u0105\u0107 i wypra\u0107, dzi\u0119ki czemu chodzik pozostaje \u015bwie\u017cy i czysty.<\/li>\n<\/ul>\n<p>Pozw\u00f3l swojemu maluchowi stawia\u0107 pierwsze kroki z rado\u015bci\u0105 i ekscytacj\u0105 w chodziku 3 w 1 Ruby Red. Niezale\u017cnie od tego, czy p\u0142ywaj\u0105 po domu, czy ucz\u0105 si\u0119 chodzi\u0107, ten chodzik zapewnia nieko\u0144cz\u0105c\u0105 si\u0119 zabaw\u0119 i wsparcie. <\/p>\n<table border=\"1\">\n<tbody>\n<tr>\n<td>Podr\u0119cznik<\/td>\n<td><a href=\"https:\/\/www.bojungle.eu\/wp-content\/uploads\/2025\/06\/B910530-910540-manual.pdf\">Kliknij tutaj<\/a><\/td>\n<\/tr>\n<\/tbody>\n<\/table>\n<\/div>\n<\/div>\n<\/div>\n<\/div>\n<\/div>\n<\/div>\n<p class=\"cvGsUA direction-ltr align-start para-style-body\">\n","protected":false},"excerpt":{"rendered":"<div class=\"flex max-w-full flex-col flex-grow\">\n<div class=\"min-h-[20px] text-message flex w-full flex-col items-end gap-2 break-words [.text-message+&amp;]:mt-5 overflow-x-auto whitespace-pre-wrap\" dir=\"auto\" data-message-author-role=\"assistant\" data-message-id=\"409651fe-ab51-4f04-83c5-1b327069df1a\">\n<div class=\"flex w-full flex-col gap-1 empty:hidden first:pt-[3px]\">\n<div class=\"markdown prose w-full break-words dark:prose-invert light\">\n<p>Pozw\u00f3l swojemu maluchowi wkroczy\u0107 do akcji dzi\u0119ki naszemu chodzikowi 3 w 1 Ruby Red ! Ten zabawny i elastyczny chodzik ro\u015bnie razem z dzieckiem, \u0142atwo przekszta\u0142caj\u0105c si\u0119 z fotelika wy\u015bcigowego w chodzik, a nawet w\u00f3zek. Dzi\u0119ki regulowanej wysoko\u015bci, zabawnej kierownicy ze \u015bwiat\u0142ami i melodiami, p\u0142ynnie obracaj\u0105cym si\u0119 o 360\u00b0 ko\u0142om i sk\u0142adanej konstrukcji u\u0142atwiaj\u0105cej przechowywanie, jest zbudowany zar\u00f3wno z my\u015bl\u0105 o zabawie, jak i wygodzie. Ponadto zdejmowany, nadaj\u0105cy si\u0119 do prania pokrowiec utrzymuje go w czysto\u015bci i \u015bwie\u017co\u015bci. Idealny na pierwsze kroki Twojego dziecka i nie tylko.    <\/p>\n<\/div>\n<\/div>\n<\/div>\n<\/div>\n","protected":false},"featured_media":76444,"comment_status":"closed","ping_status":"closed","template":"","meta":{"_lmt_disableupdate":"","_lmt_disable":""},"product_brand":[],"product_cat":[491,474,613],"product_tag":[],"woo-feed-brand":[],"class_list":{"0":"post-47901","1":"product","2":"type-product","3":"status-publish","4":"has-post-thumbnail","6":"product_cat-kolorowe-zabawki","7":"product_cat-playtime-pl","8":"product_cat-zabawki-ruchowe","10":"first","11":"instock","12":"taxable","13":"shipping-taxable","14":"purchasable","15":"product-type-simple"},"_links":{"self":[{"href":"https:\/\/www.bojungle.eu\/pl\/wp-json\/wp\/v2\/product\/47901","targetHints":{"allow":["GET"]}}],"collection":[{"href":"https:\/\/www.bojungle.eu\/pl\/wp-json\/wp\/v2\/product"}],"about":[{"href":"https:\/\/www.bojungle.eu\/pl\/wp-json\/wp\/v2\/types\/product"}],"replies":[{"embeddable":true,"href":"https:\/\/www.bojungle.eu\/pl\/wp-json\/wp\/v2\/comments?post=47901"}],"version-history":[{"count":2,"href":"https:\/\/www.bojungle.eu\/pl\/wp-json\/wp\/v2\/product\/47901\/revisions"}],"predecessor-version":[{"id":80543,"href":"https:\/\/www.bojungle.eu\/pl\/wp-json\/wp\/v2\/product\/47901\/revisions\/80543"}],"wp:featuredmedia":[{"embeddable":true,"href":"https:\/\/www.bojungle.eu\/pl\/wp-json\/wp\/v2\/media\/76444"}],"wp:attachment":[{"href":"https:\/\/www.bojungle.eu\/pl\/wp-json\/wp\/v2\/media?parent=47901"}],"wp:term":[{"taxonomy":"product_brand","embeddable":true,"href":"https:\/\/www.bojungle.eu\/pl\/wp-json\/wp\/v2\/product_brand?post=47901"},{"taxonomy":"product_cat","embeddable":true,"href":"https:\/\/www.bojungle.eu\/pl\/wp-json\/wp\/v2\/product_cat?post=47901"},{"taxonomy":"product_tag","embeddable":true,"href":"https:\/\/www.bojungle.eu\/pl\/wp-json\/wp\/v2\/product_tag?post=47901"},{"taxonomy":"woo-feed-brand","embeddable":true,"href":"https:\/\/www.bojungle.eu\/pl\/wp-json\/wp\/v2\/woo-feed-brand?post=47901"}],"curies":[{"name":"wp","href":"https:\/\/api.w.org\/{rel}","templated":true}]}}