{"id":47981,"date":"2023-09-06T15:42:25","date_gmt":"2023-09-06T13:42:25","guid":{"rendered":"https:\/\/www.bojungle.eu\/?post_type=product&#038;p=47981"},"modified":"2024-04-10T14:41:14","modified_gmt":"2024-04-10T12:41:14","slug":"niedzwiedz-do-kapieli-terakota","status":"publish","type":"product","link":"https:\/\/www.bojungle.eu\/pl\/produkt\/niedzwiedz-do-kapieli-terakota\/","title":{"rendered":"Nied\u017awied\u017a do k\u0105pieli terakota"},"content":{"rendered":"<p>Odkryj Bath Bear Terracotta \u2013 nowego ulubionego towarzysza k\u0105pieli Twojego dziecka! Dzi\u0119ki uroczemu wzorowi ucha misia i wygodnemu kszta\u0142towi czas k\u0105pieli sta\u0142 si\u0119 o wiele przyjemniejszy. Ta wanienka dla niemowl\u0105t jest wyposa\u017cona w por\u0119czny reduktor, kt\u00f3ry jest idealny dla noworodk\u00f3w i zabezpiecza je za pomoc\u0105 przyssawek. A gdy nadejdzie czas na spuszczenie wody, wystarczy otworzy\u0107 korek spustowy, aby szybko i \u0142atwo posprz\u0105ta\u0107. W zestawie znajduje si\u0119 r\u00f3wnie\u017c wyjmowana mydelniczka wykonana z ekologicznego silikonu, dzi\u0119ki czemu wszystkie niezb\u0119dne przybory do k\u0105pieli mo\u017cna mie\u0107 zawsze pod r\u0119k\u0105.<\/p>\n<p> Ponadto mo\u017cesz mie\u0107 pewno\u015b\u0107, wiedz\u0105c, \u017ce Bath Bear Terracotta nie zawiera BPA, dzi\u0119ki czemu Twoje dziecko b\u0119dzie bezpieczne podczas pluskanych przyg\u00f3d.<\/p>\n","protected":false},"excerpt":{"rendered":"<div class=\"elementor-element elementor-element-80cf67d elementor-widget elementor-widget-jet-single-excerpt\" data-id=\"80cf67d\" data-element_type=\"widget\" data-widget_type=\"jet-single-excerpt.default\">\n<div class=\"elementor-widget-container\">\n<div class=\"elementor-jet-single-excerpt jet-woo-builder\">\n<div class=\"woocommerce-product-details__short-description\">\n<p>Poznaj Bath Bear Terracotta \u2013 najlepszego towarzysza k\u0105pieli Twojego dziecka! Dzi\u0119ki uroczym uszom nied\u017awiedzia i ergonomicznej konstrukcji czas k\u0105pieli sta\u0142 si\u0119 o wiele s\u0142odszy i wygodniejszy. W komplecie z reduktorem do k\u0105pieli dla noworodk\u00f3w, pokrywk\u0105 u\u0142atwiaj\u0105c\u0105 spuszczanie wody i przyjazn\u0105 dla \u015brodowiska mydelniczk\u0105, jest to idealne po\u0142\u0105czenie zabawy i funkcjonalno\u015bci. Ponadto jest wolny od BPA, co zapewnia spok\u00f3j ducha.   Przygotuj si\u0119 na czyste przygody z terakot\u0105 Bath Bear!<\/p>\n<\/div>\n<\/div>\n<\/div>\n<\/div>\n<div class=\"elementor-element elementor-element-c5d7d93 elementor-widget elementor-widget-spacer\" data-id=\"c5d7d93\" data-element_type=\"widget\" data-widget_type=\"spacer.default\">\n<div class=\"elementor-widget-container\">\n<div class=\"elementor-spacer\"><\/div>\n<\/div>\n<\/div>\n<p>&nbsp;<\/p>\n","protected":false},"featured_media":69223,"comment_status":"closed","ping_status":"closed","template":"","meta":{"_lmt_disableupdate":"","_lmt_disable":""},"product_brand":[],"product_cat":[590,522],"product_tag":[],"woo-feed-brand":[],"class_list":{"0":"post-47981","1":"product","2":"type-product","3":"status-publish","4":"has-post-thumbnail","6":"product_cat-dziecko-w-kapieli","7":"product_cat-pielegnacja-skory","9":"first","10":"instock","11":"taxable","12":"shipping-taxable","13":"purchasable","14":"product-type-simple"},"_links":{"self":[{"href":"https:\/\/www.bojungle.eu\/pl\/wp-json\/wp\/v2\/product\/47981","targetHints":{"allow":["GET"]}}],"collection":[{"href":"https:\/\/www.bojungle.eu\/pl\/wp-json\/wp\/v2\/product"}],"about":[{"href":"https:\/\/www.bojungle.eu\/pl\/wp-json\/wp\/v2\/types\/product"}],"replies":[{"embeddable":true,"href":"https:\/\/www.bojungle.eu\/pl\/wp-json\/wp\/v2\/comments?post=47981"}],"version-history":[{"count":1,"href":"https:\/\/www.bojungle.eu\/pl\/wp-json\/wp\/v2\/product\/47981\/revisions"}],"predecessor-version":[{"id":72714,"href":"https:\/\/www.bojungle.eu\/pl\/wp-json\/wp\/v2\/product\/47981\/revisions\/72714"}],"wp:featuredmedia":[{"embeddable":true,"href":"https:\/\/www.bojungle.eu\/pl\/wp-json\/wp\/v2\/media\/69223"}],"wp:attachment":[{"href":"https:\/\/www.bojungle.eu\/pl\/wp-json\/wp\/v2\/media?parent=47981"}],"wp:term":[{"taxonomy":"product_brand","embeddable":true,"href":"https:\/\/www.bojungle.eu\/pl\/wp-json\/wp\/v2\/product_brand?post=47981"},{"taxonomy":"product_cat","embeddable":true,"href":"https:\/\/www.bojungle.eu\/pl\/wp-json\/wp\/v2\/product_cat?post=47981"},{"taxonomy":"product_tag","embeddable":true,"href":"https:\/\/www.bojungle.eu\/pl\/wp-json\/wp\/v2\/product_tag?post=47981"},{"taxonomy":"woo-feed-brand","embeddable":true,"href":"https:\/\/www.bojungle.eu\/pl\/wp-json\/wp\/v2\/woo-feed-brand?post=47981"}],"curies":[{"name":"wp","href":"https:\/\/api.w.org\/{rel}","templated":true}]}}