{"id":48191,"date":"2023-09-06T16:41:58","date_gmt":"2023-09-06T14:41:58","guid":{"rendered":"https:\/\/www.bojungle.eu\/?post_type=product&#038;p=48191"},"modified":"2024-02-16T15:32:22","modified_gmt":"2024-02-16T14:32:22","slug":"submarine-reczny-termometr-do-kapieli","status":"publish","type":"product","link":"https:\/\/www.bojungle.eu\/pl\/produkt\/submarine-reczny-termometr-do-kapieli\/","title":{"rendered":"Submarine &#8211; r\u0119czny termometr do k\u0105pieli"},"content":{"rendered":"<p>R\u0119czny termometr do k\u0105pieli Submarine zosta\u0142 stworzony z my\u015bl\u0105 o przyjemno\u015bci, ten uroczy termometr w kszta\u0142cie \u0142odzi podwodnej oferuje precyzyjne odczyty temperatury, zapewniaj\u0105c, \u017ce woda do k\u0105pieli dziecka jest zawsze odpowiednia. Koniec ze zgadywaniem lub r\u0119cznym testowaniem &#8211; wystarczy spojrze\u0107 na wy\u015bwietlacz temperatury, aby uzyska\u0107 natychmiastow\u0105 pewno\u015b\u0107. Ale na tym zabawa si\u0119 nie ko\u0144czy! Termometr do k\u0105pieli Submarine jest nie tylko praktyczny, ale tak\u017ce zabawny. Jego uroczy design dodaje odrobin\u0119 kaprysu do wystroju \u0142azienki, umilaj\u0105c czas k\u0105pieli swoj\u0105 zachwycaj\u0105c\u0105 obecno\u015bci\u0105. A oto najlepsza cz\u0119\u015b\u0107 &#8211; na dnie \u0142odzi podwodnej znajduje si\u0119 specjalna funkcja, kt\u00f3ra odr\u00f3\u017cnia j\u0105 od zwyk\u0142ych termometr\u00f3w. Nakr\u0119\u0107 \u015bmig\u0142o i obserwuj, jak \u0142\u00f3d\u017a podwodna unosi si\u0119 swobodnie w wannie, urzekaj\u0105c dziecko swoim kapry\u015bnym ruchem. Dzi\u0119ki r\u0119cznemu termometrowi do k\u0105pieli Submarine mo\u017cesz przekszta\u0142ci\u0107 zwyk\u0142e k\u0105piele w niezwyk\u0142e przygody. Przywitaj si\u0119 z radosnym pluskaniem i niezapomnianymi chwilami z tym obowi\u0105zkowym dodatkiem do rutyny w \u0142azience. <\/p>\n<ul>\n<li><span class=\"OYPEnA text-decoration-none text-strikethrough-none\">Wy\u015bwietlacz temperatury<\/span><\/li>\n<li><span class=\"OYPEnA text-decoration-none text-strikethrough-none\">Uroczy, zabawny kszta\u0142t<\/span><\/li>\n<li><span class=\"OYPEnA text-decoration-none text-strikethrough-none\">Nakr\u0119cany<\/span><\/li>\n<\/ul>\n","protected":false},"excerpt":{"rendered":"<p>Poznaj \u0142\u00f3d\u017a podwodn\u0105 &#8211; r\u0119czny termometr do k\u0105pieli, wspania\u0142y dodatek do zabawy podczas k\u0105pieli dla Twojego malucha! Po\u017cegnaj si\u0119 z niepewno\u015bci\u0105 co do temperatury wody i powitaj bezproblemowe k\u0105piele dzi\u0119ki temu uroczemu termometrowi. <\/p>\n<p>&nbsp;<\/p>\n","protected":false},"featured_media":66475,"comment_status":"closed","ping_status":"closed","template":"","meta":{"_lmt_disableupdate":"","_lmt_disable":""},"product_brand":[],"product_cat":[590,522,591],"product_tag":[],"woo-feed-brand":[],"class_list":{"0":"post-48191","1":"product","2":"type-product","3":"status-publish","4":"has-post-thumbnail","6":"product_cat-dziecko-w-kapieli","7":"product_cat-pielegnacja-skory","8":"product_cat-uroda-i-zdrowie-dziecka","10":"first","11":"instock","12":"taxable","13":"shipping-taxable","14":"purchasable","15":"product-type-simple"},"_links":{"self":[{"href":"https:\/\/www.bojungle.eu\/pl\/wp-json\/wp\/v2\/product\/48191","targetHints":{"allow":["GET"]}}],"collection":[{"href":"https:\/\/www.bojungle.eu\/pl\/wp-json\/wp\/v2\/product"}],"about":[{"href":"https:\/\/www.bojungle.eu\/pl\/wp-json\/wp\/v2\/types\/product"}],"replies":[{"embeddable":true,"href":"https:\/\/www.bojungle.eu\/pl\/wp-json\/wp\/v2\/comments?post=48191"}],"version-history":[{"count":1,"href":"https:\/\/www.bojungle.eu\/pl\/wp-json\/wp\/v2\/product\/48191\/revisions"}],"predecessor-version":[{"id":66514,"href":"https:\/\/www.bojungle.eu\/pl\/wp-json\/wp\/v2\/product\/48191\/revisions\/66514"}],"wp:featuredmedia":[{"embeddable":true,"href":"https:\/\/www.bojungle.eu\/pl\/wp-json\/wp\/v2\/media\/66475"}],"wp:attachment":[{"href":"https:\/\/www.bojungle.eu\/pl\/wp-json\/wp\/v2\/media?parent=48191"}],"wp:term":[{"taxonomy":"product_brand","embeddable":true,"href":"https:\/\/www.bojungle.eu\/pl\/wp-json\/wp\/v2\/product_brand?post=48191"},{"taxonomy":"product_cat","embeddable":true,"href":"https:\/\/www.bojungle.eu\/pl\/wp-json\/wp\/v2\/product_cat?post=48191"},{"taxonomy":"product_tag","embeddable":true,"href":"https:\/\/www.bojungle.eu\/pl\/wp-json\/wp\/v2\/product_tag?post=48191"},{"taxonomy":"woo-feed-brand","embeddable":true,"href":"https:\/\/www.bojungle.eu\/pl\/wp-json\/wp\/v2\/woo-feed-brand?post=48191"}],"curies":[{"name":"wp","href":"https:\/\/api.w.org\/{rel}","templated":true}]}}