{"id":48242,"date":"2023-09-07T11:06:32","date_gmt":"2023-09-07T09:06:32","guid":{"rendered":"https:\/\/www.bojungle.eu\/?post_type=product&#038;p=48242"},"modified":"2024-02-22T15:26:18","modified_gmt":"2024-02-22T14:26:18","slug":"whale-reczny-termometr-do-kapieli","status":"publish","type":"product","link":"https:\/\/www.bojungle.eu\/pl\/produkt\/whale-reczny-termometr-do-kapieli\/","title":{"rendered":"Whale &#8211; r\u0119czny termometr do k\u0105pieli"},"content":{"rendered":"<p>Wieloryb &#8211; r\u0119czny termometr do k\u0105pieli zosta\u0142 stworzony z my\u015bl\u0105 o przyjemno\u015bci, ten uroczy termometr w kszta\u0142cie \u0142odzi podwodnej oferuje precyzyjne odczyty temperatury, zapewniaj\u0105c, \u017ce woda do k\u0105pieli dziecka jest zawsze odpowiednia. Koniec ze zgadywaniem lub r\u0119cznym testowaniem &#8211; wystarczy spojrze\u0107 na wy\u015bwietlacz temperatury, aby uzyska\u0107 natychmiastow\u0105 pewno\u015b\u0107. Ale na tym zabawa si\u0119 nie ko\u0144czy! Termometr do k\u0105pieli Whale jest nie tylko praktyczny, ale tak\u017ce zabawny. Jego uroczy design dodaje odrobin\u0119 kaprysu do wystroju \u0142azienki, umilaj\u0105c czas k\u0105pieli swoj\u0105 zachwycaj\u0105c\u0105 obecno\u015bci\u0105. Dzi\u0119ki r\u0119cznemu termometrowi do k\u0105pieli Whale mo\u017cesz przekszta\u0142ci\u0107 zwyk\u0142e k\u0105piele w niezwyk\u0142e przygody. Przywitaj si\u0119 z radosnym pluskaniem i niezapomnianymi chwilami dzi\u0119ki temu obowi\u0105zkowemu dodatkowi do rutyny w \u0142azience. <\/p>\n<ul>\n<li><span class=\"OYPEnA text-decoration-none text-strikethrough-none\">Wy\u015bwietlacz temperatury<\/span><\/li>\n<li><span class=\"OYPEnA text-decoration-none text-strikethrough-none\">Uroczy, zabawny kszta\u0142t<\/span><\/li>\n<\/ul>\n","protected":false},"excerpt":{"rendered":"<p>Zabawa z Wielorybem &#8211; r\u0119cznym termometrem do k\u0105pieli, wspania\u0142ym dodatkiem do zabawy podczas k\u0105pieli dla Twojego malucha! Po\u017cegnaj si\u0119 z niepewno\u015bci\u0105 co do temperatury wody i powitaj bezproblemowe k\u0105piele z tym uroczym termometrem. <\/p>\n","protected":false},"featured_media":66552,"comment_status":"closed","ping_status":"closed","template":"","meta":{"_lmt_disableupdate":"","_lmt_disable":""},"product_brand":[],"product_cat":[590,522,591],"product_tag":[],"woo-feed-brand":[],"class_list":{"0":"post-48242","1":"product","2":"type-product","3":"status-publish","4":"has-post-thumbnail","6":"product_cat-dziecko-w-kapieli","7":"product_cat-pielegnacja-skory","8":"product_cat-uroda-i-zdrowie-dziecka","10":"first","11":"instock","12":"taxable","13":"shipping-taxable","14":"purchasable","15":"product-type-simple"},"_links":{"self":[{"href":"https:\/\/www.bojungle.eu\/pl\/wp-json\/wp\/v2\/product\/48242","targetHints":{"allow":["GET"]}}],"collection":[{"href":"https:\/\/www.bojungle.eu\/pl\/wp-json\/wp\/v2\/product"}],"about":[{"href":"https:\/\/www.bojungle.eu\/pl\/wp-json\/wp\/v2\/types\/product"}],"replies":[{"embeddable":true,"href":"https:\/\/www.bojungle.eu\/pl\/wp-json\/wp\/v2\/comments?post=48242"}],"version-history":[{"count":1,"href":"https:\/\/www.bojungle.eu\/pl\/wp-json\/wp\/v2\/product\/48242\/revisions"}],"predecessor-version":[{"id":66562,"href":"https:\/\/www.bojungle.eu\/pl\/wp-json\/wp\/v2\/product\/48242\/revisions\/66562"}],"wp:featuredmedia":[{"embeddable":true,"href":"https:\/\/www.bojungle.eu\/pl\/wp-json\/wp\/v2\/media\/66552"}],"wp:attachment":[{"href":"https:\/\/www.bojungle.eu\/pl\/wp-json\/wp\/v2\/media?parent=48242"}],"wp:term":[{"taxonomy":"product_brand","embeddable":true,"href":"https:\/\/www.bojungle.eu\/pl\/wp-json\/wp\/v2\/product_brand?post=48242"},{"taxonomy":"product_cat","embeddable":true,"href":"https:\/\/www.bojungle.eu\/pl\/wp-json\/wp\/v2\/product_cat?post=48242"},{"taxonomy":"product_tag","embeddable":true,"href":"https:\/\/www.bojungle.eu\/pl\/wp-json\/wp\/v2\/product_tag?post=48242"},{"taxonomy":"woo-feed-brand","embeddable":true,"href":"https:\/\/www.bojungle.eu\/pl\/wp-json\/wp\/v2\/woo-feed-brand?post=48242"}],"curies":[{"name":"wp","href":"https:\/\/api.w.org\/{rel}","templated":true}]}}