{"id":48545,"date":"2023-09-07T14:56:37","date_gmt":"2023-09-07T12:56:37","guid":{"rendered":"https:\/\/www.bojungle.eu\/product\/szczotki-do-pielegnacji-niemowlat-3-szt\/"},"modified":"2025-02-13T14:17:31","modified_gmt":"2025-02-13T13:17:31","slug":"szczotki-do-pielegnacji-niemowlat-3-szt","status":"publish","type":"product","link":"https:\/\/www.bojungle.eu\/pl\/produkt\/szczotki-do-pielegnacji-niemowlat-3-szt\/","title":{"rendered":"Szczotki do piel\u0119gnacji niemowl\u0105t (3 szt.)"},"content":{"rendered":"<p>Nasz zestaw szczotek do piel\u0119gnacji niemowl\u0105t zosta\u0142 stworzony z my\u015bl\u0105 o delikatnej piel\u0119gnacji sk\u00f3ry g\u0142owy i w\u0142os\u00f3w dziecka. Wykonany z naturalnych materia\u0142\u00f3w i wysokiej jako\u015bci zestaw zawiera trzy r\u00f3\u017cne szczotki do ka\u017cdego rodzaju w\u0142os\u00f3w dziecka, od delikatnych i mi\u0119kkich po grubsze. <\/p>\n<ul>\n<li><strong>\u0141atwa do trzymania: <\/strong>ka\u017cda szczoteczka ma g\u0142adki uchwyt wykonany z drewna gruszy, dzi\u0119ki czemu jest wygodna dla rodzic\u00f3w i \u0142atwa w u\u017cyciu.<\/li>\n<li><strong>Zaokr\u0105glone z\u0119by i w\u0142osie: <\/strong>Dzi\u0119ki zaokr\u0105glonym ko\u0144c\u00f3wkom i mi\u0119kkiemu w\u0142osiu z o\u015blego w\u0142osia, szczotki te s\u0105 delikatne dla sk\u00f3ry g\u0142owy, zapobiegaj\u0105c szarpaniu i podra\u017cnieniom.<\/li>\n<li><strong>Idealne dla delikatnej sk\u00f3ry:<\/strong> Szczotki te s\u0105 idealne dla wra\u017cliwej sk\u00f3ry dziecka, pomagaj\u0105c zachowa\u0107 mi\u0119kko\u015b\u0107 i g\u0142adko\u015b\u0107 w\u0142os\u00f3w, a jednocze\u015bnie s\u0105 bardzo delikatne.<\/li>\n<\/ul>\n<div class=\"flex max-w-full flex-col flex-grow\">\n<div class=\"min-h-8 text-message flex w-full flex-col items-end gap-2 whitespace-normal break-words [.text-message+&amp;]:mt-5\" dir=\"auto\" data-message-author-role=\"assistant\" data-message-id=\"534e1b46-fdf7-4e15-9a16-42cce9b45815\" data-message-model-slug=\"gpt-4o\">\n<div class=\"flex w-full flex-col gap-1 empty:hidden first:pt-[3px]\">\n<div class=\"markdown prose w-full break-words dark:prose-invert light\">\n<p>Ten 3-cz\u0119\u015bciowy zestaw zapewnia wszystko, czego potrzebujesz, aby w\u0142osy dziecka nie pl\u0105ta\u0142y si\u0119 i by\u0142y zadbane &#8211; a wszystko to z mi\u0119kkich w dotyku naturalnych materia\u0142\u00f3w.<\/p>\n<\/div>\n<\/div>\n<\/div>\n<\/div>\n<div class=\"mb-2 flex gap-3 empty:hidden -ml-2\">\n<div class=\"items-center justify-start rounded-xl p-1 flex\">\n<div class=\"flex items-center\">\n<p>&nbsp;<\/p>\n<div class=\"flex\"><\/div>\n<div class=\"flex items-center pb-0\"><\/div>\n<\/div>\n<\/div>\n<\/div>\n","protected":false},"excerpt":{"rendered":"<p>Ten naturalny 3-cz\u0119\u015bciowy zestaw szczotek dla niemowl\u0105t jest idealny do delikatnej piel\u0119gnacji w\u0142os\u00f3w dziecka. Wykonana z g\u0142adkich uchwyt\u00f3w z drewna gruszy i mi\u0119kkiego w\u0142osia os\u0142a, ka\u017cda szczotka jest delikatna dla wra\u017cliwej sk\u00f3ry g\u0142owy i \u0142atwa do trzymania. Idealny dla wszystkich rodzaj\u00f3w w\u0142os\u00f3w, zestaw ten sprawia, \u017ce w\u0142osy dziecka s\u0105 g\u0142adkie i nie pl\u0105cz\u0105 si\u0119.  <\/p>\n","protected":false},"featured_media":68783,"comment_status":"closed","ping_status":"closed","template":"","meta":{"_lmt_disableupdate":"","_lmt_disable":""},"product_brand":[],"product_cat":[522,591],"product_tag":[],"woo-feed-brand":[],"class_list":{"0":"post-48545","1":"product","2":"type-product","3":"status-publish","4":"has-post-thumbnail","6":"product_cat-pielegnacja-skory","7":"product_cat-uroda-i-zdrowie-dziecka","9":"first","10":"instock","11":"taxable","12":"shipping-taxable","13":"purchasable","14":"product-type-simple"},"_links":{"self":[{"href":"https:\/\/www.bojungle.eu\/pl\/wp-json\/wp\/v2\/product\/48545","targetHints":{"allow":["GET"]}}],"collection":[{"href":"https:\/\/www.bojungle.eu\/pl\/wp-json\/wp\/v2\/product"}],"about":[{"href":"https:\/\/www.bojungle.eu\/pl\/wp-json\/wp\/v2\/types\/product"}],"replies":[{"embeddable":true,"href":"https:\/\/www.bojungle.eu\/pl\/wp-json\/wp\/v2\/comments?post=48545"}],"version-history":[{"count":2,"href":"https:\/\/www.bojungle.eu\/pl\/wp-json\/wp\/v2\/product\/48545\/revisions"}],"predecessor-version":[{"id":78417,"href":"https:\/\/www.bojungle.eu\/pl\/wp-json\/wp\/v2\/product\/48545\/revisions\/78417"}],"wp:featuredmedia":[{"embeddable":true,"href":"https:\/\/www.bojungle.eu\/pl\/wp-json\/wp\/v2\/media\/68783"}],"wp:attachment":[{"href":"https:\/\/www.bojungle.eu\/pl\/wp-json\/wp\/v2\/media?parent=48545"}],"wp:term":[{"taxonomy":"product_brand","embeddable":true,"href":"https:\/\/www.bojungle.eu\/pl\/wp-json\/wp\/v2\/product_brand?post=48545"},{"taxonomy":"product_cat","embeddable":true,"href":"https:\/\/www.bojungle.eu\/pl\/wp-json\/wp\/v2\/product_cat?post=48545"},{"taxonomy":"product_tag","embeddable":true,"href":"https:\/\/www.bojungle.eu\/pl\/wp-json\/wp\/v2\/product_tag?post=48545"},{"taxonomy":"woo-feed-brand","embeddable":true,"href":"https:\/\/www.bojungle.eu\/pl\/wp-json\/wp\/v2\/woo-feed-brand?post=48545"}],"curies":[{"name":"wp","href":"https:\/\/api.w.org\/{rel}","templated":true}]}}