{"id":48565,"date":"2023-09-08T09:46:10","date_gmt":"2023-09-08T07:46:10","guid":{"rendered":"https:\/\/www.bojungle.eu\/product\/gabki-z-naturalnej-pulpy-drzewnej-3-szt\/"},"modified":"2024-04-02T16:18:09","modified_gmt":"2024-04-02T14:18:09","slug":"gabki-z-naturalnego-drewna-3szt","status":"publish","type":"product","link":"https:\/\/www.bojungle.eu\/pl\/produkt\/gabki-z-naturalnego-drewna-3szt\/","title":{"rendered":"G\u0105bki z naturalnej pulpy drzewnej (3 szt.)"},"content":{"rendered":"<p>Przedstawiamy nasze g\u0105bki z naturalnej pulpy drzewnej \u2013 przyjazne dla \u015brodowiska rozwi\u0105zanie do codziennej piel\u0119gnacji sk\u00f3ry! G\u0105bki te, wykonane z czystej miazgi drzewnej, s\u0105 nie tylko delikatne dla sk\u00f3ry, ale tak\u017ce dla \u015brodowiska, poniewa\u017c ulegaj\u0105 ca\u0142kowitej biodegradacji. Dzi\u0119ki wyj\u0105tkowej ch\u0142onno\u015bci i mi\u0119kkiej, pluszowej konsystencji nasze g\u0105bki s\u0105 idealne dla delikatnej sk\u00f3ry Twojego dziecka. Ich delikatny dotyk sprawia, \u017ce k\u0105piel staje si\u0119 dziecinnie prosta, zapewniaj\u0105c Twojemu male\u0144stwu piel\u0119gnuj\u0105ce i komfortowe do\u015bwiadczenie. Ka\u017cda g\u0105bka ma unikalny kszta\u0142t, kt\u00f3ry doda odrobin\u0119 fantazji do codziennego programu piel\u0119gnacji sk\u00f3ry. Dost\u0119pne w zestawie trzech zabawnych kolor\u00f3w, te g\u0105bki wnosz\u0105 zabawny element do niezb\u0119dnych akcesori\u00f3w \u0142azienkowych. Idealne zar\u00f3wno do twarzy, jak i cia\u0142a, nasze naturalne g\u0105bki zapewniaj\u0105 dok\u0142adne oczyszczenie, nie podra\u017cniaj\u0105c wra\u017cliwych typ\u00f3w sk\u00f3ry. Po\u017cegnaj ostre chemikalia i przywitaj si\u0119 z czyst\u0105 dobroci\u0105 miazgi drzewnej. Ulepsz swoj\u0105 codzienn\u0105 piel\u0119gnacj\u0119 sk\u00f3ry za pomoc\u0105 naszych g\u0105bek z naturalnej pulpy drzewnej \u2013 poniewa\u017c troska o sk\u00f3r\u0119 i planet\u0119 powinna zawsze i\u015b\u0107 w parze. <\/p>\n<ul>\n<li>Zabawne kszta\u0142ty i kolory<\/li>\n<li>Wykonane z pulpy drzewnej<\/li>\n<li>Zestaw 3 sztuk<\/li>\n<li>Idealne do twarzy i cia\u0142a<\/li>\n<li>Odpowiednie dla wra\u017cliwych typ\u00f3w sk\u00f3ry<\/li>\n<\/ul>\n","protected":false},"excerpt":{"rendered":"<p><span class=\"OYPEnA text-decoration-none text-strikethrough-none\">G\u0105bki z naturalnej miazgi drzewnej wykonane s\u0105 z miazgi drzewnej, g\u0105bki te ulegaj\u0105 biodegradacji. Maj\u0105 doskona\u0142\u0105 ch\u0142onno\u015b\u0107 i maj\u0105 mi\u0119kk\u0105 konsystencj\u0119, dzi\u0119ki czemu s\u0105 idealnymi czynnikami dla sk\u00f3ry Twojego dziecka. Ka\u017cda g\u0105bka ma niepowtarzalny kszta\u0142t. G\u0105bki naturalne idealnie nadaj\u0105 si\u0119 do czyszczenia twarzy i cia\u0142a, a ponadto s\u0105 odpowiednie dla wra\u017cliwego typu sk\u00f3ry.   <\/span><\/p>\n","protected":false},"featured_media":68843,"comment_status":"closed","ping_status":"closed","template":"","meta":{"_lmt_disableupdate":"","_lmt_disable":""},"product_brand":[],"product_cat":[590,522],"product_tag":[],"woo-feed-brand":[],"class_list":{"0":"post-48565","1":"product","2":"type-product","3":"status-publish","4":"has-post-thumbnail","6":"product_cat-dziecko-w-kapieli","7":"product_cat-pielegnacja-skory","9":"first","10":"instock","11":"taxable","12":"shipping-taxable","13":"purchasable","14":"product-type-simple"},"_links":{"self":[{"href":"https:\/\/www.bojungle.eu\/pl\/wp-json\/wp\/v2\/product\/48565","targetHints":{"allow":["GET"]}}],"collection":[{"href":"https:\/\/www.bojungle.eu\/pl\/wp-json\/wp\/v2\/product"}],"about":[{"href":"https:\/\/www.bojungle.eu\/pl\/wp-json\/wp\/v2\/types\/product"}],"replies":[{"embeddable":true,"href":"https:\/\/www.bojungle.eu\/pl\/wp-json\/wp\/v2\/comments?post=48565"}],"version-history":[{"count":1,"href":"https:\/\/www.bojungle.eu\/pl\/wp-json\/wp\/v2\/product\/48565\/revisions"}],"predecessor-version":[{"id":71915,"href":"https:\/\/www.bojungle.eu\/pl\/wp-json\/wp\/v2\/product\/48565\/revisions\/71915"}],"wp:featuredmedia":[{"embeddable":true,"href":"https:\/\/www.bojungle.eu\/pl\/wp-json\/wp\/v2\/media\/68843"}],"wp:attachment":[{"href":"https:\/\/www.bojungle.eu\/pl\/wp-json\/wp\/v2\/media?parent=48565"}],"wp:term":[{"taxonomy":"product_brand","embeddable":true,"href":"https:\/\/www.bojungle.eu\/pl\/wp-json\/wp\/v2\/product_brand?post=48565"},{"taxonomy":"product_cat","embeddable":true,"href":"https:\/\/www.bojungle.eu\/pl\/wp-json\/wp\/v2\/product_cat?post=48565"},{"taxonomy":"product_tag","embeddable":true,"href":"https:\/\/www.bojungle.eu\/pl\/wp-json\/wp\/v2\/product_tag?post=48565"},{"taxonomy":"woo-feed-brand","embeddable":true,"href":"https:\/\/www.bojungle.eu\/pl\/wp-json\/wp\/v2\/woo-feed-brand?post=48565"}],"curies":[{"name":"wp","href":"https:\/\/api.w.org\/{rel}","templated":true}]}}