{"id":48605,"date":"2023-09-08T11:50:16","date_gmt":"2023-09-08T09:50:16","guid":{"rendered":"https:\/\/www.bojungle.eu\/product\/czyscik-do-nosa-dla-niemowlat\/"},"modified":"2024-11-21T11:09:31","modified_gmt":"2024-11-21T10:09:31","slug":"czyscik-do-nosa-dla-niemowlat","status":"publish","type":"product","link":"https:\/\/www.bojungle.eu\/pl\/produkt\/czyscik-do-nosa-dla-niemowlat\/","title":{"rendered":"Detergente nasale per bambini"},"content":{"rendered":"<p>Pom\u00f3\u017c swojemu maluchowi \u0142atwiej oddycha\u0107 dzi\u0119ki naszemu oczyszczaczowi nosa dla niemowl\u0105t. Szybko i delikatnie usuwa \u015bluz, idealny na zatkany nos lub przezi\u0119bienie. Bezpieczny w u\u017cyciu od urodzenia, jest \u0142atwy w czyszczeniu i prosty w u\u017cyciu.  <\/p>\n<ul>\n<li><strong>Kompaktowy rozmiar:<\/strong> idealny do domu lub podr\u00f3\u017cy<\/li>\n<li><strong>Zdejmowana nasadka:<\/strong> Umo\u017cliwia szybkie i \u0142atwe czyszczenie.<\/li>\n<li><strong>Bezpieczny dla noworodk\u00f3w: <\/strong>Delikatny i bezpieczny dla ma\u0142ych nosk\u00f3w.<\/li>\n<\/ul>\n<p>Zapewnij dziecku komfort i czysto\u015b\u0107 dzi\u0119ki temu por\u0119cznemu urz\u0105dzeniu do czyszczenia nosa!<\/p>\n","protected":false},"excerpt":{"rendered":"<p><span class=\"OYPEnA text-decoration-none text-strikethrough-none\">Ten oczyszczacz do nosa dla niemowl\u0105t szybko i \u0142atwo usuwa \u015bluz z nosa malucha. Do u\u017cytku od urodzenia i idealny w przypadku zatkanego nosa lub przezi\u0119bienia. Ponadto mo\u017cna go \u0142atwo wyczy\u015bci\u0107 w \u015brodku dzi\u0119ki zdejmowanej nasadce.  <\/span><\/p>\n","protected":false},"featured_media":79496,"comment_status":"closed","ping_status":"closed","template":"","meta":{"_lmt_disableupdate":"","_lmt_disable":""},"product_brand":[],"product_cat":[522,591],"product_tag":[],"woo-feed-brand":[],"class_list":{"0":"post-48605","1":"product","2":"type-product","3":"status-publish","4":"has-post-thumbnail","6":"product_cat-pielegnacja-skory","7":"product_cat-uroda-i-zdrowie-dziecka","9":"first","10":"instock","11":"taxable","12":"shipping-taxable","13":"purchasable","14":"product-type-simple"},"_links":{"self":[{"href":"https:\/\/www.bojungle.eu\/pl\/wp-json\/wp\/v2\/product\/48605","targetHints":{"allow":["GET"]}}],"collection":[{"href":"https:\/\/www.bojungle.eu\/pl\/wp-json\/wp\/v2\/product"}],"about":[{"href":"https:\/\/www.bojungle.eu\/pl\/wp-json\/wp\/v2\/types\/product"}],"replies":[{"embeddable":true,"href":"https:\/\/www.bojungle.eu\/pl\/wp-json\/wp\/v2\/comments?post=48605"}],"version-history":[{"count":1,"href":"https:\/\/www.bojungle.eu\/pl\/wp-json\/wp\/v2\/product\/48605\/revisions"}],"predecessor-version":[{"id":78442,"href":"https:\/\/www.bojungle.eu\/pl\/wp-json\/wp\/v2\/product\/48605\/revisions\/78442"}],"wp:featuredmedia":[{"embeddable":true,"href":"https:\/\/www.bojungle.eu\/pl\/wp-json\/wp\/v2\/media\/79496"}],"wp:attachment":[{"href":"https:\/\/www.bojungle.eu\/pl\/wp-json\/wp\/v2\/media?parent=48605"}],"wp:term":[{"taxonomy":"product_brand","embeddable":true,"href":"https:\/\/www.bojungle.eu\/pl\/wp-json\/wp\/v2\/product_brand?post=48605"},{"taxonomy":"product_cat","embeddable":true,"href":"https:\/\/www.bojungle.eu\/pl\/wp-json\/wp\/v2\/product_cat?post=48605"},{"taxonomy":"product_tag","embeddable":true,"href":"https:\/\/www.bojungle.eu\/pl\/wp-json\/wp\/v2\/product_tag?post=48605"},{"taxonomy":"woo-feed-brand","embeddable":true,"href":"https:\/\/www.bojungle.eu\/pl\/wp-json\/wp\/v2\/woo-feed-brand?post=48605"}],"curies":[{"name":"wp","href":"https:\/\/api.w.org\/{rel}","templated":true}]}}