{"id":49093,"date":"2023-10-11T14:16:23","date_gmt":"2023-10-11T12:16:23","guid":{"rendered":"https:\/\/www.bojungle.eu\/?post_type=product&#038;p=49093"},"modified":"2024-04-23T14:12:06","modified_gmt":"2024-04-23T12:12:06","slug":"royal-foxy-drinking-cup-360","status":"publish","type":"product","link":"https:\/\/www.bojungle.eu\/pl\/produkt\/royal-foxy-drinking-cup-360\/","title":{"rendered":"Fili\u017canka do picia Royal Foxy 360\u00b0"},"content":{"rendered":"<p>Przedstawiamy kubek do picia Royal Foxy 360\u00b0, idealny towarzysz pij\u0105cych przyg\u00f3d Twojego malucha! Zaprojektowany z my\u015bl\u0105 zar\u00f3wno o zabawie, jak i funkcjonalno\u015bci, ten innowacyjny kubek treningowy zosta\u0142 stworzony tak, aby przej\u015bcie do samodzielnego picia by\u0142o proste. Kubek o zabawnym kszta\u0142cie 360\u00b0 zach\u0119ca dziecko do popijania i odkrywania kubka pod dowolnym k\u0105tem, rozwijaj\u0105c w nim niezb\u0119dne umiej\u0119tno\u015bci picia, jednocze\u015bnie ograniczaj\u0105c ba\u0142agan do minimum. Zintegrowana silikonowa kraw\u0119d\u017a zapewnia przep\u0142yw p\u0142ynu tylko wtedy, gdy maluch wywiera nacisk, co ogranicza rozlanie i pozwala na bardziej kontrolowane picie. Ozdobiony uroczym wzorem lisa, wyposa\u017cony w urocze uchwyty u\u0142atwiaj\u0105ce trzymanie i wygodn\u0105 zakr\u0119tk\u0119, dzi\u0119ki kt\u00f3rej zawarto\u015b\u0107 pozostaje \u015bwie\u017ca pomi\u0119dzy \u0142ykami, ten kubek \u0142\u0105czy w sobie praktyczno\u015b\u0107 z nieodpart\u0105 s\u0142odycz\u0105. Po\u017cegnaj wycieki i rozlane napoje dzi\u0119ki naszej technologii zapobiegaj\u0105cej wyciekom, kt\u00f3ra zapewni Ci spok\u00f3j ducha podczas ka\u017cdego \u0142yku. Dzi\u0119ki du\u017cej pojemno\u015bci 240 ml idealnie nadaje si\u0119 do ugaszenia pragnienia dziecka podczas zabawy lub przyg\u00f3d w podr\u00f3\u017cy. A kiedy nadejdzie czas sprz\u0105tania, po prostu wrzu\u0107 go do zmywarki, aby konserwacja nie wymaga\u0142a wysi\u0142ku, dzi\u0119ki czemu b\u0119dziesz mia\u0142 wi\u0119cej czasu na cieszenie si\u0119 cennymi chwilami ze swoim maluchem. Spraw, aby picie by\u0142o przyjemno\u015bci\u0105 i pozbawione ba\u0142aganu dzi\u0119ki kubkowi do picia Royal Foxy 360\u00b0 \u2013 poniewa\u017c ka\u017cdy \u0142yk powinien by\u0107 przygod\u0105! <\/p>\n","protected":false},"excerpt":{"rendered":"<div class=\"elementor-element elementor-element-80cf67d elementor-widget elementor-widget-jet-single-excerpt\" data-id=\"80cf67d\" data-element_type=\"widget\" data-widget_type=\"jet-single-excerpt.default\">\n<div class=\"elementor-widget-container\">\n<div class=\"elementor-jet-single-excerpt jet-woo-builder\">\n<div class=\"woocommerce-product-details__short-description\">\n<div class=\"elementor-element elementor-element-80cf67d elementor-widget elementor-widget-jet-single-excerpt\" data-id=\"80cf67d\" data-element_type=\"widget\" data-widget_type=\"jet-single-excerpt.default\">\n<div class=\"elementor-widget-container\">\n<div class=\"elementor-jet-single-excerpt jet-woo-builder\">\n<div class=\"woocommerce-product-details__short-description\">\n<p>Odkryj kubek do picia Royal Foxy 360\u00b0! To zabawny spos\u00f3b, w jaki Tw\u00f3j maluch mo\u017ce nauczy\u0107 si\u0119 samodzielnego picia. Dzi\u0119ki silikonowej kraw\u0119dzi ilo\u015b\u0107 rozlanych p\u0142yn\u00f3w jest ograniczona, dzi\u0119ki czemu zabawa jest wolna od ba\u0142aganu. Dzi\u0119ki uroczemu motywowi lisa, uchwytom u\u0142atwiaj\u0105cym trzymanie i zakr\u0119tce utrzymuj\u0105cej \u015bwie\u017co\u015b\u0107 napoj\u00f3w, jest zar\u00f3wno uroczy, jak i praktyczny. Ponadto jest szczelny i mo\u017cna go my\u0107 w zmywarce, co u\u0142atwia czyszczenie. Dzi\u0119ki pojemno\u015bci 240 ml idealnie zaspokoi pragnienie Twojego dziecka. Przywitaj si\u0119 z bezproblemowym popijaniem dzi\u0119ki kubkowi do picia Royal Foxy 360\u00b0!      <\/p>\n<\/div>\n<\/div>\n<\/div>\n<\/div>\n<div class=\"elementor-element elementor-element-c5d7d93 elementor-widget elementor-widget-spacer\" data-id=\"c5d7d93\" data-element_type=\"widget\" data-widget_type=\"spacer.default\">\n<div class=\"elementor-widget-container\">\n<div class=\"elementor-spacer\"><\/div>\n<\/div>\n<\/div>\n<\/div>\n<\/div>\n<\/div>\n<\/div>\n<div class=\"elementor-element elementor-element-c5d7d93 elementor-widget elementor-widget-spacer\" data-id=\"c5d7d93\" data-element_type=\"widget\" data-widget_type=\"spacer.default\">\n<div class=\"elementor-widget-container\">\n<div class=\"elementor-spacer\"><\/div>\n<\/div>\n<\/div>\n","protected":false},"featured_media":73889,"comment_status":"closed","ping_status":"closed","template":"","meta":{"_lmt_disableupdate":"","_lmt_disable":""},"product_brand":[],"product_cat":[444,441],"product_tag":[],"woo-feed-brand":[],"class_list":{"0":"post-49093","1":"product","2":"type-product","3":"status-publish","4":"has-post-thumbnail","6":"product_cat-przygotowanie-posilkow","7":"product_cat-zywnosc-i-napoje","9":"first","10":"instock","11":"taxable","12":"shipping-taxable","13":"purchasable","14":"product-type-simple"},"_links":{"self":[{"href":"https:\/\/www.bojungle.eu\/pl\/wp-json\/wp\/v2\/product\/49093","targetHints":{"allow":["GET"]}}],"collection":[{"href":"https:\/\/www.bojungle.eu\/pl\/wp-json\/wp\/v2\/product"}],"about":[{"href":"https:\/\/www.bojungle.eu\/pl\/wp-json\/wp\/v2\/types\/product"}],"replies":[{"embeddable":true,"href":"https:\/\/www.bojungle.eu\/pl\/wp-json\/wp\/v2\/comments?post=49093"}],"version-history":[{"count":2,"href":"https:\/\/www.bojungle.eu\/pl\/wp-json\/wp\/v2\/product\/49093\/revisions"}],"predecessor-version":[{"id":74585,"href":"https:\/\/www.bojungle.eu\/pl\/wp-json\/wp\/v2\/product\/49093\/revisions\/74585"}],"wp:featuredmedia":[{"embeddable":true,"href":"https:\/\/www.bojungle.eu\/pl\/wp-json\/wp\/v2\/media\/73889"}],"wp:attachment":[{"href":"https:\/\/www.bojungle.eu\/pl\/wp-json\/wp\/v2\/media?parent=49093"}],"wp:term":[{"taxonomy":"product_brand","embeddable":true,"href":"https:\/\/www.bojungle.eu\/pl\/wp-json\/wp\/v2\/product_brand?post=49093"},{"taxonomy":"product_cat","embeddable":true,"href":"https:\/\/www.bojungle.eu\/pl\/wp-json\/wp\/v2\/product_cat?post=49093"},{"taxonomy":"product_tag","embeddable":true,"href":"https:\/\/www.bojungle.eu\/pl\/wp-json\/wp\/v2\/product_tag?post=49093"},{"taxonomy":"woo-feed-brand","embeddable":true,"href":"https:\/\/www.bojungle.eu\/pl\/wp-json\/wp\/v2\/woo-feed-brand?post=49093"}],"curies":[{"name":"wp","href":"https:\/\/api.w.org\/{rel}","templated":true}]}}