{"id":64869,"date":"2024-01-26T13:24:53","date_gmt":"2024-01-26T12:24:53","guid":{"rendered":"https:\/\/www.bojungle.eu\/product\/termometr-cyfrowy\/"},"modified":"2025-05-15T13:16:01","modified_gmt":"2025-05-15T11:16:01","slug":"termometr-cyfrowy","status":"publish","type":"product","link":"https:\/\/www.bojungle.eu\/pl\/produkt\/termometr-cyfrowy\/","title":{"rendered":"Termometr cyfrowy"},"content":{"rendered":"<p>Nasz termometr cyfrowy oferuje szybkie, wiarygodne odczyty dla ca\u0142ej rodziny, zapewniaj\u0105c dok\u0142adno\u015b\u0107 do 0,1 stopnia. Ta precyzja zapewnia najbardziej wiarygodne wyniki za ka\u017cdym razem, zar\u00f3wno w przypadku niewielkiej kontroli gor\u0105czki, jak i rutynowego monitorowania. <\/p>\n<p>Zaprojektowany z mi\u0119kk\u0105, zginan\u0105 ko\u0144c\u00f3wk\u0105, termometr ten jest wygodny i delikatny zar\u00f3wno dla dzieci, jak i doros\u0142ych, dzi\u0119ki czemu jest \u0142atwy w u\u017cyciu nawet dla najmniejszych pacjent\u00f3w. Konstrukcja wolna od BPA gwarantuje bezpieczne u\u017cytkowanie, wolne od szkodliwych substancji chemicznych. \u0141atwy do odczytania wy\u015bwietlacz LCD pokazuje wyra\u017ane odczyty, umo\u017cliwiaj\u0105c uzyskanie wynik\u00f3w na pierwszy rzut oka.  <\/p>\n<p>Niezale\u017cnie od tego, czy chcesz szybko sprawdzi\u0107 temperatur\u0119, czy monitorowa\u0107 j\u0105 w czasie, nasz termometr cyfrowy \u0142\u0105czy wydajno\u015b\u0107 i bezpiecze\u0144stwo w jednym prostym narz\u0119dziu.<\/p>\n<p>&nbsp;<\/p>\n<table border=\"1\">\n<tbody>\n<tr>\n<td>Podr\u0119cznik<\/td>\n<td><a href=\"https:\/\/www.bojungle.eu\/wp-content\/uploads\/2025\/05\/B400400.jpg\">Kliknij tutaj<\/a><\/td>\n<\/tr>\n<\/tbody>\n<\/table>\n<p>&nbsp;<\/p>\n","protected":false},"excerpt":{"rendered":"<p><span class=\"OYPEnA text-decoration-none text-strikethrough-none\">Ten cyfrowy termometr zapewnia niezawodny i dok\u0142adny odczyt. Dzi\u0119ki swojemu kszta\u0142towi i elastycznej ko\u0144c\u00f3wce temperatur\u0119 cia\u0142a mo\u017cna mierzy\u0107 doustnie, doodbytniczo lub pod pach\u0105. Po sygnale d\u017awi\u0119kowym mo\u017cesz odczyta\u0107 dok\u0142adn\u0105 temperatur\u0119 cia\u0142a na wy\u015bwietlaczu LCD.<\/span><\/p>\n","protected":false},"featured_media":64860,"comment_status":"closed","ping_status":"closed","template":"","meta":{"_lmt_disableupdate":"","_lmt_disable":""},"product_brand":[],"product_cat":[522,591],"product_tag":[],"woo-feed-brand":[],"class_list":{"0":"post-64869","1":"product","2":"type-product","3":"status-publish","4":"has-post-thumbnail","6":"product_cat-pielegnacja-skory","7":"product_cat-uroda-i-zdrowie-dziecka","9":"first","10":"instock","11":"taxable","12":"shipping-taxable","13":"purchasable","14":"product-type-simple"},"_links":{"self":[{"href":"https:\/\/www.bojungle.eu\/pl\/wp-json\/wp\/v2\/product\/64869","targetHints":{"allow":["GET"]}}],"collection":[{"href":"https:\/\/www.bojungle.eu\/pl\/wp-json\/wp\/v2\/product"}],"about":[{"href":"https:\/\/www.bojungle.eu\/pl\/wp-json\/wp\/v2\/types\/product"}],"replies":[{"embeddable":true,"href":"https:\/\/www.bojungle.eu\/pl\/wp-json\/wp\/v2\/comments?post=64869"}],"version-history":[{"count":2,"href":"https:\/\/www.bojungle.eu\/pl\/wp-json\/wp\/v2\/product\/64869\/revisions"}],"predecessor-version":[{"id":79746,"href":"https:\/\/www.bojungle.eu\/pl\/wp-json\/wp\/v2\/product\/64869\/revisions\/79746"}],"wp:featuredmedia":[{"embeddable":true,"href":"https:\/\/www.bojungle.eu\/pl\/wp-json\/wp\/v2\/media\/64860"}],"wp:attachment":[{"href":"https:\/\/www.bojungle.eu\/pl\/wp-json\/wp\/v2\/media?parent=64869"}],"wp:term":[{"taxonomy":"product_brand","embeddable":true,"href":"https:\/\/www.bojungle.eu\/pl\/wp-json\/wp\/v2\/product_brand?post=64869"},{"taxonomy":"product_cat","embeddable":true,"href":"https:\/\/www.bojungle.eu\/pl\/wp-json\/wp\/v2\/product_cat?post=64869"},{"taxonomy":"product_tag","embeddable":true,"href":"https:\/\/www.bojungle.eu\/pl\/wp-json\/wp\/v2\/product_tag?post=64869"},{"taxonomy":"woo-feed-brand","embeddable":true,"href":"https:\/\/www.bojungle.eu\/pl\/wp-json\/wp\/v2\/woo-feed-brand?post=64869"}],"curies":[{"name":"wp","href":"https:\/\/api.w.org\/{rel}","templated":true}]}}