{"id":64892,"date":"2024-01-26T14:44:14","date_gmt":"2024-01-26T13:44:14","guid":{"rendered":"https:\/\/www.bojungle.eu\/product\/dobbs-antyposlizgowa-mata-lazienkowa\/"},"modified":"2024-08-26T13:27:31","modified_gmt":"2024-08-26T11:27:31","slug":"dobbs-antyposlizgowa-mata-lazienkowa","status":"publish","type":"product","link":"https:\/\/www.bojungle.eu\/pl\/produkt\/dobbs-antyposlizgowa-mata-lazienkowa\/","title":{"rendered":"Dobbs &#8211; Antypo\u015blizgowa mata \u0142azienkowa"},"content":{"rendered":"<p>Czy \u015bliskie \u015bciany wanny lub brodziki sprawiaj\u0105, \u017ce k\u0105piel staje si\u0119 nerwowym do\u015bwiadczeniem? Dzi\u0119ki naszej antypo\u015blizgowej macie do k\u0105pieli Dobbs mo\u017cesz przekszta\u0142ci\u0107 swoj\u0105 \u0142azienk\u0119 w bezpieczn\u0105 i zabawn\u0105 przestrze\u0144 dla swojego malucha. Ta urocza mata do k\u0105pieli z zabawnym wielorybem zosta\u0142a zaprojektowana tak, aby zapewni\u0107 dziecku bezpiecze\u0144stwo i rado\u015b\u0107 podczas k\u0105pieli lub prysznica. Antypo\u015blizgowa mata do k\u0105pieli Dobbs jest wyposa\u017cona w wiele przyssawek na spodzie, dzi\u0119ki czemu pozostaje mocno na miejscu na ka\u017cdej g\u0142adkiej powierzchni, zapobiegaj\u0105c po\u015blizgni\u0119ciom i upadkom. Przemy\u015blana konstrukcja zawiera wygodny otw\u00f3r w ogonie, umo\u017cliwiaj\u0105cy \u0142atwe powieszenie maty do wyschni\u0119cia po u\u017cyciu. Do\u0142\u0105czyli\u015bmy r\u00f3wnie\u017c por\u0119czny haczyk z przyssawk\u0105, dzi\u0119ki czemu mata k\u0105pielowa jest schludnie przechowywana i gotowa na kolejn\u0105 przygod\u0119.      <strong>Kluczowe cechy:<\/strong><\/p>\n<ul>\n<li><strong>Urocze wzory: <\/strong>Weso\u0142y wieloryb, kt\u00f3ry umili czas k\u0105pieli.<\/li>\n<li><strong>Powierzchnia antypo\u015blizgowa:<\/strong> Chroni dziecko przed po\u015blizgni\u0119ciem si\u0119 w wannie lub pod prysznicem.<\/li>\n<li><strong>Bezpieczne przyssawki: <\/strong>Mocny uchwyt na pod\u0142odze wanny lub prysznica zapobiega wypadkom.<\/li>\n<li><strong>\u0141atwe suszenie: <\/strong>Wbudowany otw\u00f3r umo\u017cliwia \u0142atwe wieszanie i suszenie na do\u0142\u0105czonym haczyku.<\/li>\n<li><strong>Wygodny haczyk: <\/strong>W zestawie haczyk z przyssawk\u0105 u\u0142atwiaj\u0105cy przechowywanie, gdy nie jest u\u017cywany.<\/li>\n<\/ul>\n<p> Spraw, aby k\u0105piel by\u0142a bezpieczna i przyjemna dzi\u0119ki antypo\u015blizgowej macie do k\u0105pieli Dobbs. Idealna dla dzieci, kt\u00f3re uwielbiaj\u0105 si\u0119 bawi\u0107 i rodzic\u00f3w, kt\u00f3rzy ceni\u0105 sobie bezpiecze\u0144stwo.  &nbsp;<\/p>\n","protected":false},"excerpt":{"rendered":"<p>Zapewnij bezpiecze\u0144stwo i zabaw\u0119 podczas k\u0105pieli dzi\u0119ki antypo\u015blizgowej macie do k\u0105pieli Dobbs! Ta urocza mata w kszta\u0142cie wieloryba ma antypo\u015blizgow\u0105 powierzchni\u0119 i wiele przyssawek, kt\u00f3re bezpiecznie trzymaj\u0105 si\u0119 pod\u0142ogi wanny lub prysznica, zapobiegaj\u0105c po\u015blizgni\u0119ciom i upadkom. Wygodny otw\u00f3r w ogonie wieloryba u\u0142atwia powieszenie na sucho na do\u0142\u0105czonym haczyku z przyssawk\u0105. Idealny dla maluch\u00f3w, kt\u00f3re uwielbiaj\u0105 pluskaj\u0105ce si\u0119 przygody.   <\/p>\n","protected":false},"featured_media":64880,"comment_status":"closed","ping_status":"closed","template":"","meta":{"_lmt_disableupdate":"","_lmt_disable":""},"product_brand":[],"product_cat":[590,522],"product_tag":[],"woo-feed-brand":[],"class_list":{"0":"post-64892","1":"product","2":"type-product","3":"status-publish","4":"has-post-thumbnail","6":"product_cat-dziecko-w-kapieli","7":"product_cat-pielegnacja-skory","9":"first","10":"instock","11":"taxable","12":"shipping-taxable","13":"purchasable","14":"product-type-simple"},"_links":{"self":[{"href":"https:\/\/www.bojungle.eu\/pl\/wp-json\/wp\/v2\/product\/64892","targetHints":{"allow":["GET"]}}],"collection":[{"href":"https:\/\/www.bojungle.eu\/pl\/wp-json\/wp\/v2\/product"}],"about":[{"href":"https:\/\/www.bojungle.eu\/pl\/wp-json\/wp\/v2\/types\/product"}],"replies":[{"embeddable":true,"href":"https:\/\/www.bojungle.eu\/pl\/wp-json\/wp\/v2\/comments?post=64892"}],"version-history":[{"count":1,"href":"https:\/\/www.bojungle.eu\/pl\/wp-json\/wp\/v2\/product\/64892\/revisions"}],"predecessor-version":[{"id":76533,"href":"https:\/\/www.bojungle.eu\/pl\/wp-json\/wp\/v2\/product\/64892\/revisions\/76533"}],"wp:featuredmedia":[{"embeddable":true,"href":"https:\/\/www.bojungle.eu\/pl\/wp-json\/wp\/v2\/media\/64880"}],"wp:attachment":[{"href":"https:\/\/www.bojungle.eu\/pl\/wp-json\/wp\/v2\/media?parent=64892"}],"wp:term":[{"taxonomy":"product_brand","embeddable":true,"href":"https:\/\/www.bojungle.eu\/pl\/wp-json\/wp\/v2\/product_brand?post=64892"},{"taxonomy":"product_cat","embeddable":true,"href":"https:\/\/www.bojungle.eu\/pl\/wp-json\/wp\/v2\/product_cat?post=64892"},{"taxonomy":"product_tag","embeddable":true,"href":"https:\/\/www.bojungle.eu\/pl\/wp-json\/wp\/v2\/product_tag?post=64892"},{"taxonomy":"woo-feed-brand","embeddable":true,"href":"https:\/\/www.bojungle.eu\/pl\/wp-json\/wp\/v2\/woo-feed-brand?post=64892"}],"curies":[{"name":"wp","href":"https:\/\/api.w.org\/{rel}","templated":true}]}}