{"id":64916,"date":"2024-01-26T14:59:18","date_gmt":"2024-01-26T13:59:18","guid":{"rendered":"https:\/\/www.bojungle.eu\/product\/rumpy-antyposlizgowa-mata-lazienkowa\/"},"modified":"2024-08-26T14:06:56","modified_gmt":"2024-08-26T12:06:56","slug":"rumpy-antyposlizgowa-mata-lazienkowa","status":"publish","type":"product","link":"https:\/\/www.bojungle.eu\/pl\/produkt\/rumpy-antyposlizgowa-mata-lazienkowa\/","title":{"rendered":"Rumpy &#8211; Antypo\u015blizgowa mata \u0142azienkowa"},"content":{"rendered":"<p>Czy \u015bliskie \u015bciany wanny lub brodziki sprawiaj\u0105, \u017ce k\u0105piel staje si\u0119 stresuj\u0105cym do\u015bwiadczeniem? Dzi\u0119ki naszej antypo\u015blizgowej macie \u0142azienkowej Rumpy mo\u017cesz przekszta\u0142ci\u0107 swoj\u0105 \u0142azienk\u0119 w bezpieczn\u0105 i przyjemn\u0105 przestrze\u0144 dla swojego malucha. Ta urocza mata \u0142azienkowa z radosnym hipopotamem zosta\u0142a zaprojektowana tak, aby zapewni\u0107 Twojemu dziecku bezpiecze\u0144stwo i szcz\u0119\u015bcie podczas k\u0105pieli lub pod prysznicem. Mata \u0142azienkowa Rumpy Anti-Slip jest wyposa\u017cona w wiele przyssawek na spodzie, dzi\u0119ki czemu pozostaje stabilna na ka\u017cdej g\u0142adkiej powierzchni, zapobiegaj\u0105c po\u015blizgom i upadkom. Przemy\u015blana konstrukcja obejmuje wygodny otw\u00f3r w ogonie, dzi\u0119ki czemu mo\u017cesz \u0142atwo powiesi\u0107 mat\u0119 do wyschni\u0119cia po u\u017cyciu. Do\u0142\u0105czyli\u015bmy r\u00f3wnie\u017c por\u0119czny haczyk z przyssawk\u0105, dzi\u0119ki czemu mo\u017cesz przechowywa\u0107 mat\u0119 \u0142azienkow\u0105 w schludnym miejscu i by\u0107 gotow\u0105 na kolejn\u0105 chlapi\u0105c\u0105 przygod\u0119.      <strong>Kluczowe cechy:<\/strong><\/p>\n<ul>\n<li><strong>Urocze wzory<\/strong>: weso\u0142y hipopotam, kt\u00f3ry sprawi, \u017ce k\u0105piel b\u0119dzie przyjemniejsza.<\/li>\n<li><strong>Powierzchnia antypo\u015blizgowa:<\/strong> Chroni dziecko przed po\u015blizgni\u0119ciem si\u0119 w wannie lub pod prysznicem.<\/li>\n<li><strong>Bezpieczne przyssawki: <\/strong>Mocny uchwyt na pod\u0142odze wanny lub prysznica zapobiega wypadkom.<\/li>\n<li><strong>\u0141atwe suszenie: <\/strong>Wbudowany otw\u00f3r umo\u017cliwia \u0142atwe wieszanie i suszenie na do\u0142\u0105czonym haczyku.<\/li>\n<li><strong>Wygodny haczyk: <\/strong>W zestawie haczyk z przyssawk\u0105 u\u0142atwiaj\u0105cy przechowywanie, gdy nie jest u\u017cywany.<\/li>\n<\/ul>\n<p> Uczy\u0144 k\u0105piel bezpieczn\u0105 i przyjemn\u0105 dzi\u0119ki antypo\u015blizgowej macie \u0142azienkowej Rumpy. Idealna dla dzieci, kt\u00f3re lubi\u0105 si\u0119 bawi\u0107, i rodzic\u00f3w, kt\u00f3rzy ceni\u0105 bezpiecze\u0144stwo.  &nbsp;<\/p>\n","protected":false},"excerpt":{"rendered":"<p>Czy te \u015bliskie \u015bciany wanny lub brodzika wydaj\u0105 si\u0119 tak niebezpieczne r\u00f3wnie\u017c Tobie? W takim razie teraz s\u0105 nasze niezwykle urocze antypo\u015blizgowe maty \u0142azienkowe. Nasz hipopotam i nasz wieloryb zadbaj\u0105 o to, aby Tw\u00f3j maluch m\u00f3g\u0142 bezpiecznie wzi\u0105\u0107 k\u0105piel lub prysznic bez po\u015blizgni\u0119cia. Na spodzie dywanik\u00f3w \u0142azienkowych znajduje si\u0119 kilka przyssawek, dzi\u0119ki czemu bezpiecznie przylegaj\u0105 do powierzchni. Dodatkowo znajduje si\u0119 otw\u00f3r, dzi\u0119ki kt\u00f3remu mo\u017cna \u0142atwo zawiesi\u0107 mat\u0119 \u0142azienkow\u0105 do wyschni\u0119cia po u\u017cyciu na do\u0142\u0105czonym haczyku, kt\u00f3ry posiada r\u00f3wnie\u017c przyssawk\u0119.<\/p>\n","protected":false},"featured_media":64903,"comment_status":"closed","ping_status":"closed","template":"","meta":{"_lmt_disableupdate":"","_lmt_disable":""},"product_brand":[],"product_cat":[590,522],"product_tag":[],"woo-feed-brand":[],"class_list":{"0":"post-64916","1":"product","2":"type-product","3":"status-publish","4":"has-post-thumbnail","6":"product_cat-dziecko-w-kapieli","7":"product_cat-pielegnacja-skory","9":"first","10":"instock","11":"taxable","12":"shipping-taxable","13":"purchasable","14":"product-type-simple"},"_links":{"self":[{"href":"https:\/\/www.bojungle.eu\/pl\/wp-json\/wp\/v2\/product\/64916","targetHints":{"allow":["GET"]}}],"collection":[{"href":"https:\/\/www.bojungle.eu\/pl\/wp-json\/wp\/v2\/product"}],"about":[{"href":"https:\/\/www.bojungle.eu\/pl\/wp-json\/wp\/v2\/types\/product"}],"replies":[{"embeddable":true,"href":"https:\/\/www.bojungle.eu\/pl\/wp-json\/wp\/v2\/comments?post=64916"}],"version-history":[{"count":1,"href":"https:\/\/www.bojungle.eu\/pl\/wp-json\/wp\/v2\/product\/64916\/revisions"}],"predecessor-version":[{"id":76542,"href":"https:\/\/www.bojungle.eu\/pl\/wp-json\/wp\/v2\/product\/64916\/revisions\/76542"}],"wp:featuredmedia":[{"embeddable":true,"href":"https:\/\/www.bojungle.eu\/pl\/wp-json\/wp\/v2\/media\/64903"}],"wp:attachment":[{"href":"https:\/\/www.bojungle.eu\/pl\/wp-json\/wp\/v2\/media?parent=64916"}],"wp:term":[{"taxonomy":"product_brand","embeddable":true,"href":"https:\/\/www.bojungle.eu\/pl\/wp-json\/wp\/v2\/product_brand?post=64916"},{"taxonomy":"product_cat","embeddable":true,"href":"https:\/\/www.bojungle.eu\/pl\/wp-json\/wp\/v2\/product_cat?post=64916"},{"taxonomy":"product_tag","embeddable":true,"href":"https:\/\/www.bojungle.eu\/pl\/wp-json\/wp\/v2\/product_tag?post=64916"},{"taxonomy":"woo-feed-brand","embeddable":true,"href":"https:\/\/www.bojungle.eu\/pl\/wp-json\/wp\/v2\/woo-feed-brand?post=64916"}],"curies":[{"name":"wp","href":"https:\/\/api.w.org\/{rel}","templated":true}]}}