{"id":64983,"date":"2024-01-29T15:06:24","date_gmt":"2024-01-29T14:06:24","guid":{"rendered":"https:\/\/www.bojungle.eu\/product\/miekkie-lyzki-silikonowe-bialo-szaro-niebieskie\/"},"modified":"2024-10-04T13:44:15","modified_gmt":"2024-10-04T11:44:15","slug":"miekkie-lyzki-silikonowe-bialo-szaro-niebieskie","status":"publish","type":"product","link":"https:\/\/www.bojungle.eu\/pl\/produkt\/miekkie-lyzki-silikonowe-bialo-szaro-niebieskie\/","title":{"rendered":"Mi\u0119kkie \u0142y\u017cki silikonowe (bia\u0142o-szaro-niebieskie)"},"content":{"rendered":"<p>U\u0142atw sobie posi\u0142ki dzi\u0119ki naszym mi\u0119kkim silikonowym \u0142y\u017ceczkom dla niemowl\u0105t, zaprojektowanym z my\u015bl\u0105 o komforcie Twojego malucha. Delikatna silikonowa ko\u0144c\u00f3wka chroni wra\u017cliwe dzi\u0105s\u0142a, a p\u0142aski prz\u00f3d sprawia, \u017ce nabieranie i wyjmowanie jedzenia jest dziecinnie proste. Bezpieczne i wygodne \u0142y\u017ceczki mo\u017cna my\u0107 w zmywarce, co u\u0142atwia ich czyszczenie. Ponadto s\u0105 wolne od BPA, zapewniaj\u0105c bezpiecze\u0144stwo dziecka przy ka\u017cdym k\u0119sie.    <\/p>\n<ul>\n<li><strong>Mi\u0119kka silikonowa ko\u0144c\u00f3wka: <\/strong>delikatna dla dzi\u0105se\u0142 i idealna do pierwszych gryzie\u0144.<\/li>\n<li><strong>P\u0142aski prz\u00f3d: <\/strong>Zaprojektowany dla \u0142atwego nabierania.<\/li>\n<li><strong>Mo\u017cliwo\u015b\u0107 mycia w zmywarce: <\/strong>Bezproblemowe czyszczenie.<\/li>\n<li><strong>Nie zawiera BPA: <\/strong>Bezpieczny i nietoksyczny.<\/li>\n<\/ul>\n<p> Spraw, by czas karmienia by\u0142 przyjemny, bezpieczny i \u0142atwy!<\/p>\n","protected":false},"excerpt":{"rendered":"<div class=\"flex max-w-full flex-col flex-grow\">\n<div class=\"min-h-8 text-message flex w-full flex-col items-end gap-2 whitespace-normal break-words [.text-message+&amp;]:mt-5\" dir=\"auto\" data-message-author-role=\"assistant\" data-message-id=\"fd204360-cbd3-4df0-9ab5-f22ed10ca1b7\">\n<div class=\"flex w-full flex-col gap-1 empty:hidden first:pt-[3px]\">\n<div class=\"markdown prose w-full break-words dark:prose-invert light\"> Zestaw \u0142y\u017ceczek z mi\u0119kkiego silikonu zosta\u0142 zaprojektowany z my\u015bl\u0105 o pierwszych k\u0119sach dziecka. \u0141y\u017ceczki maj\u0105 mi\u0119kk\u0105 silikonow\u0105 ko\u0144c\u00f3wk\u0119 chroni\u0105c\u0105 delikatne dzi\u0105s\u0142a i p\u0142aski prz\u00f3d u\u0142atwiaj\u0105cy nabieranie pokarmu. Mo\u017cna je my\u0107 w zmywarce i nie zawieraj\u0105 BPA, dzi\u0119ki czemu s\u0105 bezpieczne i \u0142atwe w u\u017cyciu.  <\/div>\n<\/div>\n<\/div>\n<\/div>\n<div class=\"mb-2 flex gap-3 empty:hidden -ml-2\">\n<div class=\"items-center justify-start rounded-xl p-1 flex\">\n<div class=\"flex items-center\">\n<div class=\"flex\"><\/div>\n<div class=\"flex items-center pb-0\"><\/div>\n<\/div>\n<\/div>\n<\/div>\n","protected":false},"featured_media":64931,"comment_status":"closed","ping_status":"closed","template":"","meta":{"_lmt_disableupdate":"","_lmt_disable":""},"product_brand":[],"product_cat":[567,441],"product_tag":[],"woo-feed-brand":[],"class_list":{"0":"post-64983","1":"product","2":"type-product","3":"status-publish","4":"has-post-thumbnail","6":"product_cat-czas-na-kolacje","7":"product_cat-zywnosc-i-napoje","9":"first","10":"outofstock","11":"taxable","12":"shipping-taxable","13":"purchasable","14":"product-type-simple"},"_links":{"self":[{"href":"https:\/\/www.bojungle.eu\/pl\/wp-json\/wp\/v2\/product\/64983","targetHints":{"allow":["GET"]}}],"collection":[{"href":"https:\/\/www.bojungle.eu\/pl\/wp-json\/wp\/v2\/product"}],"about":[{"href":"https:\/\/www.bojungle.eu\/pl\/wp-json\/wp\/v2\/types\/product"}],"replies":[{"embeddable":true,"href":"https:\/\/www.bojungle.eu\/pl\/wp-json\/wp\/v2\/comments?post=64983"}],"version-history":[{"count":2,"href":"https:\/\/www.bojungle.eu\/pl\/wp-json\/wp\/v2\/product\/64983\/revisions"}],"predecessor-version":[{"id":78265,"href":"https:\/\/www.bojungle.eu\/pl\/wp-json\/wp\/v2\/product\/64983\/revisions\/78265"}],"wp:featuredmedia":[{"embeddable":true,"href":"https:\/\/www.bojungle.eu\/pl\/wp-json\/wp\/v2\/media\/64931"}],"wp:attachment":[{"href":"https:\/\/www.bojungle.eu\/pl\/wp-json\/wp\/v2\/media?parent=64983"}],"wp:term":[{"taxonomy":"product_brand","embeddable":true,"href":"https:\/\/www.bojungle.eu\/pl\/wp-json\/wp\/v2\/product_brand?post=64983"},{"taxonomy":"product_cat","embeddable":true,"href":"https:\/\/www.bojungle.eu\/pl\/wp-json\/wp\/v2\/product_cat?post=64983"},{"taxonomy":"product_tag","embeddable":true,"href":"https:\/\/www.bojungle.eu\/pl\/wp-json\/wp\/v2\/product_tag?post=64983"},{"taxonomy":"woo-feed-brand","embeddable":true,"href":"https:\/\/www.bojungle.eu\/pl\/wp-json\/wp\/v2\/woo-feed-brand?post=64983"}],"curies":[{"name":"wp","href":"https:\/\/api.w.org\/{rel}","templated":true}]}}