{"id":65101,"date":"2024-01-29T15:41:02","date_gmt":"2024-01-29T14:41:02","guid":{"rendered":"https:\/\/www.bojungle.eu\/product\/maszyna-do-baniek-mydlanych-rekin-zippy\/"},"modified":"2024-02-08T16:53:11","modified_gmt":"2024-02-08T15:53:11","slug":"maszyna-do-baniek-mydlanych-rekin-zippy","status":"publish","type":"product","link":"https:\/\/www.bojungle.eu\/pl\/produkt\/maszyna-do-baniek-mydlanych-rekin-zippy\/","title":{"rendered":"Maszyna do baniek mydlanych &#8211; Rekin Zippy"},"content":{"rendered":"<ul>\n<li>Ponad 2000 b\u0105belk\u00f3w na minut\u0119<\/li>\n<li>R\u00f3\u017cne kszta\u0142ty b\u0105belk\u00f3w<\/li>\n<li>Kolorowe b\u0105belki<\/li>\n<li>\u0141atwy w u\u017cyciu<\/li>\n<li>Z muzyk\u0105 lub bez<\/li>\n<li>Idealny prezent!<\/li>\n<li>Do wewn\u0105trz i na zewn\u0105trz<\/li>\n<li>4x baterie AA (brak w zestawie)<\/li>\n<li>Produkt b\u0105belkowy w zestawie<\/li>\n<\/ul>\n","protected":false},"excerpt":{"rendered":"<p>Maszyna do baniek Zippy the shark wytwarza r\u00f3\u017cne kszta\u0142ty baniek, takie jak ma\u0142e k\u00f3\u0142ka, gwiazdki i serca, aby przyci\u0105gn\u0105\u0107 uwag\u0119 dzieci. Mo\u017ce wytwarza\u0107 ponad 2000 b\u0105belk\u00f3w na minut\u0119 i mo\u017ce wydmuchiwa\u0107 tony kolorowych b\u0105belk\u00f3w szybciej, wy\u017cej i dalej. Ze wzgl\u0119du na zabawny kszta\u0142t rekina z desk\u0105 surfingow\u0105, dzieci w ka\u017cdym wieku czuj\u0105 si\u0119 komfortowo, gdy wyrzuca on z pyska tony b\u0105belk\u00f3w, lataj\u0105c w powietrze. Mo\u017cesz go u\u017cywa\u0107 z muzyk\u0105 lub bez. Jest to idealny prezent i mo\u017ce by\u0107 u\u017cywany zar\u00f3wno wewn\u0105trz, jak i na zewn\u0105trz. Co wi\u0119cej, urz\u0105dzenie jest bardzo proste w obs\u0142udze i wkr\u00f3tce wyobrazisz sobie siebie w bajkowym \u015bwiecie.<\/p>\n","protected":false},"featured_media":65057,"comment_status":"closed","ping_status":"closed","template":"","meta":{"_lmt_disableupdate":"","_lmt_disable":""},"product_brand":[],"product_cat":[491,474,809,613],"product_tag":[],"woo-feed-brand":[],"class_list":{"0":"post-65101","1":"product","2":"type-product","3":"status-publish","4":"has-post-thumbnail","6":"product_cat-kolorowe-zabawki","7":"product_cat-playtime-pl","8":"product_cat-w-ogrodzie","9":"product_cat-zabawki-ruchowe","11":"first","12":"instock","13":"taxable","14":"shipping-taxable","15":"purchasable","16":"product-type-simple"},"_links":{"self":[{"href":"https:\/\/www.bojungle.eu\/pl\/wp-json\/wp\/v2\/product\/65101","targetHints":{"allow":["GET"]}}],"collection":[{"href":"https:\/\/www.bojungle.eu\/pl\/wp-json\/wp\/v2\/product"}],"about":[{"href":"https:\/\/www.bojungle.eu\/pl\/wp-json\/wp\/v2\/types\/product"}],"replies":[{"embeddable":true,"href":"https:\/\/www.bojungle.eu\/pl\/wp-json\/wp\/v2\/comments?post=65101"}],"version-history":[{"count":1,"href":"https:\/\/www.bojungle.eu\/pl\/wp-json\/wp\/v2\/product\/65101\/revisions"}],"predecessor-version":[{"id":65410,"href":"https:\/\/www.bojungle.eu\/pl\/wp-json\/wp\/v2\/product\/65101\/revisions\/65410"}],"wp:featuredmedia":[{"embeddable":true,"href":"https:\/\/www.bojungle.eu\/pl\/wp-json\/wp\/v2\/media\/65057"}],"wp:attachment":[{"href":"https:\/\/www.bojungle.eu\/pl\/wp-json\/wp\/v2\/media?parent=65101"}],"wp:term":[{"taxonomy":"product_brand","embeddable":true,"href":"https:\/\/www.bojungle.eu\/pl\/wp-json\/wp\/v2\/product_brand?post=65101"},{"taxonomy":"product_cat","embeddable":true,"href":"https:\/\/www.bojungle.eu\/pl\/wp-json\/wp\/v2\/product_cat?post=65101"},{"taxonomy":"product_tag","embeddable":true,"href":"https:\/\/www.bojungle.eu\/pl\/wp-json\/wp\/v2\/product_tag?post=65101"},{"taxonomy":"woo-feed-brand","embeddable":true,"href":"https:\/\/www.bojungle.eu\/pl\/wp-json\/wp\/v2\/woo-feed-brand?post=65101"}],"curies":[{"name":"wp","href":"https:\/\/api.w.org\/{rel}","templated":true}]}}