{"id":76664,"date":"2024-08-27T14:49:13","date_gmt":"2024-08-27T12:49:13","guid":{"rendered":"https:\/\/www.bojungle.eu\/?post_type=product&#038;p=76664"},"modified":"2025-06-05T10:46:33","modified_gmt":"2025-06-05T08:46:33","slug":"przewijak-balneo-shady-grey","status":"publish","type":"product","link":"https:\/\/www.bojungle.eu\/pl\/produkt\/przewijak-balneo-shady-grey\/","title":{"rendered":"Przewijak Balneo Shady Grey"},"content":{"rendered":"<p>Przewijak Balneo to \u015bwietny dodatek do ka\u017cdego pokoju dzieci\u0119cego. \u0141\u0105czy w sobie styl i praktyczno\u015b\u0107, z prostym, nowoczesnym designem, kt\u00f3ry \u015bwietnie wygl\u0105da w ka\u017cdej przestrzeni. Przewijak jest dost\u0119pny w dw\u00f3ch neutralnych kolorach, Pure White i Shady Grey, dzi\u0119ki czemu mo\u017cna go \u0142atwo dopasowa\u0107 do innych mebli. Ma r\u00f3wnie\u017c solidne drewniane nogi, kt\u00f3re dodaj\u0105 ciep\u0142ego, naturalnego charakteru do jego czystego wygl\u0105du.   <\/p>\n<p>Stolik zosta\u0142 zaprojektowany tak, aby maksymalnie u\u0142atwi\u0107 zmian\u0119 pieluch i opiek\u0119 nad dzieckiem. Zawiera por\u0119czn\u0105 torb\u0119 do przechowywania i pojemnik, dzi\u0119ki czemu wszystkie niezb\u0119dne rzeczy s\u0105 zawsze pod r\u0119k\u0105. Pomaga to utrzyma\u0107 porz\u0105dek w pokoju dzieci\u0119cym, pozwalaj\u0105c rodzicom skupi\u0107 si\u0119 na dziecku.  <\/p>\n<p>Aby by\u0142o jeszcze wygodniej, pokrowce na przewijak s\u0105 dost\u0119pne osobno. Pokrowce te pomagaj\u0105 utrzyma\u0107 stolik w czysto\u015bci i porz\u0105dku, u\u0142atwiaj\u0105c jego konserwacj\u0119. Przewijak Balneo Shady Grey to praktyczny i stylowy wyb\u00f3r do ka\u017cdego pokoju dzieci\u0119cego, oferuj\u0105cy zar\u00f3wno funkcjonalno\u015b\u0107, jak i pi\u0119kny, prosty design.  <\/p>\n<p>&nbsp;<\/p>\n<table border=\"1\">\n<tbody>\n<tr>\n<td>Podr\u0119cznik<\/td>\n<td><a href=\"https:\/\/www.bojungle.eu\/wp-content\/uploads\/2025\/05\/B430200-B430210-Manual-Changing-Table.pdf\">Kliknij tutaj<\/a><\/td>\n<\/tr>\n<\/tbody>\n<\/table>\n","protected":false},"excerpt":{"rendered":"<p><span class=\"OYPEnA font-feature-liga-off font-feature-clig-off font-feature-calt-off text-decoration-none text-strikethrough-none\">Przewijak Balneo to idealny dodatek do pokoju ka\u017cdego dziecka. \u0141\u0105cz\u0105c funkcjonalno\u015b\u0107 z czystym, minimalistycznym wzornictwem, ten pi\u0119kny przewijak jest dost\u0119pny w dw\u00f3ch neutralnych kolorach: Pure White i Shady Grey. Oba warianty maj\u0105 solidne drewniane nogi, kt\u00f3re dodaj\u0105 ciep\u0142ego, naturalnego akcentu do nowoczesnego wygl\u0105du sto\u0142u. Dla wi\u0119kszego komfortu i ochrony pokrowce s\u0105 dost\u0119pne oddzielnie, dzi\u0119ki czemu przewijak pozostaje czysty i schludny.   <\/span><\/p>\n","protected":false},"featured_media":76674,"comment_status":"closed","ping_status":"closed","template":"","meta":{"_lmt_disableupdate":"no","_lmt_disable":""},"product_brand":[],"product_cat":[522,591],"product_tag":[],"woo-feed-brand":[],"class_list":{"0":"post-76664","1":"product","2":"type-product","3":"status-publish","4":"has-post-thumbnail","6":"product_cat-pielegnacja-skory","7":"product_cat-uroda-i-zdrowie-dziecka","9":"first","10":"instock","11":"taxable","12":"shipping-taxable","13":"purchasable","14":"product-type-simple"},"_links":{"self":[{"href":"https:\/\/www.bojungle.eu\/pl\/wp-json\/wp\/v2\/product\/76664","targetHints":{"allow":["GET"]}}],"collection":[{"href":"https:\/\/www.bojungle.eu\/pl\/wp-json\/wp\/v2\/product"}],"about":[{"href":"https:\/\/www.bojungle.eu\/pl\/wp-json\/wp\/v2\/types\/product"}],"replies":[{"embeddable":true,"href":"https:\/\/www.bojungle.eu\/pl\/wp-json\/wp\/v2\/comments?post=76664"}],"version-history":[{"count":4,"href":"https:\/\/www.bojungle.eu\/pl\/wp-json\/wp\/v2\/product\/76664\/revisions"}],"predecessor-version":[{"id":80040,"href":"https:\/\/www.bojungle.eu\/pl\/wp-json\/wp\/v2\/product\/76664\/revisions\/80040"}],"wp:featuredmedia":[{"embeddable":true,"href":"https:\/\/www.bojungle.eu\/pl\/wp-json\/wp\/v2\/media\/76674"}],"wp:attachment":[{"href":"https:\/\/www.bojungle.eu\/pl\/wp-json\/wp\/v2\/media?parent=76664"}],"wp:term":[{"taxonomy":"product_brand","embeddable":true,"href":"https:\/\/www.bojungle.eu\/pl\/wp-json\/wp\/v2\/product_brand?post=76664"},{"taxonomy":"product_cat","embeddable":true,"href":"https:\/\/www.bojungle.eu\/pl\/wp-json\/wp\/v2\/product_cat?post=76664"},{"taxonomy":"product_tag","embeddable":true,"href":"https:\/\/www.bojungle.eu\/pl\/wp-json\/wp\/v2\/product_tag?post=76664"},{"taxonomy":"woo-feed-brand","embeddable":true,"href":"https:\/\/www.bojungle.eu\/pl\/wp-json\/wp\/v2\/woo-feed-brand?post=76664"}],"curies":[{"name":"wp","href":"https:\/\/api.w.org\/{rel}","templated":true}]}}