{"id":76797,"date":"2024-08-27T16:42:22","date_gmt":"2024-08-27T14:42:22","guid":{"rendered":"https:\/\/www.bojungle.eu\/?post_type=product&#038;p=76797"},"modified":"2025-04-15T14:55:16","modified_gmt":"2025-04-15T12:55:16","slug":"poduszka-zmieniajaca-okladke-szara-kopie","status":"publish","type":"product","link":"https:\/\/www.bojungle.eu\/pl\/produkt\/poduszka-zmieniajaca-okladke-szara-kopie\/","title":{"rendered":"Cover Changing Pillow White"},"content":{"rendered":"<p><span class=\"OYPEnA font-feature-liga-off font-feature-clig-off font-feature-calt-off text-decoration-none text-strikethrough-none\">Poduszka do przewijania Cover White jest idealna do przewijaka Balneo od Bo Jungle. Mi\u0119kki materia\u0142 zapewnia komfort delikatnej sk\u00f3rze dziecka. Poduszk\u0119 mo\u017cna \u0142atwo wymieni\u0107, dzi\u0119ki czemu przewijanie jest \u0142atwiejsze i bardziej higieniczne. <\/span><\/p>\n<ul>\n<li><span class=\"OYPEnA font-feature-liga-off font-feature-clig-off font-feature-calt-off text-decoration-none text-strikethrough-none\">Kompatybilny z przewijakiem Balneo od Bo Jungle<\/span><\/li>\n<li>Przyjemne uczucie dla delikatnej sk\u00f3ry dziecka<\/li>\n<li>\u0141atwa zmiana<\/li>\n<\/ul>\n","protected":false},"excerpt":{"rendered":"<p><span class=\"OYPEnA font-feature-liga-off font-feature-clig-off font-feature-calt-off text-decoration-none text-strikethrough-none\">Poduszka do przewijania Cover White jest idealna do przewijaka Balneo od Bo Jungle. Mi\u0119kki materia\u0142 zapewnia komfort delikatnej sk\u00f3rze dziecka. Poduszk\u0119 mo\u017cna \u0142atwo wymieni\u0107, dzi\u0119ki czemu przewijanie jest \u0142atwiejsze i bardziej higieniczne. <\/span><\/p>\n","protected":false},"featured_media":76614,"comment_status":"closed","ping_status":"closed","template":"","meta":{"_lmt_disableupdate":"no","_lmt_disable":""},"product_brand":[],"product_cat":[591,522],"product_tag":[],"woo-feed-brand":[],"class_list":{"0":"post-76797","1":"product","2":"type-product","3":"status-publish","4":"has-post-thumbnail","6":"product_cat-uroda-i-zdrowie-dziecka","7":"product_cat-pielegnacja-skory","9":"first","10":"instock","11":"taxable","12":"shipping-taxable","13":"purchasable","14":"product-type-simple"},"_links":{"self":[{"href":"https:\/\/www.bojungle.eu\/pl\/wp-json\/wp\/v2\/product\/76797","targetHints":{"allow":["GET"]}}],"collection":[{"href":"https:\/\/www.bojungle.eu\/pl\/wp-json\/wp\/v2\/product"}],"about":[{"href":"https:\/\/www.bojungle.eu\/pl\/wp-json\/wp\/v2\/types\/product"}],"replies":[{"embeddable":true,"href":"https:\/\/www.bojungle.eu\/pl\/wp-json\/wp\/v2\/comments?post=76797"}],"version-history":[{"count":2,"href":"https:\/\/www.bojungle.eu\/pl\/wp-json\/wp\/v2\/product\/76797\/revisions"}],"predecessor-version":[{"id":79588,"href":"https:\/\/www.bojungle.eu\/pl\/wp-json\/wp\/v2\/product\/76797\/revisions\/79588"}],"wp:featuredmedia":[{"embeddable":true,"href":"https:\/\/www.bojungle.eu\/pl\/wp-json\/wp\/v2\/media\/76614"}],"wp:attachment":[{"href":"https:\/\/www.bojungle.eu\/pl\/wp-json\/wp\/v2\/media?parent=76797"}],"wp:term":[{"taxonomy":"product_brand","embeddable":true,"href":"https:\/\/www.bojungle.eu\/pl\/wp-json\/wp\/v2\/product_brand?post=76797"},{"taxonomy":"product_cat","embeddable":true,"href":"https:\/\/www.bojungle.eu\/pl\/wp-json\/wp\/v2\/product_cat?post=76797"},{"taxonomy":"product_tag","embeddable":true,"href":"https:\/\/www.bojungle.eu\/pl\/wp-json\/wp\/v2\/product_tag?post=76797"},{"taxonomy":"woo-feed-brand","embeddable":true,"href":"https:\/\/www.bojungle.eu\/pl\/wp-json\/wp\/v2\/woo-feed-brand?post=76797"}],"curies":[{"name":"wp","href":"https:\/\/api.w.org\/{rel}","templated":true}]}}