{"id":76884,"date":"2024-09-10T09:34:49","date_gmt":"2024-09-10T07:34:49","guid":{"rendered":"https:\/\/www.bojungle.eu\/?post_type=product&#038;p=76884"},"modified":"2024-09-10T09:34:56","modified_gmt":"2024-09-10T07:34:56","slug":"ksiazeczka-muzyczna-zyrafa","status":"publish","type":"product","link":"https:\/\/www.bojungle.eu\/pl\/produkt\/ksiazeczka-muzyczna-zyrafa\/","title":{"rendered":"Ksi\u0105\u017ceczka Muzyczna \u017byrafa"},"content":{"rendered":"<p>Poznaj nasz\u0105 <strong>ksi\u0105\u017ceczk\u0119 Muzyczna \u017byrafa <\/strong>&#8211; idealne po\u0142\u0105czenie uroczego designu i muzycznej zabawy! Ta kolorowa ksi\u0105\u017ceczka zawiera pi\u0119\u0107 \u017cywych stron, kt\u00f3re maluch mo\u017ce odkrywa\u0107, oferuj\u0105c zachwycaj\u0105c\u0105 mieszank\u0119 czterech d\u017awi\u0119k\u00f3w instrument\u00f3w, melodii i ko\u0142ysanek. Wystarczy obr\u00f3ci\u0107 stron\u0119, aby prze\u0142\u0105cza\u0107 si\u0119 mi\u0119dzy trybami! Dzi\u0119ki czterem interaktywnym przyciskom z boku, dziecko mo\u017ce \u0142atwo odtwarza\u0107 swoje ulubione melodie, a regulowane ustawienia g\u0142o\u015bno\u015bci pozwalaj\u0105 na niski lub wysoki poziom d\u017awi\u0119ku, aby dopasowa\u0107 si\u0119 do ka\u017cdego otoczenia. Dodatkowo, urz\u0105dzenie jest zasilane trzema bateriami \u201eAA\u201d, wi\u0119c zabawa mo\u017ce rozpocz\u0105\u0107 si\u0119 od razu! Wnie\u015b nieko\u0144cz\u0105c\u0105 si\u0119 rado\u015b\u0107 i u\u015bmiech do dnia swojego dziecka dzi\u0119ki<strong> ksi\u0105\u017ceczce Muzyczna \u017byrafa<\/strong> &#8211; zabawny i wci\u0105gaj\u0105cy spos\u00f3b na wprowadzenie go w \u015bwiat muzyki!     <\/p>\n","protected":false},"excerpt":{"rendered":"<p>Poznaj nasz\u0105 ksi\u0105\u017ceczk\u0119 Muzyczna \u017byrafa &#8211; jest urocza i pe\u0142na muzycznej zabawy! Tw\u00f3j maluch mo\u017ce odkrywa\u0107 pi\u0119\u0107 kolorowych stron i prze\u0142\u0105cza\u0107 si\u0119 mi\u0119dzy czterema d\u017awi\u0119kami instrument\u00f3w, melodiami i ko\u0142ysankami za pomoc\u0105 jednego prostego obrotu. \u0141atwo ustaw g\u0142o\u015bno\u015b\u0107 na nisk\u0105 lub wysok\u0105 i pozw\u00f3l mu gra\u0107 ulubione melodie za pomoc\u0105 czterech przycisk\u00f3w z boku. Ponadto w zestawie znajduj\u0105 si\u0119 trzy baterie AA, wi\u0119c muzyczna przygoda nigdy si\u0119 nie ko\u0144czy! Przygotuj si\u0119 na nieko\u0144cz\u0105ce si\u0119 u\u015bmiechy i muzyczn\u0105 zabaw\u0119 z nasz\u0105 urocz\u0105 ksi\u0105\u017ceczk\u0105 Muzyczna \u017byrafa!    <\/p>\n","protected":false},"featured_media":76815,"comment_status":"closed","ping_status":"closed","template":"","meta":{"_lmt_disableupdate":"","_lmt_disable":""},"product_brand":[],"product_cat":[613,474,614],"product_tag":[],"woo-feed-brand":[],"class_list":{"0":"post-76884","1":"product","2":"type-product","3":"status-publish","4":"has-post-thumbnail","6":"product_cat-zabawki-ruchowe","7":"product_cat-playtime-pl","8":"product_cat-zabawki-muzyczne","10":"first","11":"outofstock","12":"taxable","13":"shipping-taxable","14":"purchasable","15":"product-type-simple"},"_links":{"self":[{"href":"https:\/\/www.bojungle.eu\/pl\/wp-json\/wp\/v2\/product\/76884","targetHints":{"allow":["GET"]}}],"collection":[{"href":"https:\/\/www.bojungle.eu\/pl\/wp-json\/wp\/v2\/product"}],"about":[{"href":"https:\/\/www.bojungle.eu\/pl\/wp-json\/wp\/v2\/types\/product"}],"replies":[{"embeddable":true,"href":"https:\/\/www.bojungle.eu\/pl\/wp-json\/wp\/v2\/comments?post=76884"}],"version-history":[{"count":1,"href":"https:\/\/www.bojungle.eu\/pl\/wp-json\/wp\/v2\/product\/76884\/revisions"}],"predecessor-version":[{"id":77499,"href":"https:\/\/www.bojungle.eu\/pl\/wp-json\/wp\/v2\/product\/76884\/revisions\/77499"}],"wp:featuredmedia":[{"embeddable":true,"href":"https:\/\/www.bojungle.eu\/pl\/wp-json\/wp\/v2\/media\/76815"}],"wp:attachment":[{"href":"https:\/\/www.bojungle.eu\/pl\/wp-json\/wp\/v2\/media?parent=76884"}],"wp:term":[{"taxonomy":"product_brand","embeddable":true,"href":"https:\/\/www.bojungle.eu\/pl\/wp-json\/wp\/v2\/product_brand?post=76884"},{"taxonomy":"product_cat","embeddable":true,"href":"https:\/\/www.bojungle.eu\/pl\/wp-json\/wp\/v2\/product_cat?post=76884"},{"taxonomy":"product_tag","embeddable":true,"href":"https:\/\/www.bojungle.eu\/pl\/wp-json\/wp\/v2\/product_tag?post=76884"},{"taxonomy":"woo-feed-brand","embeddable":true,"href":"https:\/\/www.bojungle.eu\/pl\/wp-json\/wp\/v2\/woo-feed-brand?post=76884"}],"curies":[{"name":"wp","href":"https:\/\/api.w.org\/{rel}","templated":true}]}}