{"id":76957,"date":"2024-09-10T09:30:51","date_gmt":"2024-09-10T07:30:51","guid":{"rendered":"https:\/\/www.bojungle.eu\/?post_type=product&#038;p=76957"},"modified":"2024-09-10T09:30:58","modified_gmt":"2024-09-10T07:30:58","slug":"zabawka-w-chowanego-ellie","status":"publish","type":"product","link":"https:\/\/www.bojungle.eu\/pl\/produkt\/zabawka-w-chowanego-ellie\/","title":{"rendered":"Zabawka w chowanego ELLIE"},"content":{"rendered":"<p>Hide 'n Seek firmy ELLIE to uroczy i zabawny muzyczny s\u0142o\u0144, kt\u00f3ry zapewnia nieko\u0144cz\u0105c\u0105 si\u0119 zabaw\u0119 i nauk\u0119 Twojemu dziecku! Ta interaktywna zabawka zosta\u0142a zaprojektowana tak, aby bawi\u0107 i anga\u017cowa\u0107 dzi\u0119ki jasnym kolorom i zachwycaj\u0105cym d\u017awi\u0119kom.  Cechy: <\/p>\n<ul>\n<li><strong>Trzy zabawne tryby:<\/strong> \u0142atwo prze\u0142\u0105czaj si\u0119 mi\u0119dzy trzema ekscytuj\u0105cymi trybami za pomoc\u0105 jednego przycisku! Wybieraj spo\u015br\u00f3d fajnych efekt\u00f3w d\u017awi\u0119kowych, zabawnych d\u017awi\u0119k\u00f3w zwierz\u0105t lub chwytliwych melodii. Ka\u017cdy tryb oferuje inny spos\u00f3b zabawy i nauki, zapewniaj\u0105c dziecku rozrywk\u0119 na wiele godzin.  <\/li>\n<li><strong>Zabawa interaktywna: <\/strong>Naci\u015bnij przyciski, aby odkry\u0107 ukryte w \u015brodku urocze zwierz\u0119ta! Kiedy Twoje dziecko b\u0119dzie wchodzi\u0107 w interakcj\u0119 z ELLIE, b\u0119dzie zachwycone widokiem wyskakuj\u0105cych z niego uroczych zwierz\u0105tek, co doda ich zabawie elementu zaskoczenia i ekscytacji. <\/li>\n<li><strong>Wci\u0105gaj\u0105ca nauka: <\/strong>zabawa w chowanego firmy ELLIE to nie tylko zabawa \u2014 ma tak\u017ce na celu promowanie uczenia si\u0119 i odkrywania. Zach\u0119ca Twoje dziecko do odkrywania d\u017awi\u0119k\u00f3w i rozwijania umiej\u0119tno\u015bci motorycznych podczas \u015bwietnej zabawy! <\/li>\n<li><strong>Regulowana g\u0142o\u015bno\u015b\u0107: <\/strong>zar\u00f3wno przy niskim, jak i wysokim ustawieniu g\u0142o\u015bno\u015bci, mo\u017cesz dostosowa\u0107 d\u017awi\u0119k do swojego otoczenia. Niezale\u017cnie od tego, czy jest to czas ciszy, czy czas zabawy, ELLIE idealnie pasuje. <\/li>\n<li><strong>Gotowy do zabawy:<\/strong> ELLIE jest dostarczany z trzema bateriami 1,5 V \u201eAAA\u201d, dzi\u0119ki czemu Twoje dziecko mo\u017ce natychmiast rozpocz\u0105\u0107 zabaw\u0119. Nie s\u0105 potrzebne \u017cadne dodatkowe zakupy! <\/li>\n<\/ul>\n<p> Przygotuj si\u0119 na nieko\u0144cz\u0105cy si\u0119 \u015bmiech i przygody z Hide 'n Seek firmy ELLIE &#8211; idealnym przyjacielem s\u0142onia do interaktywnej zabawy i nauki!<\/p>\n","protected":false},"excerpt":{"rendered":"<p>Przywitaj si\u0119 z \u201eELLIE&#8217;S Hide 'n Seek\u201d \u2013 super zabawnym muzycznym s\u0142onikiem! Ma trzy tryby, kt\u00f3re mo\u017cna prze\u0142\u0105cza\u0107 jednym przyciskiem: fajne efekty d\u017awi\u0119kowe, odg\u0142osy zwierz\u0105t i chwytliwe melodie. Naci\u015bnij przyciski, aby znale\u017a\u0107 i zobaczy\u0107 skacz\u0105ce urocze zwierz\u0119ta w grze ELLIE&#8217;s Hide 'n Seek chodzi o zabaw\u0119 i nauk\u0119. Przygotuj si\u0119 na mn\u00f3stwo \u015bmiechu i przyg\u00f3d z tym s\u0142odkim przyjacielem-s\u0142oniem!    <\/p>\n","protected":false},"featured_media":76896,"comment_status":"closed","ping_status":"closed","template":"","meta":{"_lmt_disableupdate":"","_lmt_disable":""},"product_brand":[],"product_cat":[491,474,614],"product_tag":[],"woo-feed-brand":[],"class_list":{"0":"post-76957","1":"product","2":"type-product","3":"status-publish","4":"has-post-thumbnail","6":"product_cat-kolorowe-zabawki","7":"product_cat-playtime-pl","8":"product_cat-zabawki-muzyczne","10":"first","11":"instock","12":"taxable","13":"shipping-taxable","14":"purchasable","15":"product-type-simple"},"_links":{"self":[{"href":"https:\/\/www.bojungle.eu\/pl\/wp-json\/wp\/v2\/product\/76957","targetHints":{"allow":["GET"]}}],"collection":[{"href":"https:\/\/www.bojungle.eu\/pl\/wp-json\/wp\/v2\/product"}],"about":[{"href":"https:\/\/www.bojungle.eu\/pl\/wp-json\/wp\/v2\/types\/product"}],"replies":[{"embeddable":true,"href":"https:\/\/www.bojungle.eu\/pl\/wp-json\/wp\/v2\/comments?post=76957"}],"version-history":[{"count":1,"href":"https:\/\/www.bojungle.eu\/pl\/wp-json\/wp\/v2\/product\/76957\/revisions"}],"predecessor-version":[{"id":77490,"href":"https:\/\/www.bojungle.eu\/pl\/wp-json\/wp\/v2\/product\/76957\/revisions\/77490"}],"wp:featuredmedia":[{"embeddable":true,"href":"https:\/\/www.bojungle.eu\/pl\/wp-json\/wp\/v2\/media\/76896"}],"wp:attachment":[{"href":"https:\/\/www.bojungle.eu\/pl\/wp-json\/wp\/v2\/media?parent=76957"}],"wp:term":[{"taxonomy":"product_brand","embeddable":true,"href":"https:\/\/www.bojungle.eu\/pl\/wp-json\/wp\/v2\/product_brand?post=76957"},{"taxonomy":"product_cat","embeddable":true,"href":"https:\/\/www.bojungle.eu\/pl\/wp-json\/wp\/v2\/product_cat?post=76957"},{"taxonomy":"product_tag","embeddable":true,"href":"https:\/\/www.bojungle.eu\/pl\/wp-json\/wp\/v2\/product_tag?post=76957"},{"taxonomy":"woo-feed-brand","embeddable":true,"href":"https:\/\/www.bojungle.eu\/pl\/wp-json\/wp\/v2\/woo-feed-brand?post=76957"}],"curies":[{"name":"wp","href":"https:\/\/api.w.org\/{rel}","templated":true}]}}