{"id":77057,"date":"2024-09-10T09:18:57","date_gmt":"2024-09-10T07:18:57","guid":{"rendered":"https:\/\/www.bojungle.eu\/?post_type=product&#038;p=77057"},"modified":"2024-09-10T09:19:04","modified_gmt":"2024-09-10T07:19:04","slug":"czarujaca-sowa","status":"publish","type":"product","link":"https:\/\/www.bojungle.eu\/pl\/produkt\/czarujaca-sowa\/","title":{"rendered":"Czaruj\u0105ca sowa"},"content":{"rendered":"<p>Zapoznaj swoje dziecko z magi\u0105 muzyki dzi\u0119ki Enchanting Owl &#8211; uroczemu muzycznemu towarzyszowi zaprojektowanemu, aby urzeka\u0107 i bawi\u0107! Ta urocza sowa jest idealna dla maluch\u00f3w, kt\u00f3re uwielbiaj\u0105 odkrywa\u0107 d\u017awi\u0119ki i melodie.  <strong>Cechy:<\/strong><\/p>\n<ul>\n<li><strong>Trzy tryby muzyczne<\/strong>: Za pomoc\u0105 prostego prze\u0142\u0105cznika dziecko mo\u017ce \u0142atwo prze\u0142\u0105cza\u0107 si\u0119 mi\u0119dzy zachwycaj\u0105cymi d\u017awi\u0119kami zwierz\u0105t, koj\u0105cymi ko\u0142ysankami i uroczymi melodiami, takimi jak \u201eDo Re Mi\u201d. Ka\u017cdy tryb oferuje unikalne wra\u017cenia s\u0142uchowe, dzi\u0119ki czemu czas zabawy jest zar\u00f3wno zabawny, jak i wci\u0105gaj\u0105cy. <\/li>\n<li><strong>Odg\u0142osy zwierz\u0105t: <\/strong>Us\u0142ysz czaruj\u0105ce d\u017awi\u0119ki r\u00f3\u017cnych zwierz\u0105t, w tym ps\u00f3w, kot\u00f3w, ma\u0142p i kr\u00f3liczk\u00f3w! Te zabawne d\u017awi\u0119ki pomagaj\u0105 stymulowa\u0107 wyobra\u017ani\u0119 i ciekawo\u015b\u0107 dziecka. <\/li>\n<li><strong>Regulowana g\u0142o\u015bno\u015b\u0107: <\/strong>Enchanting Owl posiada wygodn\u0105 regulacj\u0119 g\u0142o\u015bno\u015bci, pozwalaj\u0105c\u0105 na dostosowanie d\u017awi\u0119ku do w\u0142asnych preferencji. Niezale\u017cnie od tego, czy jest to cicha ko\u0142ysanka na czas drzemki, czy \u017cywe melodie do zabawy, mo\u017cesz stworzy\u0107 idealne \u015brodowisko do s\u0142uchania. <\/li>\n<li><strong>Gotowy do zabawy<\/strong>: Wyposa\u017cony w 2 baterie 1,5 V \u201eAA\u201d, Tw\u00f3j maluch mo\u017ce rozpocz\u0105\u0107 muzyczn\u0105 przygod\u0119 zaraz po wyj\u0119ciu z pude\u0142ka. Nie potrzeba dodatkowych baterii &#8211; po prostu nieko\u0144cz\u0105ca si\u0119 zabawa! <\/li>\n<\/ul>\n<p> Zabierz do domu Czaruj\u0105c\u0105 Sow\u0119 i obserwuj, jak Twoje dziecko wyrusza w muzyczn\u0105 podr\u00f3\u017c pe\u0142n\u0105 rado\u015bci, \u015bmiechu i odkry\u0107!<\/p>\n","protected":false},"excerpt":{"rendered":"<p>Poznaj nasz\u0105 Czaruj\u0105c\u0105 Sow\u0119 &#8211; magicznego muzycznego towarzysza dla Twojego malucha! Za pomoc\u0105 prostego przycisku prze\u0142\u0105cznika mo\u017cna prze\u0142\u0105cza\u0107 si\u0119 mi\u0119dzy zachwycaj\u0105cymi d\u017awi\u0119kami zwierz\u0105t, koj\u0105cymi ko\u0142ysankami i uroczymi melodiami, takimi jak Do Re Mi. Pokochaj\u0105 r\u00f3wnie\u017c d\u017awi\u0119ki r\u00f3\u017cnych zwierz\u0105t, takich jak psy, koty, ma\u0142pki i kr\u00f3liczki! Ponadto mo\u017cesz zwi\u0119kszy\u0107 lub zmniejszy\u0107 g\u0142o\u015bno\u015b\u0107, aby uzyska\u0107 idealne wra\u017cenia s\u0142uchowe. Ta czaruj\u0105ca sowa jest wyposa\u017cona w 2 baterie 1,5 V \u201eAA\u201d, wi\u0119c zabawa nigdy nie musi si\u0119 ko\u0144czy\u0107. Przygotuj si\u0119 na nieko\u0144cz\u0105ce si\u0119 muzyczne przygody z nasz\u0105 czaruj\u0105c\u0105 sow\u0105!     <\/p>\n","protected":false},"featured_media":77030,"comment_status":"closed","ping_status":"closed","template":"","meta":{"_lmt_disableupdate":"","_lmt_disable":""},"product_brand":[],"product_cat":[474,491,613],"product_tag":[],"woo-feed-brand":[],"class_list":{"0":"post-77057","1":"product","2":"type-product","3":"status-publish","4":"has-post-thumbnail","6":"product_cat-playtime-pl","7":"product_cat-kolorowe-zabawki","8":"product_cat-zabawki-ruchowe","10":"first","11":"instock","12":"taxable","13":"shipping-taxable","14":"purchasable","15":"product-type-simple"},"_links":{"self":[{"href":"https:\/\/www.bojungle.eu\/pl\/wp-json\/wp\/v2\/product\/77057","targetHints":{"allow":["GET"]}}],"collection":[{"href":"https:\/\/www.bojungle.eu\/pl\/wp-json\/wp\/v2\/product"}],"about":[{"href":"https:\/\/www.bojungle.eu\/pl\/wp-json\/wp\/v2\/types\/product"}],"replies":[{"embeddable":true,"href":"https:\/\/www.bojungle.eu\/pl\/wp-json\/wp\/v2\/comments?post=77057"}],"version-history":[{"count":1,"href":"https:\/\/www.bojungle.eu\/pl\/wp-json\/wp\/v2\/product\/77057\/revisions"}],"predecessor-version":[{"id":77459,"href":"https:\/\/www.bojungle.eu\/pl\/wp-json\/wp\/v2\/product\/77057\/revisions\/77459"}],"wp:featuredmedia":[{"embeddable":true,"href":"https:\/\/www.bojungle.eu\/pl\/wp-json\/wp\/v2\/media\/77030"}],"wp:attachment":[{"href":"https:\/\/www.bojungle.eu\/pl\/wp-json\/wp\/v2\/media?parent=77057"}],"wp:term":[{"taxonomy":"product_brand","embeddable":true,"href":"https:\/\/www.bojungle.eu\/pl\/wp-json\/wp\/v2\/product_brand?post=77057"},{"taxonomy":"product_cat","embeddable":true,"href":"https:\/\/www.bojungle.eu\/pl\/wp-json\/wp\/v2\/product_cat?post=77057"},{"taxonomy":"product_tag","embeddable":true,"href":"https:\/\/www.bojungle.eu\/pl\/wp-json\/wp\/v2\/product_tag?post=77057"},{"taxonomy":"woo-feed-brand","embeddable":true,"href":"https:\/\/www.bojungle.eu\/pl\/wp-json\/wp\/v2\/woo-feed-brand?post=77057"}],"curies":[{"name":"wp","href":"https:\/\/api.w.org\/{rel}","templated":true}]}}