{"id":77162,"date":"2024-09-10T09:21:12","date_gmt":"2024-09-10T07:21:12","guid":{"rendered":"https:\/\/www.bojungle.eu\/?post_type=product&#038;p=77162"},"modified":"2024-09-10T09:21:18","modified_gmt":"2024-09-10T07:21:18","slug":"locomotives-adventure","status":"publish","type":"product","link":"https:\/\/www.bojungle.eu\/pl\/produkt\/locomotives-adventure\/","title":{"rendered":"Locomotive&#8217;s Adventure"},"content":{"rendered":"<p>Przedstawiamy Locomotive&#8217;s Adventure, najlepszy zestaw zabawek kolejowych, kt\u00f3ry wnosi emocje i wyobra\u017ani\u0119 do ka\u017cdej zabawy! Wystarczy jedno pchni\u0119cie, aby zobaczy\u0107, jak ko\u0142a z\u0119bate obracaj\u0105 si\u0119 w unisonie, tworz\u0105c anga\u017cuj\u0105ce i wci\u0105gaj\u0105ce do\u015bwiadczenie, kt\u00f3re pokochaj\u0105 dzieci. Zaprojektowany z regulowanymi ustawieniami g\u0142o\u015bno\u015bci, Locomotive&#8217;s Adventure pozwala wybra\u0107 mi\u0119dzy wysokimi i niskimi poziomami, dzi\u0119ki czemu idealnie nadaje si\u0119 do ka\u017cdego \u015brodowiska zabawy. Ten wszechstronny zestaw zabawek kolejowych oferuje trzy r\u00f3\u017cne tryby, z kt\u00f3rych ka\u017cdy oferuje unikaln\u0105 kombinacj\u0119 d\u017awi\u0119k\u00f3w, aby przygoda by\u0142a \u015bwie\u017ca i ekscytuj\u0105ca:    <\/p>\n<ul>\n<li>Tryb 1: Odkryj trzy urocze odg\u0142osy zwierz\u0105t w po\u0142\u0105czeniu z czterema weso\u0142ymi nutami muzycznymi.<\/li>\n<li>Tryb 2: Ciesz si\u0119 trzema zabawnymi efektami d\u017awi\u0119kowymi w po\u0142\u0105czeniu z czterema \u017cywio\u0142owymi melodiami.<\/li>\n<li>Tryb 3: Pos\u0142uchaj po\u0142\u0105czenia trzech zabawnych utwor\u00f3w muzycznych i czterech porywaj\u0105cych efekt\u00f3w d\u017awi\u0119kowych.<\/li>\n<\/ul>\n<p> Nie musisz martwi\u0107 si\u0119 o zakup baterii \u2013 Locomotive&#8217;s Adventure jest dostarczany z trzema bateriami 1,5 V \u201eAA\u201d, wi\u0119c zabawa mo\u017ce zacz\u0105\u0107 si\u0119 od razu po wyj\u0119ciu z pude\u0142ka! Przygotuj si\u0119 na godziny kreatywnych i ekscytuj\u0105cych przyg\u00f3d z Locomotive&#8217;s Adventure, idealnym dodatkiem do ka\u017cdego pokoju zabaw! <\/p>\n","protected":false},"excerpt":{"rendered":"<p>Przedstawiamy Locomotive&#8217;s Adventure: ekscytuj\u0105cy zestaw zabawek kolejowych zapewniaj\u0105cy nieko\u0144cz\u0105c\u0105 si\u0119 zabaw\u0119! Po prostu pchnij poci\u0105g i obserwuj, jak ko\u0142a z\u0119bate obracaj\u0105 si\u0119 razem, tworz\u0105c wci\u0105gaj\u0105ce do\u015bwiadczenie. Dzi\u0119ki regulowanym ustawieniom g\u0142o\u015bno\u015bci na wysoki i niski, zestaw idealnie nadaje si\u0119 do ka\u017cdej zabawy. Odkryj trzy r\u00f3\u017cne tryby, ka\u017cdy z unikaln\u0105 kombinacj\u0105 d\u017awi\u0119k\u00f3w zwierz\u0105t, nut muzycznych i efekt\u00f3w d\u017awi\u0119kowych. I nie martw si\u0119 o baterie: zestaw zawiera trzy baterie 1,5 V \u201eAA\u201d. Przygotuj si\u0119 na ekscytuj\u0105ce przygody z Locomotive&#8217;s Adventure!     <\/p>\n","protected":false},"featured_media":77123,"comment_status":"closed","ping_status":"closed","template":"","meta":{"_lmt_disableupdate":"","_lmt_disable":""},"product_brand":[],"product_cat":[491,474,613],"product_tag":[],"woo-feed-brand":[],"class_list":{"0":"post-77162","1":"product","2":"type-product","3":"status-publish","4":"has-post-thumbnail","6":"product_cat-kolorowe-zabawki","7":"product_cat-playtime-pl","8":"product_cat-zabawki-ruchowe","10":"first","11":"instock","12":"taxable","13":"shipping-taxable","14":"purchasable","15":"product-type-simple"},"_links":{"self":[{"href":"https:\/\/www.bojungle.eu\/pl\/wp-json\/wp\/v2\/product\/77162","targetHints":{"allow":["GET"]}}],"collection":[{"href":"https:\/\/www.bojungle.eu\/pl\/wp-json\/wp\/v2\/product"}],"about":[{"href":"https:\/\/www.bojungle.eu\/pl\/wp-json\/wp\/v2\/types\/product"}],"replies":[{"embeddable":true,"href":"https:\/\/www.bojungle.eu\/pl\/wp-json\/wp\/v2\/comments?post=77162"}],"version-history":[{"count":1,"href":"https:\/\/www.bojungle.eu\/pl\/wp-json\/wp\/v2\/product\/77162\/revisions"}],"predecessor-version":[{"id":77467,"href":"https:\/\/www.bojungle.eu\/pl\/wp-json\/wp\/v2\/product\/77162\/revisions\/77467"}],"wp:featuredmedia":[{"embeddable":true,"href":"https:\/\/www.bojungle.eu\/pl\/wp-json\/wp\/v2\/media\/77123"}],"wp:attachment":[{"href":"https:\/\/www.bojungle.eu\/pl\/wp-json\/wp\/v2\/media?parent=77162"}],"wp:term":[{"taxonomy":"product_brand","embeddable":true,"href":"https:\/\/www.bojungle.eu\/pl\/wp-json\/wp\/v2\/product_brand?post=77162"},{"taxonomy":"product_cat","embeddable":true,"href":"https:\/\/www.bojungle.eu\/pl\/wp-json\/wp\/v2\/product_cat?post=77162"},{"taxonomy":"product_tag","embeddable":true,"href":"https:\/\/www.bojungle.eu\/pl\/wp-json\/wp\/v2\/product_tag?post=77162"},{"taxonomy":"woo-feed-brand","embeddable":true,"href":"https:\/\/www.bojungle.eu\/pl\/wp-json\/wp\/v2\/woo-feed-brand?post=77162"}],"curies":[{"name":"wp","href":"https:\/\/api.w.org\/{rel}","templated":true}]}}