{"id":77234,"date":"2024-09-19T11:18:52","date_gmt":"2024-09-19T09:18:52","guid":{"rendered":"https:\/\/www.bojungle.eu\/?post_type=product&#038;p=77234"},"modified":"2025-08-06T16:39:55","modified_gmt":"2025-08-06T14:39:55","slug":"drewniana-silownia-ocean-bliss","status":"publish","type":"product","link":"https:\/\/www.bojungle.eu\/pl\/produkt\/drewniana-silownia-ocean-bliss\/","title":{"rendered":"Drewniana si\u0142ownia Ocean Bliss"},"content":{"rendered":"<p>Zapewnij swojemu maluchowi spokojn\u0105 zabaw\u0119 z drewnian\u0105 si\u0142owni\u0105 Ocean Bliss. \u0141uki s\u0105 wykonane z wysokiej jako\u015bci drewna, a ta si\u0142ownia jest wyposa\u017cona w wisz\u0105ce pluszowe zabawki. Twoje dziecko b\u0119dzie zachwycone odkrywaniem mi\u0119kkiej, dwustronnej poduszki i uroczych filcowych figurek po bokach sali zabaw, zaprojektowanych w celu stymulowania rozwoju sensorycznego.  <\/p>\n<p>Si\u0142ownia do zabawy zawiera kiesze\u0144 z lusterkiem, kt\u00f3ra s\u0142u\u017cy r\u00f3wnie\u017c jako uchwyt na urocze karty, anga\u017cuj\u0105c ciekawo\u015b\u0107 dziecka i pomagaj\u0105c w rozwoju wzroku. Zaprojektowana z my\u015bl\u0105 o wygodzie, drewniana si\u0142ownia Ocean Bliss \u0142atwo si\u0119 sk\u0142ada za pomoc\u0105 wbudowanych uchwyt\u00f3w, dzi\u0119ki czemu idealnie nadaje si\u0119 do zabawy w domu lub w podr\u00f3\u017cy. <\/p>\n<p>Niezale\u017cnie od tego, czy jeste\u015b w domu, czy w podr\u00f3\u017cy, ta si\u0142ownia oferuje nieko\u0144cz\u0105c\u0105 si\u0119 rozrywk\u0119 i korzy\u015bci rozwojowe, a wszystko to w pi\u0119knie wykonanym projekcie, kt\u00f3ry uzupe\u0142ni ka\u017cde przedszkole. Poczuj rado\u015b\u0107 z zabawy z drewnian\u0105 si\u0142owni\u0105 Ocean Bliss! <\/p>\n<p>&nbsp;<\/p>\n<table border=\"1\">\n<tbody>\n<tr>\n<td>Podr\u0119cznik<\/td>\n<td><a href=\"https:\/\/www.bojungle.eu\/wp-content\/uploads\/2025\/08\/Manual-Ocean-Bliss.pdf\">Kliknij tutaj<\/a><\/td>\n<\/tr>\n<\/tbody>\n<\/table>\n","protected":false},"excerpt":{"rendered":"<p><span class=\"OYPEnA font-feature-liga-off font-feature-clig-off font-feature-calt-off text-decoration-none text-strikethrough-none\">Przedstawiamy nasz\u0105 drewnian\u0105 si\u0142owni\u0119 Ocean Bliss!Jest to wygodna mata z \u0142adnie wyko\u0144czonymi drewnianymi \u0142ukami i mi\u0119kkimi zabawkami.Twoje dziecko mo\u017ce przegl\u0105da\u0107 si\u0119 w lusterku i bawi\u0107 si\u0119 kartami, kt\u00f3re tam umie\u015bcisz.\u0141atwo j\u0105 z\u0142o\u017cy\u0107 i zabra\u0107 ze sob\u0105, wi\u0119c zabawa nigdy si\u0119 nie ko\u0144czy, nawet w podr\u00f3\u017cy!   <\/span><\/p>\n","protected":false},"featured_media":77174,"comment_status":"closed","ping_status":"closed","template":"","meta":{"_lmt_disableupdate":"","_lmt_disable":""},"product_brand":[],"product_cat":[474,613],"product_tag":[],"woo-feed-brand":[],"class_list":{"0":"post-77234","1":"product","2":"type-product","3":"status-publish","4":"has-post-thumbnail","6":"product_cat-playtime-pl","7":"product_cat-zabawki-ruchowe","9":"first","10":"instock","11":"taxable","12":"shipping-taxable","13":"purchasable","14":"product-type-simple"},"_links":{"self":[{"href":"https:\/\/www.bojungle.eu\/pl\/wp-json\/wp\/v2\/product\/77234","targetHints":{"allow":["GET"]}}],"collection":[{"href":"https:\/\/www.bojungle.eu\/pl\/wp-json\/wp\/v2\/product"}],"about":[{"href":"https:\/\/www.bojungle.eu\/pl\/wp-json\/wp\/v2\/types\/product"}],"replies":[{"embeddable":true,"href":"https:\/\/www.bojungle.eu\/pl\/wp-json\/wp\/v2\/comments?post=77234"}],"version-history":[{"count":2,"href":"https:\/\/www.bojungle.eu\/pl\/wp-json\/wp\/v2\/product\/77234\/revisions"}],"predecessor-version":[{"id":80843,"href":"https:\/\/www.bojungle.eu\/pl\/wp-json\/wp\/v2\/product\/77234\/revisions\/80843"}],"wp:featuredmedia":[{"embeddable":true,"href":"https:\/\/www.bojungle.eu\/pl\/wp-json\/wp\/v2\/media\/77174"}],"wp:attachment":[{"href":"https:\/\/www.bojungle.eu\/pl\/wp-json\/wp\/v2\/media?parent=77234"}],"wp:term":[{"taxonomy":"product_brand","embeddable":true,"href":"https:\/\/www.bojungle.eu\/pl\/wp-json\/wp\/v2\/product_brand?post=77234"},{"taxonomy":"product_cat","embeddable":true,"href":"https:\/\/www.bojungle.eu\/pl\/wp-json\/wp\/v2\/product_cat?post=77234"},{"taxonomy":"product_tag","embeddable":true,"href":"https:\/\/www.bojungle.eu\/pl\/wp-json\/wp\/v2\/product_tag?post=77234"},{"taxonomy":"woo-feed-brand","embeddable":true,"href":"https:\/\/www.bojungle.eu\/pl\/wp-json\/wp\/v2\/woo-feed-brand?post=77234"}],"curies":[{"name":"wp","href":"https:\/\/api.w.org\/{rel}","templated":true}]}}