{"id":77306,"date":"2024-09-19T10:49:14","date_gmt":"2024-09-19T08:49:14","guid":{"rendered":"https:\/\/www.bojungle.eu\/?post_type=product&#038;p=77306"},"modified":"2025-06-16T13:29:19","modified_gmt":"2025-06-16T11:29:19","slug":"lezaczek-grow-with-me","status":"publish","type":"product","link":"https:\/\/www.bojungle.eu\/pl\/produkt\/lezaczek-grow-with-me\/","title":{"rendered":"Le\u017caczek Grow with me"},"content":{"rendered":"<div class=\"flex max-w-full flex-col flex-grow\">\n<div class=\"min-h-[20px] text-message flex w-full flex-col items-end gap-2 break-words [.text-message+&amp;]:mt-5 overflow-x-auto whitespace-normal\" dir=\"auto\" data-message-author-role=\"assistant\" data-message-id=\"d7faf530-0734-48f0-96fc-80ad607d2a5f\">\n<div class=\"flex w-full flex-col gap-1 empty:hidden first:pt-[3px]\">\n<div class=\"markdown prose w-full break-words dark:prose-invert light\">\n<p>Poznaj Grow With Me Bouncer Pure White &#8211; proste i stylowe siedzisko dla Twojego dziecka. Jest idealny do odpoczynku dla malucha lub do przymocowania do wysokiego krzese\u0142ka Grow With Me podczas posi\u0142k\u00f3w. Le\u017caczek ma pasek zabezpieczaj\u0105cy, kt\u00f3ry zapewnia dziecku bezpiecze\u0144stwo, mi\u0119kk\u0105 poduszk\u0119, kt\u00f3r\u0105 mo\u017cna zdj\u0105\u0107, i sk\u0142ada si\u0119 do niewielkich rozmiar\u00f3w, co u\u0142atwia przechowywanie. Pokrowiec mo\u017cna pra\u0107 w pralce, co u\u0142atwia utrzymanie go w czysto\u015bci. Ten le\u017caczek \u0142\u0105czy w sobie komfort i wygod\u0119 w eleganckim designie, dzi\u0119ki czemu jest doskona\u0142ym dodatkiem do Twojego domu.    <\/p>\n<p><strong>Nale\u017cy pami\u0119ta\u0107, \u017ce krzese\u0142ko do karmienia nie jest do\u0142\u0105czone do zestawu, ale nale\u017cy je zakupi\u0107 osobno.<\/strong><\/p>\n<table border=\"1\">\n<tbody>\n<tr>\n<td>Podr\u0119cznik<\/td>\n<td><a href=\"https:\/\/www.bojungle.eu\/pl\/produkt\/balneo-changing-table-pure-white\/\" target=\"_blank\" rel=\"noopener\">Kliknij tutaj<\/a><\/td>\n<\/tr>\n<\/tbody>\n<\/table>\n<\/div>\n<\/div>\n<\/div>\n<\/div>\n","protected":false},"excerpt":{"rendered":"<p>Nasz le\u017caczek Grow With Me<br \/>Czysta biel to idealne po\u0142\u0105czenie funkcjonalno\u015bci i designu. Mo\u017ce by\u0107 u\u017cywany jako krzese\u0142ko do drzemki dla malucha lub jako siedzisko dla noworodka do wysokiego krzese\u0142ka Grow With Me przy stole. <\/p>\n","protected":false},"featured_media":77245,"comment_status":"closed","ping_status":"closed","template":"","meta":{"_lmt_disableupdate":"","_lmt_disable":""},"product_brand":[],"product_cat":[539],"product_tag":[],"woo-feed-brand":[],"class_list":{"0":"post-77306","1":"product","2":"type-product","3":"status-publish","4":"has-post-thumbnail","6":"product_cat-hustawki-i-bujaki","8":"first","9":"instock","10":"taxable","11":"shipping-taxable","12":"purchasable","13":"product-type-simple"},"_links":{"self":[{"href":"https:\/\/www.bojungle.eu\/pl\/wp-json\/wp\/v2\/product\/77306","targetHints":{"allow":["GET"]}}],"collection":[{"href":"https:\/\/www.bojungle.eu\/pl\/wp-json\/wp\/v2\/product"}],"about":[{"href":"https:\/\/www.bojungle.eu\/pl\/wp-json\/wp\/v2\/types\/product"}],"replies":[{"embeddable":true,"href":"https:\/\/www.bojungle.eu\/pl\/wp-json\/wp\/v2\/comments?post=77306"}],"version-history":[{"count":2,"href":"https:\/\/www.bojungle.eu\/pl\/wp-json\/wp\/v2\/product\/77306\/revisions"}],"predecessor-version":[{"id":80266,"href":"https:\/\/www.bojungle.eu\/pl\/wp-json\/wp\/v2\/product\/77306\/revisions\/80266"}],"wp:featuredmedia":[{"embeddable":true,"href":"https:\/\/www.bojungle.eu\/pl\/wp-json\/wp\/v2\/media\/77245"}],"wp:attachment":[{"href":"https:\/\/www.bojungle.eu\/pl\/wp-json\/wp\/v2\/media?parent=77306"}],"wp:term":[{"taxonomy":"product_brand","embeddable":true,"href":"https:\/\/www.bojungle.eu\/pl\/wp-json\/wp\/v2\/product_brand?post=77306"},{"taxonomy":"product_cat","embeddable":true,"href":"https:\/\/www.bojungle.eu\/pl\/wp-json\/wp\/v2\/product_cat?post=77306"},{"taxonomy":"product_tag","embeddable":true,"href":"https:\/\/www.bojungle.eu\/pl\/wp-json\/wp\/v2\/product_tag?post=77306"},{"taxonomy":"woo-feed-brand","embeddable":true,"href":"https:\/\/www.bojungle.eu\/pl\/wp-json\/wp\/v2\/woo-feed-brand?post=77306"}],"curies":[{"name":"wp","href":"https:\/\/api.w.org\/{rel}","templated":true}]}}