{"id":77707,"date":"2024-09-10T11:30:57","date_gmt":"2024-09-10T09:30:57","guid":{"rendered":"https:\/\/www.bojungle.eu\/product\/wysokie-krzeselko-grow-with-me-pure-white\/"},"modified":"2025-06-19T14:42:31","modified_gmt":"2025-06-19T12:42:31","slug":"wysokie-krzeselko-grow-with-me-pure-white","status":"publish","type":"product","link":"https:\/\/www.bojungle.eu\/pl\/produkt\/wysokie-krzeselko-grow-with-me-pure-white\/","title":{"rendered":"Wysokie krzese\u0142ko Grow With Me Pure White"},"content":{"rendered":"<p>Krzese\u0142ko do karmienia Grow With Me w kolorze Pure White to idealne rozwi\u0105zanie dla rodzin, kt\u00f3re chc\u0105 d\u0142ugotrwa\u0142ego komfortu i stylu dla swoich pociech. Zaprojektowane tak, aby dostosowa\u0107 si\u0119 do ka\u017cdego etapu rozwoju Twojego dziecka, to wszechstronne krzese\u0142ko sprawia, \u017ce Twoje dziecko siedzi na wysoko\u015bci oczu z rodzin\u0105 od niemowl\u0119ctwa do doros\u0142o\u015bci. <\/p>\n<p>Cechy:<\/p>\n<ul>\n<li><strong>Wyjmowana taca<\/strong> dla \u0142atwego czyszczenia i wszechstronnego zastosowania.<\/li>\n<li><strong>Zdejmowane siedzisko dla dziecka<\/strong>, idealne dla niemowl\u0105t i ma\u0142ych dzieci.<\/li>\n<li><strong>Regulowane siedzisko i podn\u00f3\u017cek<\/strong>, dzi\u0119ki czemu krzese\u0142ko ro\u015bnie wraz z dzieckiem.<\/li>\n<li><strong>Zabezpiecz pas bezpiecze\u0144stwa <\/strong>dla wi\u0119kszego bezpiecze\u0144stwa.<\/li>\n<li><strong>Kompatybilny z noworodkami<\/strong>: Po\u0142\u0105czenie z le\u017caczkiem Grow With Me zapewnia dodatkowy komfort od pierwszego dnia \u017cycia.<\/li>\n<\/ul>\n<p>Zapewnij swojemu dziecku ergonomiczn\u0105, wygodn\u0105 pozycj\u0119 siedz\u0105c\u0105 w ka\u017cdym wieku dzi\u0119ki temu eleganckiemu, nowoczesnemu krzese\u0142ku do karmienia.<\/p>\n<table border=\"1\">\n<tbody>\n<tr>\n<td>Podr\u0119cznik<\/td>\n<td><a href=\"https:\/\/www.bojungle.eu\/wp-content\/uploads\/2025\/06\/Manual-High-Chair.pdf\" target=\"_blank\" rel=\"noopener\">Kliknij tutaj<\/a><\/td>\n<\/tr>\n<\/tbody>\n<\/table>\n","protected":false},"excerpt":{"rendered":"<p><span class=\"OYPEnA font-feature-liga-off font-feature-clig-off font-feature-calt-off text-decoration-none text-strikethrough-none\">Dzi\u0119ki krzese\u0142ku do karmienia Grow With Me Pure White Tw\u00f3j maluch zawsze wygodnie siedzi na wysoko\u015bci oczu przy stole. Wraz ze wzrostem dziecka mo\u017cesz \u0142atwo regulowa\u0107 siedzisko. Dzi\u0119ki zdejmowanemu fotelikowi dzieci\u0119cemu i regulowanemu podn\u00f3\u017ckowi krzese\u0142ko ro\u015bnie razem z Tob\u0105, od niemowlaka do doros\u0142ego. Twoje dziecko ma zawsze wygodn\u0105 i ergonomiczn\u0105 pozycj\u0119 siedz\u0105c\u0105.     <\/span><\/p>\n<p>&nbsp;<\/p>\n","protected":false},"featured_media":77514,"comment_status":"closed","ping_status":"closed","template":"","meta":{"_lmt_disableupdate":"","_lmt_disable":""},"product_brand":[],"product_cat":[653,441],"product_tag":[],"woo-feed-brand":[],"class_list":{"0":"post-77707","1":"product","2":"type-product","3":"status-publish","4":"has-post-thumbnail","6":"product_cat-wysokie-krzesla-i-foteliki-dla-dzieci","7":"product_cat-zywnosc-i-napoje","9":"first","10":"instock","11":"taxable","12":"shipping-taxable","13":"purchasable","14":"product-type-simple"},"_links":{"self":[{"href":"https:\/\/www.bojungle.eu\/pl\/wp-json\/wp\/v2\/product\/77707","targetHints":{"allow":["GET"]}}],"collection":[{"href":"https:\/\/www.bojungle.eu\/pl\/wp-json\/wp\/v2\/product"}],"about":[{"href":"https:\/\/www.bojungle.eu\/pl\/wp-json\/wp\/v2\/types\/product"}],"replies":[{"embeddable":true,"href":"https:\/\/www.bojungle.eu\/pl\/wp-json\/wp\/v2\/comments?post=77707"}],"version-history":[{"count":2,"href":"https:\/\/www.bojungle.eu\/pl\/wp-json\/wp\/v2\/product\/77707\/revisions"}],"predecessor-version":[{"id":80502,"href":"https:\/\/www.bojungle.eu\/pl\/wp-json\/wp\/v2\/product\/77707\/revisions\/80502"}],"wp:featuredmedia":[{"embeddable":true,"href":"https:\/\/www.bojungle.eu\/pl\/wp-json\/wp\/v2\/media\/77514"}],"wp:attachment":[{"href":"https:\/\/www.bojungle.eu\/pl\/wp-json\/wp\/v2\/media?parent=77707"}],"wp:term":[{"taxonomy":"product_brand","embeddable":true,"href":"https:\/\/www.bojungle.eu\/pl\/wp-json\/wp\/v2\/product_brand?post=77707"},{"taxonomy":"product_cat","embeddable":true,"href":"https:\/\/www.bojungle.eu\/pl\/wp-json\/wp\/v2\/product_cat?post=77707"},{"taxonomy":"product_tag","embeddable":true,"href":"https:\/\/www.bojungle.eu\/pl\/wp-json\/wp\/v2\/product_tag?post=77707"},{"taxonomy":"woo-feed-brand","embeddable":true,"href":"https:\/\/www.bojungle.eu\/pl\/wp-json\/wp\/v2\/woo-feed-brand?post=77707"}],"curies":[{"name":"wp","href":"https:\/\/api.w.org\/{rel}","templated":true}]}}