{"id":78154,"date":"2024-09-24T11:58:24","date_gmt":"2024-09-24T09:58:24","guid":{"rendered":"https:\/\/www.bojungle.eu\/?post_type=product&#038;p=78154"},"modified":"2024-09-27T13:33:54","modified_gmt":"2024-09-27T11:33:54","slug":"grow-with-me-complete-set-shady-grey-kopie","status":"publish","type":"product","link":"https:\/\/www.bojungle.eu\/pl\/produkt\/grow-with-me-complete-set-shady-grey-kopie\/","title":{"rendered":"Zestaw Grow With Me Complete Set Pure WhiteZestaw Grow With Me Complete Set Pure White"},"content":{"rendered":"<p>Zestaw Grow With Me Complete Set Pure White to najlepsze rozwi\u0105zanie do siedzenia dla dziecka od noworodka do doros\u0142o\u015bci. Ten stylowy i wszechstronny zestaw zawiera zar\u00f3wno krzese\u0142ko do karmienia Grow With Me High Chair, jak i le\u017caczek Grow With Me Bouncer, p\u0142ynnie \u0142\u0105cz\u0105c wygod\u0119, bezpiecze\u0144stwo i mo\u017cliwo\u015b\u0107 dostosowania na ka\u017cdym etapie rozwoju.  <strong>Cechy:<\/strong><\/p>\n<ul>\n<li><strong>Wysokie krzes\u0142o:<\/strong>\n<ul>\n<li>Wyjmowana taca umo\u017cliwia \u0142atwe czyszczenie i wielokrotne u\u017cycie.<\/li>\n<li>Regulowane siedzisko i podn\u00f3\u017cek rosn\u0105 wraz z dzieckiem.<\/li>\n<li>Bezpieczny pas bezpiecze\u0144stwa dla wi\u0119kszego bezpiecze\u0144stwa i spokoju ducha.<\/li>\n<li>Ergonomiczna konstrukcja zapewnia optymalny komfort siedzenia dla os\u00f3b w ka\u017cdym wieku.<\/li>\n<\/ul>\n<\/li>\n<li><strong>Ko\u0142yska:<\/strong>\n<ul>\n<li>Przymocuj le\u017caczek Grow With Me do wysokiego krzese\u0142ka, aby uzyska\u0107 idealn\u0105 konfiguracj\u0119 dla noworodka.<\/li>\n<li>Mi\u0119kka, zdejmowana poduszka i pokrowiec, kt\u00f3ry mo\u017cna pra\u0107 w pralce.<\/li>\n<li>Sk\u0142adany do kompaktowego przechowywania i wygody w podr\u00f3\u017cy.<\/li>\n<\/ul>\n<\/li>\n<\/ul>\n<p> Niezale\u017cnie od tego, czy jest to pora posi\u0142ku, czy zabawy, kompletny zestaw Grow With Me jest idealnym towarzyszem Twojej rodziny, zapewniaj\u0105c d\u0142ugotrwa\u0142y komfort i elastyczno\u015b\u0107 &#8211; a wszystko to w nowoczesnym, eleganckim wzornictwie Shady Grey.<\/p>\n","protected":false},"excerpt":{"rendered":"<div class=\"flex max-w-full flex-col flex-grow\">\n<div class=\"min-h-[20px] text-message flex w-full flex-col items-end gap-2 whitespace-normal break-words [.text-message+&amp;]:mt-5\" dir=\"auto\" data-message-author-role=\"assistant\" data-message-id=\"86751314-bcc5-4504-a219-4bf3f1df37bb\">\n<div class=\"flex w-full flex-col gap-1 empty:hidden first:pt-[3px]\">\n<div class=\"markdown prose w-full break-words dark:prose-invert light\"> Kompletny zestaw Grow With Me w kolorze Pure White to idealne rozwi\u0105zanie do siedzenia dla dziecka od noworodka do doros\u0142o\u015bci. Ten wszechstronny zestaw obejmuje wysokie krzese\u0142ko i le\u017caczek Grow With Me, zaprojektowane z my\u015bl\u0105 o komforcie, bezpiecze\u0144stwie i mo\u017cliwo\u015bci dostosowania na ka\u017cdym etapie. Dzi\u0119ki regulowanym funkcjom, wyjmowanej tacce i kompaktowemu, sk\u0142adanemu le\u017caczkowi, jest to idealne po\u0142\u0105czenie stylu i praktyczno\u015bci dla nowoczesnych rodzin.   <\/div>\n<\/div>\n<\/div>\n<\/div>\n","protected":false},"featured_media":77564,"comment_status":"closed","ping_status":"closed","template":"","meta":{"_lmt_disableupdate":"","_lmt_disable":""},"product_brand":[],"product_cat":[653,539,441],"product_tag":[],"woo-feed-brand":[],"class_list":{"0":"post-78154","1":"product","2":"type-product","3":"status-publish","4":"has-post-thumbnail","6":"product_cat-wysokie-krzesla-i-foteliki-dla-dzieci","7":"product_cat-hustawki-i-bujaki","8":"product_cat-zywnosc-i-napoje","10":"first","11":"instock","12":"taxable","13":"shipping-taxable","14":"purchasable","15":"product-type-simple"},"_links":{"self":[{"href":"https:\/\/www.bojungle.eu\/pl\/wp-json\/wp\/v2\/product\/78154","targetHints":{"allow":["GET"]}}],"collection":[{"href":"https:\/\/www.bojungle.eu\/pl\/wp-json\/wp\/v2\/product"}],"about":[{"href":"https:\/\/www.bojungle.eu\/pl\/wp-json\/wp\/v2\/types\/product"}],"replies":[{"embeddable":true,"href":"https:\/\/www.bojungle.eu\/pl\/wp-json\/wp\/v2\/comments?post=78154"}],"version-history":[{"count":2,"href":"https:\/\/www.bojungle.eu\/pl\/wp-json\/wp\/v2\/product\/78154\/revisions"}],"predecessor-version":[{"id":78183,"href":"https:\/\/www.bojungle.eu\/pl\/wp-json\/wp\/v2\/product\/78154\/revisions\/78183"}],"wp:featuredmedia":[{"embeddable":true,"href":"https:\/\/www.bojungle.eu\/pl\/wp-json\/wp\/v2\/media\/77564"}],"wp:attachment":[{"href":"https:\/\/www.bojungle.eu\/pl\/wp-json\/wp\/v2\/media?parent=78154"}],"wp:term":[{"taxonomy":"product_brand","embeddable":true,"href":"https:\/\/www.bojungle.eu\/pl\/wp-json\/wp\/v2\/product_brand?post=78154"},{"taxonomy":"product_cat","embeddable":true,"href":"https:\/\/www.bojungle.eu\/pl\/wp-json\/wp\/v2\/product_cat?post=78154"},{"taxonomy":"product_tag","embeddable":true,"href":"https:\/\/www.bojungle.eu\/pl\/wp-json\/wp\/v2\/product_tag?post=78154"},{"taxonomy":"woo-feed-brand","embeddable":true,"href":"https:\/\/www.bojungle.eu\/pl\/wp-json\/wp\/v2\/woo-feed-brand?post=78154"}],"curies":[{"name":"wp","href":"https:\/\/api.w.org\/{rel}","templated":true}]}}