{"id":82144,"date":"2025-11-26T14:51:25","date_gmt":"2025-11-26T13:51:25","guid":{"rendered":"https:\/\/www.bojungle.eu\/?post_type=product&#038;p=82144"},"modified":"2026-04-07T13:53:20","modified_gmt":"2026-04-07T11:53:20","slug":"musical-i-silownia-light-play-borneo","status":"publish","type":"product","link":"https:\/\/www.bojungle.eu\/pl\/produkt\/musical-i-silownia-light-play-borneo\/","title":{"rendered":"Borneo Musical &amp; Light Play Gym"},"content":{"rendered":"<p>Mata edukacyjna z pa\u0142\u0105kami, \u015bwiat\u0142em i muzyk\u0105 Borneo zosta\u0142a zaprojektowana tak, aby bawi\u0107, uspokaja\u0107 i stymulowa\u0107 rozw\u00f3j Twojego dziecka podczas codziennych chwil zabawy.<\/p>\n<p>Dzi\u0119ki delikatnym kolorom, zabawnym zabawkom, \u015bwiate\u0142kom i melodiom ta mata edukacyjna dla niemowl\u0105t tworzy przyjazn\u0105 przestrze\u0144 do aktywno\u015bci, w kt\u00f3rej maluszek mo\u017ce si\u0119 zrelaksowa\u0107, odkrywa\u0107 \u015bwiat i rozwija\u0107 wa\u017cne umiej\u0119tno\u015bci ju\u017c od pierwszych miesi\u0119cy \u017cycia.<br \/>\nZawieszone zabawki zach\u0119caj\u0105 do si\u0119gania, kopania i chwytania, wspieraj\u0105c tym samym rozw\u00f3j sensoryczny i motoryczny od najm\u0142odszych lat.<\/p>\n<p>Wygodna mata do zabawy zapewnia przytulne miejsce do le\u017cenia, przeci\u0105gania si\u0119 i zabawy, a funkcje \u015bwietlne i muzyczne dostarczaj\u0105 dodatkowych bod\u017ac\u00f3w i rado\u015bci.<br \/>\nDzi\u0119ki temu mata edukacyjna z pa\u0142\u0105kami, \u015bwiat\u0142em i muzyk\u0105 Borneo to doskona\u0142y wyb\u00f3r na pierwsze chwile zabawy i odkrywania \u015bwiata przez dziecko.<\/p>\n<p>Mata edukacyjna z pa\u0142\u0105kami, \u015bwiat\u0142em i muzyk\u0105 Borneo to praktyczne i anga\u017cuj\u0105ce centrum aktywno\u015bci dla niemowl\u0105t, idealne dla rodzic\u00f3w, kt\u00f3rzy szukaj\u0105 wygody, stymulacji i wspierania rozwoju poprzez zabaw\u0119 w jednym stylowym produkcie.<\/p>\n<p>\u2022 Mi\u0119kka i wygodna mata edukacyjna dla niemowl\u0105t<br \/>\n\u2022 Delikatne kolory o uspokajaj\u0105cym charakterze<br \/>\n\u2022 Funkcje \u015bwietlne i melodyjne<br \/>\n\u2022 Stymuluj\u0105ce wisz\u0105ce zabawki<br \/>\n\u2022 Wspiera rozw\u00f3j sensoryczny<br \/>\n\u2022 Wspomaga wczesny rozw\u00f3j motoryczny<br \/>\n\u2022 Idealna do codziennej zabawy<br \/>\n\u2022 Komfortowa przestrze\u0144 na pierwsze chwile zabawy<\/p>\n","protected":false},"excerpt":{"rendered":"<div class=\"relative w-full mt-4 mb-1\">\n<div class=\"\">\n<div class=\"relative\">\n<div class=\"h-full min-h-0 min-w-0\">\n<div class=\"h-full min-h-0 min-w-0\">\n<div class=\"border border-token-border-light border-radius-3xl corner-superellipse\/1.1 rounded-3xl\">\n<div class=\"h-full w-full border-radius-3xl bg-token-bg-elevated-secondary corner-superellipse\/1.1 overflow-clip rounded-3xl lxnfua_clipPathFallback\">\n<div class=\"w-full overflow-x-hidden overflow-y-auto pe-11 pt-3\">\n<div class=\"relative z-0 flex max-w-full\">\n<div id=\"code-block-viewer\" class=\"q9tKkq_viewer cm-editor z-10 light:cm-light dark:cm-light flex h-full w-full flex-col items-stretch \u037c5 \u037cj\" dir=\"ltr\">\n<div class=\"cm-scroller\">\n<div class=\"cm-content q9tKkq_readonly\">Stw\u00f3rz mi\u0119kk\u0105 i stymuluj\u0105c\u0105 przestrze\u0144 do zabawy dla swojego dziecka z mat\u0105 edukacyjn\u0105 z pa\u0142\u0105kami, \u015bwiat\u0142em i muzyk\u0105 Borneo. To centrum aktywno\u015bci dla niemowl\u0105t \u0142\u0105czy delikatne kolory, \u015bwiate\u0142ka, melodie i zabawne wisz\u0105ce zabawki, aby wspiera\u0107 rozw\u00f3j sensoryczny, pierwsze ruchy i komfortow\u0105 codzienn\u0105 zabaw\u0119. <\/div>\n<\/div>\n<\/div>\n<\/div>\n<\/div>\n<\/div>\n<\/div>\n<\/div>\n<\/div>\n<div class=\"\">\n<div class=\"\"><\/div>\n<\/div>\n<\/div>\n<\/div>\n<\/div>\n","protected":false},"featured_media":82254,"comment_status":"closed","ping_status":"closed","template":"","meta":{"_lmt_disableupdate":"no","_lmt_disable":""},"product_brand":[],"product_cat":[474,614,475,613],"product_tag":[1654,1659,1653,1655,1657,1658,1656],"woo-feed-brand":[],"class_list":{"0":"post-82144","1":"product","2":"type-product","3":"status-publish","4":"has-post-thumbnail","6":"product_cat-playtime-pl","7":"product_cat-zabawki-muzyczne","8":"product_cat-zabawki-pluszowe","9":"product_cat-zabawki-ruchowe","10":"product_tag-centrum-aktywnosci-dla-niemowlat","11":"product_tag-mata-edukacyjna-borneo-dla-niemowlat","12":"product_tag-mata-edukacyjna-dla-niemowlat","13":"product_tag-mata-edukacyjna-z-muzyka-dla-niemowlat","14":"product_tag-mata-edukacyjna-ze-swiatlem-dla-niemowlat","15":"product_tag-mata-wspierajaca-rozwoj-niemowlat","16":"product_tag-zabawka-sensoryczna-dla-niemowlat","18":"first","19":"instock","20":"taxable","21":"shipping-taxable","22":"purchasable","23":"product-type-simple"},"_links":{"self":[{"href":"https:\/\/www.bojungle.eu\/pl\/wp-json\/wp\/v2\/product\/82144","targetHints":{"allow":["GET"]}}],"collection":[{"href":"https:\/\/www.bojungle.eu\/pl\/wp-json\/wp\/v2\/product"}],"about":[{"href":"https:\/\/www.bojungle.eu\/pl\/wp-json\/wp\/v2\/types\/product"}],"replies":[{"embeddable":true,"href":"https:\/\/www.bojungle.eu\/pl\/wp-json\/wp\/v2\/comments?post=82144"}],"version-history":[{"count":4,"href":"https:\/\/www.bojungle.eu\/pl\/wp-json\/wp\/v2\/product\/82144\/revisions"}],"predecessor-version":[{"id":85529,"href":"https:\/\/www.bojungle.eu\/pl\/wp-json\/wp\/v2\/product\/82144\/revisions\/85529"}],"wp:featuredmedia":[{"embeddable":true,"href":"https:\/\/www.bojungle.eu\/pl\/wp-json\/wp\/v2\/media\/82254"}],"wp:attachment":[{"href":"https:\/\/www.bojungle.eu\/pl\/wp-json\/wp\/v2\/media?parent=82144"}],"wp:term":[{"taxonomy":"product_brand","embeddable":true,"href":"https:\/\/www.bojungle.eu\/pl\/wp-json\/wp\/v2\/product_brand?post=82144"},{"taxonomy":"product_cat","embeddable":true,"href":"https:\/\/www.bojungle.eu\/pl\/wp-json\/wp\/v2\/product_cat?post=82144"},{"taxonomy":"product_tag","embeddable":true,"href":"https:\/\/www.bojungle.eu\/pl\/wp-json\/wp\/v2\/product_tag?post=82144"},{"taxonomy":"woo-feed-brand","embeddable":true,"href":"https:\/\/www.bojungle.eu\/pl\/wp-json\/wp\/v2\/woo-feed-brand?post=82144"}],"curies":[{"name":"wp","href":"https:\/\/api.w.org\/{rel}","templated":true}]}}