{"id":82274,"date":"2025-11-26T14:58:45","date_gmt":"2025-11-26T13:58:45","guid":{"rendered":"https:\/\/www.bojungle.eu\/?post_type=product&#038;p=82274"},"modified":"2025-12-18T10:15:48","modified_gmt":"2025-12-18T09:15:48","slug":"skladana-silownia-z-kulkami-palenquo","status":"publish","type":"product","link":"https:\/\/www.bojungle.eu\/pl\/produkt\/skladana-silownia-z-kulkami-palenquo\/","title":{"rendered":"Sk\u0142adana si\u0142ownia z kulkami 'Palenquo&#8217;"},"content":{"rendered":"<p>Witamy w kolorowej d\u017cungli pe\u0142nej uroczych zwierz\u0105tek! Ta mata aktywna pobudza zmys\u0142y Twojego dziecka \u017cywymi kolorami, zabawnymi d\u017awi\u0119kami i r\u00f3\u017cnorodnymi fakturami. Zawiera 30 radosnych, kolorowych pi\u0142ek przechowywanych w uroczej ma\u0142ej siatce \u2013 idealnej do chwytania, toczenia si\u0119 lub po prostu zabawy. Mi\u0119kki materia\u0142 zapewnia wygodn\u0105 przestrze\u0144 do zabawy, idealn\u0105 dla pierwszych odkry\u0107. Ta mata aktywna tworzy bezpieczne i stymuluj\u0105ce \u015brodowisko, w kt\u00f3rym zabawa i rozw\u00f3j id\u0105 w parze.<\/p>\n<ul>\n<li>Kolorowy design30<\/li>\n<li>Kolorowe kulki w uroczej siatce do przechowywania<\/li>\n<li>Wspiera rozw\u00f3j motoryczny<\/li>\n<li>Wspiera rozw\u00f3j poznawczy<\/li>\n<li>Mo\u017cliwo\u015b\u0107 przekszta\u0142cenia w pi\u0142eczk\u0119<\/li>\n<li>R\u00f3\u017cne grzechotki<\/li>\n<li>Du\u017ce lustro do samopoznania<\/li>\n<\/ul>\n","protected":false},"excerpt":{"rendered":"<p>Witamy w kolorowej d\u017cungli pe\u0142nej uroczych zwierz\u0105tek! Ta mata aktywna pobudza zmys\u0142y Twojego dziecka \u017cywymi kolorami, zabawnymi d\u017awi\u0119kami i r\u00f3\u017cnorodnymi fakturami. Zawiera 30 radosnych, kolorowych pi\u0142ek przechowywanych w uroczej ma\u0142ej siatce \u2013 idealnej do chwytania, toczenia si\u0119 lub po prostu zabawy. Mi\u0119kki materia\u0142 zapewnia wygodn\u0105 przestrze\u0144 do zabawy, idealn\u0105 dla pierwszych odkry\u0107. Ta mata aktywna tworzy bezpieczne i stymuluj\u0105ce \u015brodowisko, w kt\u00f3rym zabawa i rozw\u00f3j id\u0105 w parze.<\/p>\n","protected":false},"featured_media":82284,"comment_status":"closed","ping_status":"closed","template":"","meta":{"_lmt_disableupdate":"no","_lmt_disable":""},"product_brand":[],"product_cat":[474,613],"product_tag":[],"woo-feed-brand":[],"class_list":{"0":"post-82274","1":"product","2":"type-product","3":"status-publish","4":"has-post-thumbnail","6":"product_cat-playtime-pl","7":"product_cat-zabawki-ruchowe","9":"first","10":"instock","11":"taxable","12":"shipping-taxable","13":"purchasable","14":"product-type-simple"},"_links":{"self":[{"href":"https:\/\/www.bojungle.eu\/pl\/wp-json\/wp\/v2\/product\/82274","targetHints":{"allow":["GET"]}}],"collection":[{"href":"https:\/\/www.bojungle.eu\/pl\/wp-json\/wp\/v2\/product"}],"about":[{"href":"https:\/\/www.bojungle.eu\/pl\/wp-json\/wp\/v2\/types\/product"}],"replies":[{"embeddable":true,"href":"https:\/\/www.bojungle.eu\/pl\/wp-json\/wp\/v2\/comments?post=82274"}],"version-history":[{"count":2,"href":"https:\/\/www.bojungle.eu\/pl\/wp-json\/wp\/v2\/product\/82274\/revisions"}],"predecessor-version":[{"id":83386,"href":"https:\/\/www.bojungle.eu\/pl\/wp-json\/wp\/v2\/product\/82274\/revisions\/83386"}],"wp:featuredmedia":[{"embeddable":true,"href":"https:\/\/www.bojungle.eu\/pl\/wp-json\/wp\/v2\/media\/82284"}],"wp:attachment":[{"href":"https:\/\/www.bojungle.eu\/pl\/wp-json\/wp\/v2\/media?parent=82274"}],"wp:term":[{"taxonomy":"product_brand","embeddable":true,"href":"https:\/\/www.bojungle.eu\/pl\/wp-json\/wp\/v2\/product_brand?post=82274"},{"taxonomy":"product_cat","embeddable":true,"href":"https:\/\/www.bojungle.eu\/pl\/wp-json\/wp\/v2\/product_cat?post=82274"},{"taxonomy":"product_tag","embeddable":true,"href":"https:\/\/www.bojungle.eu\/pl\/wp-json\/wp\/v2\/product_tag?post=82274"},{"taxonomy":"woo-feed-brand","embeddable":true,"href":"https:\/\/www.bojungle.eu\/pl\/wp-json\/wp\/v2\/woo-feed-brand?post=82274"}],"curies":[{"name":"wp","href":"https:\/\/api.w.org\/{rel}","templated":true}]}}