{"id":82614,"date":"2025-11-26T15:05:46","date_gmt":"2025-11-26T14:05:46","guid":{"rendered":"https:\/\/www.bojungle.eu\/?post_type=product&#038;p=82614"},"modified":"2026-01-14T15:35:59","modified_gmt":"2026-01-14T14:35:59","slug":"skladana-silownia-z-kulkami-midnight-expedition","status":"publish","type":"product","link":"https:\/\/www.bojungle.eu\/pl\/produkt\/skladana-silownia-z-kulkami-midnight-expedition\/","title":{"rendered":"Sk\u0142adana si\u0142ownia z kulkami 'Midnight Expedition&#8217;"},"content":{"rendered":"<p>Obud\u017a zmys\u0142y i pozw\u00f3l swojemu maluszkowi wyruszy\u0107 w magiczn\u0105 podr\u00f3\u017c pe\u0142n\u0105 kolor\u00f3w, d\u017awi\u0119k\u00f3w i ruchu. Ta mata do aktywno\u015bci zosta\u0142a specjalnie zaprojektowana, by uczyni\u0107 pierwsze przygody dziecka naprawd\u0119 niezapomnianymi. Dzi\u0119ki starannie dobranej palecie kolor\u00f3w, kt\u00f3ra pobudza zmys\u0142y ju\u017c od pierwszych oznak rozpoznania wzrokowego, ka\u017cdy szczeg\u00f3\u0142 zaprasza do zachwytu i zabawy. Mi\u0119kkie faktury i zabawne elementy sprawiaj\u0105, \u017ce ta mata jest nie tylko wygodna, ale te\u017c nieodparcie przyjemna.<\/p>\n<ul>\n<li>Mi\u0119kka konstrukcja<\/li>\n<li>30 kolorowych pi\u0142ek w uroczej siatce do przechowywania<\/li>\n<li>Wspiera rozw\u00f3j motoryczny<\/li>\n<li>Wspiera rozw\u00f3j poznawczy<\/li>\n<li>Mo\u017cliwo\u015b\u0107 przekszta\u0142cenia w pi\u0142eczk\u0119<\/li>\n<li>R\u00f3\u017cne grzechotki<\/li>\n<li>Du\u017ce lustro do samopoznania<\/li>\n<\/ul>\n","protected":false},"excerpt":{"rendered":"<p>Obud\u017a zmys\u0142y i pozw\u00f3l swojemu maluszkowi wyruszy\u0107 w magiczn\u0105 podr\u00f3\u017c pe\u0142n\u0105 kolor\u00f3w, d\u017awi\u0119k\u00f3w i ruchu. Ta mata do aktywno\u015bci zosta\u0142a specjalnie zaprojektowana, by uczyni\u0107 pierwsze przygody dziecka naprawd\u0119 niezapomnianymi. Dzi\u0119ki starannie dobranej palecie kolor\u00f3w, kt\u00f3ra pobudza zmys\u0142y ju\u017c od pierwszych oznak rozpoznania wzrokowego, ka\u017cdy szczeg\u00f3\u0142 zaprasza do zachwytu i zabawy. Mi\u0119kkie faktury i zabawne elementy sprawiaj\u0105, \u017ce ta mata jest nie tylko wygodna, ale te\u017c nieodparcie przyjemna.<\/p>\n","protected":false},"featured_media":82784,"comment_status":"closed","ping_status":"closed","template":"","meta":{"_lmt_disableupdate":"no","_lmt_disable":""},"product_brand":[],"product_cat":[474,613],"product_tag":[],"woo-feed-brand":[],"class_list":{"0":"post-82614","1":"product","2":"type-product","3":"status-publish","4":"has-post-thumbnail","6":"product_cat-playtime-pl","7":"product_cat-zabawki-ruchowe","9":"first","10":"instock","11":"taxable","12":"shipping-taxable","13":"purchasable","14":"product-type-simple"},"_links":{"self":[{"href":"https:\/\/www.bojungle.eu\/pl\/wp-json\/wp\/v2\/product\/82614","targetHints":{"allow":["GET"]}}],"collection":[{"href":"https:\/\/www.bojungle.eu\/pl\/wp-json\/wp\/v2\/product"}],"about":[{"href":"https:\/\/www.bojungle.eu\/pl\/wp-json\/wp\/v2\/types\/product"}],"replies":[{"embeddable":true,"href":"https:\/\/www.bojungle.eu\/pl\/wp-json\/wp\/v2\/comments?post=82614"}],"version-history":[{"count":3,"href":"https:\/\/www.bojungle.eu\/pl\/wp-json\/wp\/v2\/product\/82614\/revisions"}],"predecessor-version":[{"id":83858,"href":"https:\/\/www.bojungle.eu\/pl\/wp-json\/wp\/v2\/product\/82614\/revisions\/83858"}],"wp:featuredmedia":[{"embeddable":true,"href":"https:\/\/www.bojungle.eu\/pl\/wp-json\/wp\/v2\/media\/82784"}],"wp:attachment":[{"href":"https:\/\/www.bojungle.eu\/pl\/wp-json\/wp\/v2\/media?parent=82614"}],"wp:term":[{"taxonomy":"product_brand","embeddable":true,"href":"https:\/\/www.bojungle.eu\/pl\/wp-json\/wp\/v2\/product_brand?post=82614"},{"taxonomy":"product_cat","embeddable":true,"href":"https:\/\/www.bojungle.eu\/pl\/wp-json\/wp\/v2\/product_cat?post=82614"},{"taxonomy":"product_tag","embeddable":true,"href":"https:\/\/www.bojungle.eu\/pl\/wp-json\/wp\/v2\/product_tag?post=82614"},{"taxonomy":"woo-feed-brand","embeddable":true,"href":"https:\/\/www.bojungle.eu\/pl\/wp-json\/wp\/v2\/woo-feed-brand?post=82614"}],"curies":[{"name":"wp","href":"https:\/\/api.w.org\/{rel}","templated":true}]}}