{"id":82804,"date":"2025-11-26T15:15:45","date_gmt":"2025-11-26T14:15:45","guid":{"rendered":"https:\/\/www.bojungle.eu\/?post_type=product&#038;p=82804"},"modified":"2026-01-14T15:24:35","modified_gmt":"2026-01-14T14:24:35","slug":"sticky-spinner-toys-buddies","status":"publish","type":"product","link":"https:\/\/www.bojungle.eu\/pl\/produkt\/sticky-spinner-toys-buddies\/","title":{"rendered":"Sticky Spinner Toys Buddies"},"content":{"rendered":"<p>Wprowad\u017a zabaw\u0119 w podr\u00f3\u017c dzi\u0119ki tym kolorowym zabawkom z motywem owad\u00f3w z motywem ssania! Mocne przyssawki \u0142atwo przylegaj\u0105 do g\u0142adkich powierzchni, dzi\u0119ki czemu s\u0105 idealne do krzese\u0142ek, okien, a nawet k\u0105pieli.<\/p>\n<ul>\n<li>Zestaw trzech kolorowych wirojerek: biedronki, pszczo\u0142y i wa\u017cki<\/li>\n<li>Mocne przyssawki u\u0142atwiaj\u0105ce mocowanie do p\u0142askich powierzchni<\/li>\n<li>Kr\u0119ci si\u0119 p\u0142ynnie, aby zach\u0119ci\u0107 do \u015bledzenia wzroku i precyzyjnej motoryki<\/li>\n<li>Zawiera przyciski z wysuwaniem dla dodatkowej zabawy sensorycznej<\/li>\n<li>Idealne do domu, podr\u00f3\u017cy lub podczas posi\u0142k\u00f3w<\/li>\n<li>Odpowiedni dla niemowl\u0105t od 6 miesi\u0119cy wzwy\u017c, wolny od BPA i bezpieczny do \u017cucia<\/li>\n<\/ul>\n","protected":false},"excerpt":{"rendered":"<p>Potrz\u0105\u015bnij zwierz\u0105tkiem, aby u\u017cy\u0107 go jako grzechotki, lub dotknij zabawki, aby si\u0119 obr\u00f3ci\u0142a i wyda\u0142a d\u017awi\u0119k.<\/p>\n","protected":false},"featured_media":82824,"comment_status":"closed","ping_status":"closed","template":"","meta":{"_lmt_disableupdate":"no","_lmt_disable":""},"product_brand":[],"product_cat":[672,491,474,613],"product_tag":[],"woo-feed-brand":[],"class_list":{"0":"post-82804","1":"product","2":"type-product","3":"status-publish","4":"has-post-thumbnail","6":"product_cat-grzechotki","7":"product_cat-kolorowe-zabawki","8":"product_cat-playtime-pl","9":"product_cat-zabawki-ruchowe","11":"first","12":"outofstock","13":"taxable","14":"shipping-taxable","15":"purchasable","16":"product-type-simple"},"_links":{"self":[{"href":"https:\/\/www.bojungle.eu\/pl\/wp-json\/wp\/v2\/product\/82804","targetHints":{"allow":["GET"]}}],"collection":[{"href":"https:\/\/www.bojungle.eu\/pl\/wp-json\/wp\/v2\/product"}],"about":[{"href":"https:\/\/www.bojungle.eu\/pl\/wp-json\/wp\/v2\/types\/product"}],"replies":[{"embeddable":true,"href":"https:\/\/www.bojungle.eu\/pl\/wp-json\/wp\/v2\/comments?post=82804"}],"version-history":[{"count":3,"href":"https:\/\/www.bojungle.eu\/pl\/wp-json\/wp\/v2\/product\/82804\/revisions"}],"predecessor-version":[{"id":83850,"href":"https:\/\/www.bojungle.eu\/pl\/wp-json\/wp\/v2\/product\/82804\/revisions\/83850"}],"wp:featuredmedia":[{"embeddable":true,"href":"https:\/\/www.bojungle.eu\/pl\/wp-json\/wp\/v2\/media\/82824"}],"wp:attachment":[{"href":"https:\/\/www.bojungle.eu\/pl\/wp-json\/wp\/v2\/media?parent=82804"}],"wp:term":[{"taxonomy":"product_brand","embeddable":true,"href":"https:\/\/www.bojungle.eu\/pl\/wp-json\/wp\/v2\/product_brand?post=82804"},{"taxonomy":"product_cat","embeddable":true,"href":"https:\/\/www.bojungle.eu\/pl\/wp-json\/wp\/v2\/product_cat?post=82804"},{"taxonomy":"product_tag","embeddable":true,"href":"https:\/\/www.bojungle.eu\/pl\/wp-json\/wp\/v2\/product_tag?post=82804"},{"taxonomy":"woo-feed-brand","embeddable":true,"href":"https:\/\/www.bojungle.eu\/pl\/wp-json\/wp\/v2\/woo-feed-brand?post=82804"}],"curies":[{"name":"wp","href":"https:\/\/api.w.org\/{rel}","templated":true}]}}