{"id":83084,"date":"2025-11-26T15:35:20","date_gmt":"2025-11-26T14:35:20","guid":{"rendered":"https:\/\/www.bojungle.eu\/?post_type=product&#038;p=83084"},"modified":"2026-01-14T14:36:35","modified_gmt":"2026-01-14T13:36:35","slug":"truskawka-do-gryzaka-wodnego-2-czesci","status":"publish","type":"product","link":"https:\/\/www.bojungle.eu\/pl\/produkt\/truskawka-do-gryzaka-wodnego-2-czesci\/","title":{"rendered":"Truskawka do Gryzaka Wodnego 2 cz\u0119\u015bci"},"content":{"rendered":"<p>Ch\u0142odz\u0105ce kolczyki w kszta\u0142cie pysznej truskawki, idealne do \u0142agodzenia dzi\u0105se\u0142 dziecka podczas z\u0105bkowania. Zabawne kolory i kszta\u0142ty stymuluj\u0105 tak\u017ce zmys\u0142y dziecka.<\/p>\n<ul>\n<li>Zestaw 2 kolorowych pier\u015bcieni w kszta\u0142cie motyla do wyrywania z\u0119b\u00f3w<\/li>\n<li>Wype\u0142nione bezpieczn\u0105, sterylizowan\u0105 wod\u0105 do ch\u0142odzenia<\/li>\n<li>Lekki i \u0142atwy w trzymaniu dla ma\u0142ych r\u0105czek<\/li>\n<li>Tekstura skrzyde\u0142 dla dodatkowego masa\u017cu dzi\u0105se\u0142<\/li>\n<li>Mo\u017cna sch\u0142odzi\u0107 w lod\u00f3wce dla dodatkowego kojenia<\/li>\n<li>Bez BPA i bezpieczne do \u017cucia<\/li>\n<\/ul>\n","protected":false},"excerpt":{"rendered":"<p>Ch\u0142odz\u0105ce kolczyki w kszta\u0142cie pysznej truskawki, idealne do \u0142agodzenia dzi\u0105se\u0142 dziecka podczas z\u0105bkowania. Zabawne kolory i kszta\u0142ty stymuluj\u0105 tak\u017ce zmys\u0142y dziecka.<\/p>\n","protected":false},"featured_media":83094,"comment_status":"closed","ping_status":"closed","template":"","meta":{"_lmt_disableupdate":"no","_lmt_disable":""},"product_brand":[],"product_cat":[491,474,613],"product_tag":[],"woo-feed-brand":[],"class_list":{"0":"post-83084","1":"product","2":"type-product","3":"status-publish","4":"has-post-thumbnail","6":"product_cat-kolorowe-zabawki","7":"product_cat-playtime-pl","8":"product_cat-zabawki-ruchowe","10":"first","11":"instock","12":"taxable","13":"shipping-taxable","14":"purchasable","15":"product-type-simple"},"_links":{"self":[{"href":"https:\/\/www.bojungle.eu\/pl\/wp-json\/wp\/v2\/product\/83084","targetHints":{"allow":["GET"]}}],"collection":[{"href":"https:\/\/www.bojungle.eu\/pl\/wp-json\/wp\/v2\/product"}],"about":[{"href":"https:\/\/www.bojungle.eu\/pl\/wp-json\/wp\/v2\/types\/product"}],"replies":[{"embeddable":true,"href":"https:\/\/www.bojungle.eu\/pl\/wp-json\/wp\/v2\/comments?post=83084"}],"version-history":[{"count":3,"href":"https:\/\/www.bojungle.eu\/pl\/wp-json\/wp\/v2\/product\/83084\/revisions"}],"predecessor-version":[{"id":83830,"href":"https:\/\/www.bojungle.eu\/pl\/wp-json\/wp\/v2\/product\/83084\/revisions\/83830"}],"wp:featuredmedia":[{"embeddable":true,"href":"https:\/\/www.bojungle.eu\/pl\/wp-json\/wp\/v2\/media\/83094"}],"wp:attachment":[{"href":"https:\/\/www.bojungle.eu\/pl\/wp-json\/wp\/v2\/media?parent=83084"}],"wp:term":[{"taxonomy":"product_brand","embeddable":true,"href":"https:\/\/www.bojungle.eu\/pl\/wp-json\/wp\/v2\/product_brand?post=83084"},{"taxonomy":"product_cat","embeddable":true,"href":"https:\/\/www.bojungle.eu\/pl\/wp-json\/wp\/v2\/product_cat?post=83084"},{"taxonomy":"product_tag","embeddable":true,"href":"https:\/\/www.bojungle.eu\/pl\/wp-json\/wp\/v2\/product_tag?post=83084"},{"taxonomy":"woo-feed-brand","embeddable":true,"href":"https:\/\/www.bojungle.eu\/pl\/wp-json\/wp\/v2\/woo-feed-brand?post=83084"}],"curies":[{"name":"wp","href":"https:\/\/api.w.org\/{rel}","templated":true}]}}