{"id":83266,"date":"2025-10-22T10:09:26","date_gmt":"2025-10-22T08:09:26","guid":{"rendered":"https:\/\/www.bojungle.eu\/product\/taca-zamrazarki-do-karmnika-owocowego\/"},"modified":"2025-12-10T14:08:17","modified_gmt":"2025-12-10T13:08:17","slug":"taca-zamrazarki-do-karmnika-owocowego","status":"publish","type":"product","link":"https:\/\/www.bojungle.eu\/pl\/produkt\/taca-zamrazarki-do-karmnika-owocowego\/","title":{"rendered":"Taca zamra\u017carki do karmnika owocowego"},"content":{"rendered":"<p data-start=\"1748\" data-end=\"2051\">Dzi\u0119ki tej wygodnej tacce zamra\u017caj\u0105cej do karmnika owoc\u00f3w, przygotowanie zdrowych mro\u017conych przysmak\u00f3w dla Twojego dziecka jest szybkie i proste. Po prostu nape\u0142nij tac\u0119 \u015bwie\u017cymi owocami, pur\u00e9 owocowym lub warzywnym, a nawet mlekiem dla niemowl\u0105t. W\u0142\u00f3\u017c go do zamra\u017carki, a wkr\u00f3tce b\u0119dziesz mie\u0107 smaczne, orze\u017awiaj\u0105ce kostki, kt\u00f3re idealnie zmie\u015bci\u0105 si\u0119 w naszych karmnikach do owoc\u00f3w.  <\/p>\n<p data-start=\"2053\" data-end=\"2341\">Te naturalne mro\u017cone przek\u0105ski s\u0105 idealne dla z\u0105bkuj\u0105cych niemowl\u0105t, \u0142agodz\u0105 obola\u0142e dzi\u0105s\u0142a i wprowadzaj\u0105 malucha w \u015bwie\u017ce, zdrowe smaki. Bez dodatku cukru, bez zb\u0119dnych komplikacji, po prostu zdrowa, domowa smakoliwo\u015b\u0107.<br data-start=\"2259\" data-end=\"2262\">Praktyczny, koj\u0105cy i zdrowy spos\u00f3b, by Twoje dziecko by\u0142o szcz\u0119\u015bliwe i od\u015bwie\u017cone. <\/p>\n","protected":false},"excerpt":{"rendered":"<p data-start=\"1466\" data-end=\"1715\">Stw\u00f3rz zdrowe, orze\u017awiaj\u0105ce przek\u0105ski dla niemowl\u0105t w mgnieniu oka dzi\u0119ki tej tacce do zamra\u017cania do karmnika owoc\u00f3w. Nape\u0142nij go owocami, puree lub mlekiem dla niemowl\u0105t, zamro\u017a i rozkoszuj si\u0119 naturalnymi kostkami, kt\u00f3re idealnie pasuj\u0105 do karmnik\u00f3w owocowych, idealnymi do \u0142agodzenia obola\u0142ych dzi\u0105se\u0142 podczas z\u0105bkowania. <\/p>\n<h3 data-start=\"1717\" data-end=\"1747\"><\/h3>\n","protected":false},"featured_media":81069,"comment_status":"open","ping_status":"closed","template":"","meta":{"_lmt_disableupdate":"","_lmt_disable":""},"product_brand":[],"product_cat":[443,444,441],"product_tag":[],"woo-feed-brand":[],"class_list":{"0":"post-83266","1":"product","2":"type-product","3":"status-publish","4":"has-post-thumbnail","6":"product_cat-gama-silikonow","7":"product_cat-przygotowanie-posilkow","8":"product_cat-zywnosc-i-napoje","10":"first","11":"instock","12":"taxable","13":"shipping-taxable","14":"purchasable","15":"product-type-simple"},"_links":{"self":[{"href":"https:\/\/www.bojungle.eu\/pl\/wp-json\/wp\/v2\/product\/83266","targetHints":{"allow":["GET"]}}],"collection":[{"href":"https:\/\/www.bojungle.eu\/pl\/wp-json\/wp\/v2\/product"}],"about":[{"href":"https:\/\/www.bojungle.eu\/pl\/wp-json\/wp\/v2\/types\/product"}],"replies":[{"embeddable":true,"href":"https:\/\/www.bojungle.eu\/pl\/wp-json\/wp\/v2\/comments?post=83266"}],"version-history":[{"count":0,"href":"https:\/\/www.bojungle.eu\/pl\/wp-json\/wp\/v2\/product\/83266\/revisions"}],"wp:featuredmedia":[{"embeddable":true,"href":"https:\/\/www.bojungle.eu\/pl\/wp-json\/wp\/v2\/media\/81069"}],"wp:attachment":[{"href":"https:\/\/www.bojungle.eu\/pl\/wp-json\/wp\/v2\/media?parent=83266"}],"wp:term":[{"taxonomy":"product_brand","embeddable":true,"href":"https:\/\/www.bojungle.eu\/pl\/wp-json\/wp\/v2\/product_brand?post=83266"},{"taxonomy":"product_cat","embeddable":true,"href":"https:\/\/www.bojungle.eu\/pl\/wp-json\/wp\/v2\/product_cat?post=83266"},{"taxonomy":"product_tag","embeddable":true,"href":"https:\/\/www.bojungle.eu\/pl\/wp-json\/wp\/v2\/product_tag?post=83266"},{"taxonomy":"woo-feed-brand","embeddable":true,"href":"https:\/\/www.bojungle.eu\/pl\/wp-json\/wp\/v2\/woo-feed-brand?post=83266"}],"curies":[{"name":"wp","href":"https:\/\/api.w.org\/{rel}","templated":true}]}}