{"id":83283,"date":"2025-10-22T11:35:24","date_gmt":"2025-10-22T09:35:24","guid":{"rendered":"https:\/\/www.bojungle.eu\/product\/jadeit-b-dose\/"},"modified":"2025-12-10T14:09:31","modified_gmt":"2025-12-10T13:09:31","slug":"jadeit-b-dose","status":"publish","type":"product","link":"https:\/\/www.bojungle.eu\/pl\/produkt\/jadeit-b-dose\/","title":{"rendered":"Jadeit B-Dose"},"content":{"rendered":"<ul>\n<li>Dozownik mleka w proszku dla niemowl\u0105t z indywidualn\u0105 wylewk\u0105 dla ka\u017cdej komory<\/li>\n<li>\u0141atwy do zabrania na wycieczki<\/li>\n<li>Zamyka si\u0119 w 100% hermetycznie<\/li>\n<li>4 oddzielne przedzia\u0142y, z kt\u00f3rych ka\u017cdy ma w\u0142asny wylew<\/li>\n<li>Mo\u017cliwo\u015b\u0107 sterylizacji<\/li>\n<li>Wie\u017cowych<\/li>\n<\/ul>\n","protected":false},"excerpt":{"rendered":"<p>Dozownik mleka w proszku dla niemowl\u0105t z indywidualn\u0105 wylewk\u0105 dla ka\u017cdej komory<\/p>\n","protected":false},"featured_media":81478,"comment_status":"closed","ping_status":"closed","template":"","meta":{"_lmt_disableupdate":"","_lmt_disable":""},"product_brand":[],"product_cat":[444,441],"product_tag":[],"woo-feed-brand":[],"class_list":{"0":"post-83283","1":"product","2":"type-product","3":"status-publish","4":"has-post-thumbnail","6":"product_cat-przygotowanie-posilkow","7":"product_cat-zywnosc-i-napoje","9":"first","10":"instock","11":"taxable","12":"shipping-taxable","13":"purchasable","14":"product-type-simple"},"_links":{"self":[{"href":"https:\/\/www.bojungle.eu\/pl\/wp-json\/wp\/v2\/product\/83283","targetHints":{"allow":["GET"]}}],"collection":[{"href":"https:\/\/www.bojungle.eu\/pl\/wp-json\/wp\/v2\/product"}],"about":[{"href":"https:\/\/www.bojungle.eu\/pl\/wp-json\/wp\/v2\/types\/product"}],"replies":[{"embeddable":true,"href":"https:\/\/www.bojungle.eu\/pl\/wp-json\/wp\/v2\/comments?post=83283"}],"version-history":[{"count":0,"href":"https:\/\/www.bojungle.eu\/pl\/wp-json\/wp\/v2\/product\/83283\/revisions"}],"wp:featuredmedia":[{"embeddable":true,"href":"https:\/\/www.bojungle.eu\/pl\/wp-json\/wp\/v2\/media\/81478"}],"wp:attachment":[{"href":"https:\/\/www.bojungle.eu\/pl\/wp-json\/wp\/v2\/media?parent=83283"}],"wp:term":[{"taxonomy":"product_brand","embeddable":true,"href":"https:\/\/www.bojungle.eu\/pl\/wp-json\/wp\/v2\/product_brand?post=83283"},{"taxonomy":"product_cat","embeddable":true,"href":"https:\/\/www.bojungle.eu\/pl\/wp-json\/wp\/v2\/product_cat?post=83283"},{"taxonomy":"product_tag","embeddable":true,"href":"https:\/\/www.bojungle.eu\/pl\/wp-json\/wp\/v2\/product_tag?post=83283"},{"taxonomy":"woo-feed-brand","embeddable":true,"href":"https:\/\/www.bojungle.eu\/pl\/wp-json\/wp\/v2\/woo-feed-brand?post=83283"}],"curies":[{"name":"wp","href":"https:\/\/api.w.org\/{rel}","templated":true}]}}