{"id":83305,"date":"2025-11-26T14:31:24","date_gmt":"2025-11-26T13:31:24","guid":{"rendered":"https:\/\/www.bojungle.eu\/product\/zestaw-zdrowia-dziecka-diuna\/"},"modified":"2025-12-10T14:11:37","modified_gmt":"2025-12-10T13:11:37","slug":"zestaw-zdrowia-dziecka-diuna","status":"publish","type":"product","link":"https:\/\/www.bojungle.eu\/pl\/produkt\/zestaw-zdrowia-dziecka-diuna\/","title":{"rendered":"Zestaw zdrowia dziecka Diuna"},"content":{"rendered":"<p>Wyje\u017cd\u017casz w podr\u00f3\u017c, czy po prostu chcesz zaoszcz\u0119dzi\u0107 miejsce w domu? Dzi\u0119ki temu klasycznemu zestawowi piel\u0119gnacji masz wszystko, czego potrzebujesz, na wyci\u0105gni\u0119cie r\u0119ki w kompaktowym formacie. Ten zestaw opieki zawiera wszystkie niezb\u0119dne rzeczy do opieki nad dzieckiem. Torba wykonana jest z wysokiej jako\u015bci tkanin i nadaje si\u0119 do prania w pralce.   <\/p>\n<ul>\n<li>Pilniki do paznokci<\/li>\n<li>Ma\u0142e no\u017cyczki<\/li>\n<li>Szczoteczka do z\u0119b\u00f3w na palce<\/li>\n<li>Grzebie\u0144<\/li>\n<li>Mi\u0119kki p\u0119dzel<\/li>\n<li>Elastyczny termometr cyfrowy<\/li>\n<li>\u017bar\u00f3wka nosowa<\/li>\n<li>Obcinacze do paznokci<\/li>\n<\/ul>\n","protected":false},"excerpt":{"rendered":"<p>Wyje\u017cd\u017casz w podr\u00f3\u017c, czy po prostu chcesz zaoszcz\u0119dzi\u0107 miejsce w domu? Dzi\u0119ki temu klasycznemu zestawowi piel\u0119gnacji masz wszystko, czego potrzebujesz, na wyci\u0105gni\u0119cie r\u0119ki w kompaktowym formacie. Ten zestaw opieki zawiera wszystkie niezb\u0119dne rzeczy do opieki nad dzieckiem. Torba wykonana jest z wysokiej jako\u015bci tkanin i nadaje si\u0119 do prania w pralce.   <\/p>\n","protected":false},"featured_media":82112,"comment_status":"closed","ping_status":"closed","template":"","meta":{"_lmt_disableupdate":"","_lmt_disable":""},"product_brand":[],"product_cat":[522,591],"product_tag":[],"woo-feed-brand":[],"class_list":{"0":"post-83305","1":"product","2":"type-product","3":"status-publish","4":"has-post-thumbnail","6":"product_cat-pielegnacja-skory","7":"product_cat-uroda-i-zdrowie-dziecka","9":"first","10":"instock","11":"featured","12":"taxable","13":"shipping-taxable","14":"purchasable","15":"product-type-simple"},"_links":{"self":[{"href":"https:\/\/www.bojungle.eu\/pl\/wp-json\/wp\/v2\/product\/83305","targetHints":{"allow":["GET"]}}],"collection":[{"href":"https:\/\/www.bojungle.eu\/pl\/wp-json\/wp\/v2\/product"}],"about":[{"href":"https:\/\/www.bojungle.eu\/pl\/wp-json\/wp\/v2\/types\/product"}],"replies":[{"embeddable":true,"href":"https:\/\/www.bojungle.eu\/pl\/wp-json\/wp\/v2\/comments?post=83305"}],"version-history":[{"count":0,"href":"https:\/\/www.bojungle.eu\/pl\/wp-json\/wp\/v2\/product\/83305\/revisions"}],"wp:featuredmedia":[{"embeddable":true,"href":"https:\/\/www.bojungle.eu\/pl\/wp-json\/wp\/v2\/media\/82112"}],"wp:attachment":[{"href":"https:\/\/www.bojungle.eu\/pl\/wp-json\/wp\/v2\/media?parent=83305"}],"wp:term":[{"taxonomy":"product_brand","embeddable":true,"href":"https:\/\/www.bojungle.eu\/pl\/wp-json\/wp\/v2\/product_brand?post=83305"},{"taxonomy":"product_cat","embeddable":true,"href":"https:\/\/www.bojungle.eu\/pl\/wp-json\/wp\/v2\/product_cat?post=83305"},{"taxonomy":"product_tag","embeddable":true,"href":"https:\/\/www.bojungle.eu\/pl\/wp-json\/wp\/v2\/product_tag?post=83305"},{"taxonomy":"woo-feed-brand","embeddable":true,"href":"https:\/\/www.bojungle.eu\/pl\/wp-json\/wp\/v2\/woo-feed-brand?post=83305"}],"curies":[{"name":"wp","href":"https:\/\/api.w.org\/{rel}","templated":true}]}}