{"id":83396,"date":"2025-10-22T12:53:38","date_gmt":"2025-10-22T10:53:38","guid":{"rendered":"https:\/\/www.bojungle.eu\/product\/wygieta-lyzka-i-widelec\/"},"modified":"2025-12-10T14:13:33","modified_gmt":"2025-12-10T13:13:33","slug":"wygieta-lyzka-i-widelec","status":"publish","type":"product","link":"https:\/\/www.bojungle.eu\/pl\/produkt\/wygieta-lyzka-i-widelec\/","title":{"rendered":"Wygi\u0119ta \u0142y\u017cka i widelec"},"content":{"rendered":"<ul>\n<li>Idealne sztu\u0107ce dla maluch\u00f3w ucz\u0105cych si\u0119 samodzielnego jedzenia<\/li>\n<li>Widelec i \u0142y\u017cka mog\u0105 by\u0107 wygi\u0119te w po\u017c\u0105danym<\/li>\n<li>kierunek, aby maluchowi \u0142atwiej by\u0142o samodzielnie je\u015b\u0107<\/li>\n<li>Widelec ma zaokr\u0105glone ko\u0144c\u00f3wki, dzi\u0119ki czemu maluchy nie mog\u0105 si\u0119 skaleczy\u0107 jedz\u0105c.<\/li>\n<li>Mo\u017cliwo\u015b\u0107 mycia w zmywarce<\/li>\n<\/ul>\n","protected":false},"excerpt":{"rendered":"<p>Idealne sztu\u0107ce dla maluch\u00f3w ucz\u0105cych si\u0119 samodzielnego jedzenia<\/p>\n","protected":false},"featured_media":81840,"comment_status":"closed","ping_status":"closed","template":"","meta":{"_lmt_disableupdate":"","_lmt_disable":""},"product_brand":[],"product_cat":[567,441],"product_tag":[],"woo-feed-brand":[],"class_list":{"0":"post-83396","1":"product","2":"type-product","3":"status-publish","4":"has-post-thumbnail","6":"product_cat-czas-na-kolacje","7":"product_cat-zywnosc-i-napoje","9":"first","10":"instock","11":"taxable","12":"shipping-taxable","13":"purchasable","14":"product-type-simple"},"_links":{"self":[{"href":"https:\/\/www.bojungle.eu\/pl\/wp-json\/wp\/v2\/product\/83396","targetHints":{"allow":["GET"]}}],"collection":[{"href":"https:\/\/www.bojungle.eu\/pl\/wp-json\/wp\/v2\/product"}],"about":[{"href":"https:\/\/www.bojungle.eu\/pl\/wp-json\/wp\/v2\/types\/product"}],"replies":[{"embeddable":true,"href":"https:\/\/www.bojungle.eu\/pl\/wp-json\/wp\/v2\/comments?post=83396"}],"version-history":[{"count":0,"href":"https:\/\/www.bojungle.eu\/pl\/wp-json\/wp\/v2\/product\/83396\/revisions"}],"wp:featuredmedia":[{"embeddable":true,"href":"https:\/\/www.bojungle.eu\/pl\/wp-json\/wp\/v2\/media\/81840"}],"wp:attachment":[{"href":"https:\/\/www.bojungle.eu\/pl\/wp-json\/wp\/v2\/media?parent=83396"}],"wp:term":[{"taxonomy":"product_brand","embeddable":true,"href":"https:\/\/www.bojungle.eu\/pl\/wp-json\/wp\/v2\/product_brand?post=83396"},{"taxonomy":"product_cat","embeddable":true,"href":"https:\/\/www.bojungle.eu\/pl\/wp-json\/wp\/v2\/product_cat?post=83396"},{"taxonomy":"product_tag","embeddable":true,"href":"https:\/\/www.bojungle.eu\/pl\/wp-json\/wp\/v2\/product_tag?post=83396"},{"taxonomy":"woo-feed-brand","embeddable":true,"href":"https:\/\/www.bojungle.eu\/pl\/wp-json\/wp\/v2\/woo-feed-brand?post=83396"}],"curies":[{"name":"wp","href":"https:\/\/api.w.org\/{rel}","templated":true}]}}